{"id":404,"date":"2025-07-30T11:52:07","date_gmt":"2025-07-30T10:52:07","guid":{"rendered":"https:\/\/www.tidytowns.ie\/prizes\/"},"modified":"2026-03-19T14:27:33","modified_gmt":"2026-03-19T14:27:33","slug":"prizes","status":"publish","type":"page","link":"https:\/\/www.tidytowns.ie\/ga\/the-competition\/prizes\/","title":{"rendered":"Duaiseanna"},"content":{"rendered":"\n<h2 class=\"wp-block-heading\">An Searmanas um Ghradaim N\u00e1isi\u00fanta Bhailte Slachtmhara SuperValu<\/h2>\n\n\n\n<p>Gach bliain, f\u00f3gra\u00edtear pr\u00edomhbhuaiteoir\u00ed chom\u00f3rtas n\u00e1isi\u00fanta Bhailte Slachtmhara SuperValu agus na Gradaim Speisialta ag searmanas bliant\u00fail Ghradaim Bhailte Slachtmhara SuperValu. De ghn\u00e1th, b\u00edonn an searmanas ar si\u00fal i Me\u00e1n F\u00f3mhair\/Deireadh F\u00f3mhair agus is \u00e9 an pr\u00edomhimeacht i bhf\u00e9ilire Chom\u00f3rtas Bhailte Slachtmhara SuperValu \u00e9 (nuashonraigh an grianghraf reatha le Grianghraf de Bhaile an Chollaigh &#8211; buaiteoir\u00ed Bhailte Slachtmhara 2024).<\/p>\n\n\n\n<figure class=\"wp-block-image size-full\"><img loading=\"lazy\" decoding=\"async\" width=\"1000\" height=\"667\" src=\"https:\/\/www.tidytowns.ie\/app\/uploads\/2026\/03\/2025_10_29-Carrick_on_Shannon-Overall-Winning-Pic-10.jpg\" alt=\"\" class=\"wp-image-27824\" srcset=\"https:\/\/www.tidytowns.ie\/app\/uploads\/2026\/03\/2025_10_29-Carrick_on_Shannon-Overall-Winning-Pic-10.jpg 1000w, https:\/\/www.tidytowns.ie\/app\/uploads\/2026\/03\/2025_10_29-Carrick_on_Shannon-Overall-Winning-Pic-10-300x200.jpg 300w, https:\/\/www.tidytowns.ie\/app\/uploads\/2026\/03\/2025_10_29-Carrick_on_Shannon-Overall-Winning-Pic-10-768x512.jpg 768w\" sizes=\"auto, (max-width: 1000px) 100vw, 1000px\" \/><\/figure>\n\n\n\n<p>Ag an searmanas, taispe\u00e1ntar na tortha\u00ed go l\u00e9ir ar sc\u00e1ile\u00e1in ar fud an ionaid, lena n-\u00e1ir\u00edtear bonn, contae, buaiteoir\u00ed r\u00e9igi\u00fanacha, buaiteoir\u00ed ghradaim speisialta agus buaiteoir\u00ed n\u00e1isi\u00fanta. (cuir grianghraf isteach). Foils\u00edtear na tortha\u00ed ar l\u00edne ansin d\u00edreach tar \u00e9is an tsearmanais agus b\u00edonn siad ar f\u00e1il tr\u00ed ch\u00f3d MF ar an l\u00e1.<\/p>\n\n\n\n<p>Ag an \u00f3c\u00e1id, bronnfar ceithre ghradam speisialta, gheobhaidh buaiteoir\u00ed na ceithre chatag\u00f3ir agus an buaiteoir forioml\u00e1n a nduaiseanna ar an st\u00e1itse. Bronann an tAire Forbartha Tuaithe agus Pobail agus Gaeltachta agus Sti\u00farth\u00f3ir Bainist\u00edochta SuperValu, \u00e1r bpr\u00edomhurraitheoir, na duaiseanna. (cuir grianghraf isteach)<\/p>\n\n\n\n<p>Tugtar cuireadh do bhaill choist\u00ed na mBailte Slachtmhara a bhuaigh duaiseanna freastal ar an searmanas bronnta duaiseanna.&nbsp;Ina theannta sin, tugtar cuireadh d\u2019urraitheoir\u00ed, d\u2019ionadaithe \u00f3 gach \u00dadar\u00e1s \u00c1iti\u00fail agus do mholt\u00f3ir\u00ed na mBailte Slachtmhara freisin. Is \u00f3c\u00e1id \u200b\u200bsh\u00f3isialta iontach \u00ed agus deis bualadh le coist\u00ed eile \u00f3 gach cearn den t\u00edr (cuir \u00edomh\u00e1 den lucht f\u00e9achana isteach).<\/p>\n\n\n\n<p>Taifeadann foireann RT\u00c9 Nationwide an \u00f3c\u00e1id, agus craoltar cl\u00e1r speisialta i ndiaidh na ngradam ag d\u00edri\u00fa ar na gr\u00fapa\u00ed a bhuaigh duaiseanna n\u00e1isi\u00fanta. (nasc chuig seinnteoir RT\u00c9?)<\/p>\n\n\n\n<p>Tar \u00e9is na ngradam, d\u00e9antar teagmh\u00e1il le gr\u00fapa\u00ed a bhuaigh duaiseanna agus \u00edoctar an t-airgead duaise. D\u00e9anann Aonad Bailte Slachtmhara na Roinne riaradh air seo.<\/p>\n\n\n\n<h2 class=\"wp-block-heading\">Searmanais Bronnta R\u00e9igi\u00fanacha<\/h2>\n\n\n\n<p>Bronntar na gradaim eile go l\u00e9ir ar ghr\u00fapa\u00ed ag searmanais bronnta r\u00e9igi\u00fanacha, a bh\u00edonn ar si\u00fal i ndiaidh an tsearmanais bronnta n\u00e1isi\u00fanta, de ghn\u00e1th go luath an bhliain d\u00e1r gcionn.<\/p>\n\n\n\n<p>Eagra\u00edonn Aonad na mBailte Slachtmhara sa Roinn na searmanais gradaim r\u00e9igi\u00fanacha seo i gcomhar leis na gr\u00fapa\u00ed a bhuaigh gradaim r\u00e9igi\u00fanacha agus SuperValu. Is \u00f3c\u00e1id\u00ed s\u00f3isialta iontacha iad freisin agus tugann siad deis do ghr\u00fapa\u00ed bualadh le ch\u00e9ile go h\u00e1iti\u00fail chun a gcuid \u00e9achta\u00ed a cheili\u00faradh.<\/p>\n\n\n\n<p>Ag na searmanais seo, bronntar na duaiseanna, na boinn agus na teastais go l\u00e9ir a fh\u00f3gra\u00edtear ag an searmanas n\u00e1isi\u00fanta.<\/p>\n\n\n\n<p>I bhformh\u00f3r na gc\u00e1sanna, b\u00edonn Aire Rialtais agus na hurraitheoir\u00ed i l\u00e1thair chun na gradaim a bhronnadh. Glacann grianghrafad\u00f3ir\u00ed grianghraif den bhronnadh, agus scaiptear na grianghraif ar na nuacht\u00e1in \u00e1iti\u00fala go l\u00e9ir agus t\u00e1 siad le feice\u00e1il in\u00e1r nuachtlitir agus ar \u00e1r gcain\u00e9al me\u00e1n s\u00f3isialta freisin.<\/p>\n\n\n\n<h2 class=\"wp-block-heading\">Cad iad na duaiseanna is f\u00e9idir le gr\u00fapa\u00ed Bailte Slachtmhara a bhuachan?<\/h2>\n\n\n\n<p>Ar an me\u00e1n, bronntar breis is 220 duais gach bliain, agus bronntar thart ar \u20ac270,000 faoin bpr\u00edomhchom\u00f3rtas. Bronntar breis is \u20ac70,000 i nduaiseanna speisialta lasmuigh den phr\u00edomhchom\u00f3rtas.<\/p>\n\n\n\n<p>Buna\u00edtear na pr\u00edomhdhuaiseanna go l\u00e9ir ar na sc\u00f3ir a bhaineann iarratas\u00f3ir\u00ed amach sa chom\u00f3rtas mar seo a leanas \u2013<\/p>\n\n\n\n<p>Duaiseanna Iarrachta don fheabhs\u00fa is m\u00f3 ag iarratas\u00f3ir i ngach contae \u00f3n mbliain roimhe sin.<\/p>\n\n\n\n<p>Duaiseanna Contae do na tr\u00ed ghr\u00fapa is fearr i ngach contae.<\/p>\n\n\n\n<p>Duaiseanna R\u00e9igi\u00fanacha don iarratas\u00f3ir leis an sc\u00f3r is airde i ngach r\u00e9igi\u00fan.<\/p>\n\n\n\n<p>Boinn \u00f3ir, airgid agus cr\u00e9-umha d\u2019iontr\u00e1laithe a bhfuil sc\u00f3ir acu laistigh de raon socraithe \u00f3 sc\u00f3r buaiteach na bliana sin.<\/p>\n\n\n\n<p>Duaiseanna Catag\u00f3ire do na hiarratas\u00f3ir\u00ed leis an sc\u00f3r is airde i gcatag\u00f3ir\u00ed Sr\u00e1idbhaile, Baile Beag, Baile M\u00f3r agus Ionad Uirbeach M\u00f3r.<\/p>\n\n\n\n<p>Duais an Bhaile is Slachtmhaire in \u00c9irinn don iarratas\u00f3ir leis an sc\u00f3r is airde sa chom\u00f3rtas ar fad.<\/p>\n\n\n\n<p>T\u00e1 codanna gradaim ar leith ann freisin d\u2019iontr\u00e1laithe Oile\u00e1in agus d\u2019iontr\u00e1laithe na Gaeltachta.<\/p>\n","protected":false},"excerpt":{"rendered":"<p>An Searmanas um Ghradaim N\u00e1isi\u00fanta Bhailte Slachtmhara SuperValu Gach bliain, f\u00f3gra\u00edtear pr\u00edomhbhuaiteoir\u00ed chom\u00f3rtas n\u00e1isi\u00fanta Bhailte Slachtmhara SuperValu agus na Gradaim Speisialta ag searmanas bliant\u00fail Ghradaim Bhailte Slachtmhara SuperValu. De ghn\u00e1th, b\u00edonn an searmanas ar si\u00fal i Me\u00e1n F\u00f3mhair\/Deireadh F\u00f3mhair agus is \u00e9 an pr\u00edomhimeacht i bhf\u00e9ilire Chom\u00f3rtas Bhailte Slachtmhara SuperValu \u00e9 (nuashonraigh an grianghraf reatha [&hellip;]<\/p>\n","protected":false},"author":2,"featured_media":0,"parent":414,"menu_order":4,"comment_status":"closed","ping_status":"closed","template":"","meta":{"_acf_changed":false,"_relevanssi_hide_post":"","_relevanssi_hide_content":"","_relevanssi_pin_for_all":"","_relevanssi_pin_keywords":"","_relevanssi_unpin_keywords":"","_relevanssi_related_keywords":"","_relevanssi_related_include_ids":"","_relevanssi_related_exclude_ids":"","_relevanssi_related_no_append":"","_relevanssi_related_not_related":"","_relevanssi_related_posts":"237,259,263,248","_relevanssi_noindex_reason":"","_uag_custom_page_level_css":"","footnotes":""},"class_list":["post-404","page","type-page","status-publish","hentry"],"acf":[],"yoast_head":"<!-- This site is optimized with the Yoast SEO plugin v27.2 - https:\/\/yoast.com\/product\/yoast-seo-wordpress\/ -->\n<title>Duaiseanna - Supervalu TidyTowns<\/title>\n<meta name=\"robots\" content=\"index, follow, max-snippet:-1, max-image-preview:large, max-video-preview:-1\" \/>\n<link rel=\"canonical\" href=\"https:\/\/tidytowns.fusio2.com\/ga\/the-competition\/prizes\/\" \/>\n<meta property=\"og:locale\" content=\"ga_IE\" \/>\n<meta property=\"og:type\" content=\"article\" \/>\n<meta property=\"og:title\" content=\"Duaiseanna - Supervalu TidyTowns\" \/>\n<meta property=\"og:description\" content=\"An Searmanas um Ghradaim N\u00e1isi\u00fanta Bhailte Slachtmhara SuperValu Gach bliain, f\u00f3gra\u00edtear pr\u00edomhbhuaiteoir\u00ed chom\u00f3rtas n\u00e1isi\u00fanta Bhailte Slachtmhara SuperValu agus na Gradaim Speisialta ag searmanas bliant\u00fail Ghradaim Bhailte Slachtmhara SuperValu. De ghn\u00e1th, b\u00edonn an searmanas ar si\u00fal i Me\u00e1n F\u00f3mhair\/Deireadh F\u00f3mhair agus is \u00e9 an pr\u00edomhimeacht i bhf\u00e9ilire Chom\u00f3rtas Bhailte Slachtmhara SuperValu \u00e9 (nuashonraigh an grianghraf reatha [&hellip;]\" \/>\n<meta property=\"og:url\" content=\"https:\/\/tidytowns.fusio2.com\/ga\/the-competition\/prizes\/\" \/>\n<meta property=\"og:site_name\" content=\"Supervalu TidyTowns\" \/>\n<meta property=\"article:modified_time\" content=\"2026-03-19T14:27:33+00:00\" \/>\n<meta property=\"og:image\" content=\"https:\/\/www.tidytowns.ie\/app\/uploads\/2026\/03\/2025_10_29-Carrick_on_Shannon-Overall-Winning-Pic-10.jpg\" \/>\n\t<meta property=\"og:image:width\" content=\"1000\" \/>\n\t<meta property=\"og:image:height\" content=\"667\" \/>\n\t<meta property=\"og:image:type\" content=\"image\/jpeg\" \/>\n<meta name=\"twitter:card\" content=\"summary_large_image\" \/>\n<meta name=\"twitter:label1\" content=\"Est. reading time\" \/>\n\t<meta name=\"twitter:data1\" content=\"3 minutes\" \/>\n<script type=\"application\/ld+json\" class=\"yoast-schema-graph\">{\"@context\":\"https:\/\/schema.org\",\"@graph\":[{\"@type\":\"WebPage\",\"@id\":\"https:\/\/tidytowns.fusio2.com\/ga\/the-competition\/prizes\/\",\"url\":\"https:\/\/tidytowns.fusio2.com\/ga\/the-competition\/prizes\/\",\"name\":\"Duaiseanna - Supervalu TidyTowns\",\"isPartOf\":{\"@id\":\"https:\/\/www.tidytowns.ie\/#website\"},\"primaryImageOfPage\":{\"@id\":\"https:\/\/tidytowns.fusio2.com\/ga\/the-competition\/prizes\/#primaryimage\"},\"image\":{\"@id\":\"https:\/\/tidytowns.fusio2.com\/ga\/the-competition\/prizes\/#primaryimage\"},\"thumbnailUrl\":\"https:\/\/www.tidytowns.ie\/app\/uploads\/2026\/03\/2025_10_29-Carrick_on_Shannon-Overall-Winning-Pic-10.jpg\",\"datePublished\":\"2025-07-30T10:52:07+00:00\",\"dateModified\":\"2026-03-19T14:27:33+00:00\",\"breadcrumb\":{\"@id\":\"https:\/\/tidytowns.fusio2.com\/ga\/the-competition\/prizes\/#breadcrumb\"},\"inLanguage\":\"ga-IE\",\"potentialAction\":[{\"@type\":\"ReadAction\",\"target\":[\"https:\/\/tidytowns.fusio2.com\/ga\/the-competition\/prizes\/\"]}]},{\"@type\":\"ImageObject\",\"inLanguage\":\"ga-IE\",\"@id\":\"https:\/\/tidytowns.fusio2.com\/ga\/the-competition\/prizes\/#primaryimage\",\"url\":\"https:\/\/www.tidytowns.ie\/app\/uploads\/2026\/03\/2025_10_29-Carrick_on_Shannon-Overall-Winning-Pic-10.jpg\",\"contentUrl\":\"https:\/\/www.tidytowns.ie\/app\/uploads\/2026\/03\/2025_10_29-Carrick_on_Shannon-Overall-Winning-Pic-10.jpg\"},{\"@type\":\"BreadcrumbList\",\"@id\":\"https:\/\/tidytowns.fusio2.com\/ga\/the-competition\/prizes\/#breadcrumb\",\"itemListElement\":[{\"@type\":\"ListItem\",\"position\":1,\"name\":\"Home\",\"item\":\"https:\/\/www.tidytowns.ie\/ga\/\"},{\"@type\":\"ListItem\",\"position\":2,\"name\":\"An Com\u00f3rtas\",\"item\":\"https:\/\/www.tidytowns.ie\/ga\/the-competition\/\"},{\"@type\":\"ListItem\",\"position\":3,\"name\":\"Duaiseanna\"}]},{\"@type\":\"WebSite\",\"@id\":\"https:\/\/www.tidytowns.ie\/#website\",\"url\":\"https:\/\/www.tidytowns.ie\/\",\"name\":\"Supervalu TidyTowns\",\"description\":\"\",\"potentialAction\":[{\"@type\":\"SearchAction\",\"target\":{\"@type\":\"EntryPoint\",\"urlTemplate\":\"https:\/\/www.tidytowns.ie\/?s={search_term_string}\"},\"query-input\":{\"@type\":\"PropertyValueSpecification\",\"valueRequired\":true,\"valueName\":\"search_term_string\"}}],\"inLanguage\":\"ga-IE\"}]}<\/script>\n<!-- \/ Yoast SEO plugin. -->","yoast_head_json":{"title":"Duaiseanna - Supervalu TidyTowns","robots":{"index":"index","follow":"follow","max-snippet":"max-snippet:-1","max-image-preview":"max-image-preview:large","max-video-preview":"max-video-preview:-1"},"canonical":"https:\/\/tidytowns.fusio2.com\/ga\/the-competition\/prizes\/","og_locale":"ga_IE","og_type":"article","og_title":"Duaiseanna - Supervalu TidyTowns","og_description":"An Searmanas um Ghradaim N\u00e1isi\u00fanta Bhailte Slachtmhara SuperValu Gach bliain, f\u00f3gra\u00edtear pr\u00edomhbhuaiteoir\u00ed chom\u00f3rtas n\u00e1isi\u00fanta Bhailte Slachtmhara SuperValu agus na Gradaim Speisialta ag searmanas bliant\u00fail Ghradaim Bhailte Slachtmhara SuperValu. De ghn\u00e1th, b\u00edonn an searmanas ar si\u00fal i Me\u00e1n F\u00f3mhair\/Deireadh F\u00f3mhair agus is \u00e9 an pr\u00edomhimeacht i bhf\u00e9ilire Chom\u00f3rtas Bhailte Slachtmhara SuperValu \u00e9 (nuashonraigh an grianghraf reatha [&hellip;]","og_url":"https:\/\/tidytowns.fusio2.com\/ga\/the-competition\/prizes\/","og_site_name":"Supervalu TidyTowns","article_modified_time":"2026-03-19T14:27:33+00:00","og_image":[{"width":1000,"height":667,"url":"https:\/\/www.tidytowns.ie\/app\/uploads\/2026\/03\/2025_10_29-Carrick_on_Shannon-Overall-Winning-Pic-10.jpg","type":"image\/jpeg"}],"twitter_card":"summary_large_image","twitter_misc":{"Est. reading time":"3 minutes"},"schema":{"@context":"https:\/\/schema.org","@graph":[{"@type":"WebPage","@id":"https:\/\/tidytowns.fusio2.com\/ga\/the-competition\/prizes\/","url":"https:\/\/tidytowns.fusio2.com\/ga\/the-competition\/prizes\/","name":"Duaiseanna - Supervalu TidyTowns","isPartOf":{"@id":"https:\/\/www.tidytowns.ie\/#website"},"primaryImageOfPage":{"@id":"https:\/\/tidytowns.fusio2.com\/ga\/the-competition\/prizes\/#primaryimage"},"image":{"@id":"https:\/\/tidytowns.fusio2.com\/ga\/the-competition\/prizes\/#primaryimage"},"thumbnailUrl":"https:\/\/www.tidytowns.ie\/app\/uploads\/2026\/03\/2025_10_29-Carrick_on_Shannon-Overall-Winning-Pic-10.jpg","datePublished":"2025-07-30T10:52:07+00:00","dateModified":"2026-03-19T14:27:33+00:00","breadcrumb":{"@id":"https:\/\/tidytowns.fusio2.com\/ga\/the-competition\/prizes\/#breadcrumb"},"inLanguage":"ga-IE","potentialAction":[{"@type":"ReadAction","target":["https:\/\/tidytowns.fusio2.com\/ga\/the-competition\/prizes\/"]}]},{"@type":"ImageObject","inLanguage":"ga-IE","@id":"https:\/\/tidytowns.fusio2.com\/ga\/the-competition\/prizes\/#primaryimage","url":"https:\/\/www.tidytowns.ie\/app\/uploads\/2026\/03\/2025_10_29-Carrick_on_Shannon-Overall-Winning-Pic-10.jpg","contentUrl":"https:\/\/www.tidytowns.ie\/app\/uploads\/2026\/03\/2025_10_29-Carrick_on_Shannon-Overall-Winning-Pic-10.jpg"},{"@type":"BreadcrumbList","@id":"https:\/\/tidytowns.fusio2.com\/ga\/the-competition\/prizes\/#breadcrumb","itemListElement":[{"@type":"ListItem","position":1,"name":"Home","item":"https:\/\/www.tidytowns.ie\/ga\/"},{"@type":"ListItem","position":2,"name":"An Com\u00f3rtas","item":"https:\/\/www.tidytowns.ie\/ga\/the-competition\/"},{"@type":"ListItem","position":3,"name":"Duaiseanna"}]},{"@type":"WebSite","@id":"https:\/\/www.tidytowns.ie\/#website","url":"https:\/\/www.tidytowns.ie\/","name":"Supervalu TidyTowns","description":"","potentialAction":[{"@type":"SearchAction","target":{"@type":"EntryPoint","urlTemplate":"https:\/\/www.tidytowns.ie\/?s={search_term_string}"},"query-input":{"@type":"PropertyValueSpecification","valueRequired":true,"valueName":"search_term_string"}}],"inLanguage":"ga-IE"}]}},"spectra_custom_meta":{"_wp_page_template":["default"],"_wpml_word_count":["706"],"_wpml_media_duplicate":["1"],"_wpml_media_featured":["1"],"_edit_lock":["1773930455:3"],"_last_translation_edit_mode":["native-editor"],"_edit_last":["3"],"_yoast_wpseo_content_score":["30"],"_yoast_wpseo_estimated-reading-time-minutes":["3"],"_oembed_74a8fa6747369b319bb7d9d912c814d8":["<iframe title=\"SuperValu TidyTowns Competition - Preparing your Submission\" width=\"500\" height=\"281\" src=\"https:\/\/www.youtube.com\/embed\/1SQmsNzFGX4?feature=oembed\" frameborder=\"0\" allow=\"accelerometer; autoplay; clipboard-write; encrypted-media; gyroscope; picture-in-picture; web-share\" referrerpolicy=\"strict-origin-when-cross-origin\" allowfullscreen><\/iframe>"],"_oembed_time_74a8fa6747369b319bb7d9d912c814d8":["1764338309"],"_oembed_41fb953ed1c18b3780ee193a8de30f80":["<iframe title=\"TidyTowns Adjudicator recruitment\" width=\"500\" height=\"281\" src=\"https:\/\/www.youtube.com\/embed\/yJF8v3KdOt4?feature=oembed\" frameborder=\"0\" allow=\"accelerometer; autoplay; clipboard-write; encrypted-media; gyroscope; picture-in-picture; web-share\" referrerpolicy=\"strict-origin-when-cross-origin\" allowfullscreen><\/iframe>"],"_oembed_time_41fb953ed1c18b3780ee193a8de30f80":["1767611620"],"_oembed_b5a2b7401b53a62fce0c2575347c8926":["<iframe title=\"Sustainability Doing More With Less Category\" width=\"500\" height=\"281\" src=\"https:\/\/www.youtube.com\/embed\/eJzMamiTcUs?feature=oembed\" frameborder=\"0\" allow=\"accelerometer; autoplay; clipboard-write; encrypted-media; gyroscope; picture-in-picture; web-share\" referrerpolicy=\"strict-origin-when-cross-origin\" allowfullscreen><\/iframe>"],"_oembed_time_b5a2b7401b53a62fce0c2575347c8926":["1770446736"],"_oembed_8e089ebf341f0c3d93ae7c80742d554a":["<iframe title=\"TidyTowns and the Sustainability Development Goals\" width=\"500\" height=\"281\" src=\"https:\/\/www.youtube.com\/embed\/-gU-pKQW0-U?feature=oembed\" frameborder=\"0\" allow=\"accelerometer; autoplay; clipboard-write; encrypted-media; gyroscope; picture-in-picture; web-share\" referrerpolicy=\"strict-origin-when-cross-origin\" allowfullscreen><\/iframe>"],"_oembed_time_8e089ebf341f0c3d93ae7c80742d554a":["1770446736"],"_relevanssi_related_posts":["237,259,263,248"]},"uagb_featured_image_src":{"full":false,"thumbnail":false,"medium":false,"medium_large":false,"large":false,"1536x1536":false,"2048x2048":false},"uagb_author_info":{"display_name":"Jose","author_link":"https:\/\/www.tidytowns.ie\/ga\/author\/jose\/"},"uagb_comment_info":0,"uagb_excerpt":"An Searmanas um Ghradaim N\u00e1isi\u00fanta Bhailte Slachtmhara SuperValu Gach bliain, f\u00f3gra\u00edtear pr\u00edomhbhuaiteoir\u00ed chom\u00f3rtas n\u00e1isi\u00fanta Bhailte Slachtmhara SuperValu agus na Gradaim Speisialta ag searmanas bliant\u00fail Ghradaim Bhailte Slachtmhara SuperValu. De ghn\u00e1th, b\u00edonn an searmanas ar si\u00fal i Me\u00e1n F\u00f3mhair\/Deireadh F\u00f3mhair agus is \u00e9 an pr\u00edomhimeacht i bhf\u00e9ilire Chom\u00f3rtas Bhailte Slachtmhara SuperValu \u00e9 (nuashonraigh an grianghraf reatha&hellip;","_links":{"self":[{"href":"https:\/\/www.tidytowns.ie\/ga\/wp-json\/wp\/v2\/pages\/404","targetHints":{"allow":["GET"]}}],"collection":[{"href":"https:\/\/www.tidytowns.ie\/ga\/wp-json\/wp\/v2\/pages"}],"about":[{"href":"https:\/\/www.tidytowns.ie\/ga\/wp-json\/wp\/v2\/types\/page"}],"author":[{"embeddable":true,"href":"https:\/\/www.tidytowns.ie\/ga\/wp-json\/wp\/v2\/users\/2"}],"replies":[{"embeddable":true,"href":"https:\/\/www.tidytowns.ie\/ga\/wp-json\/wp\/v2\/comments?post=404"}],"version-history":[{"count":3,"href":"https:\/\/www.tidytowns.ie\/ga\/wp-json\/wp\/v2\/pages\/404\/revisions"}],"predecessor-version":[{"id":27826,"href":"https:\/\/www.tidytowns.ie\/ga\/wp-json\/wp\/v2\/pages\/404\/revisions\/27826"}],"up":[{"embeddable":true,"href":"https:\/\/www.tidytowns.ie\/ga\/wp-json\/wp\/v2\/pages\/414"}],"wp:attachment":[{"href":"https:\/\/www.tidytowns.ie\/ga\/wp-json\/wp\/v2\/media?parent=404"}],"curies":[{"name":"wp","href":"https:\/\/api.w.org\/{rel}","templated":true}]}}