{"id":402,"date":"2025-07-30T11:52:46","date_gmt":"2025-07-30T10:52:46","guid":{"rendered":"https:\/\/www.tidytowns.ie\/results\/"},"modified":"2025-11-12T10:54:46","modified_gmt":"2025-11-12T10:54:46","slug":"results","status":"publish","type":"page","link":"https:\/\/www.tidytowns.ie\/ga\/the-competition\/results\/","title":{"rendered":"Tortha\u00ed"},"content":{"rendered":"\n        <style>\n        .sr-only{position:absolute;\n                width:1px;\n                height:1px;\n                margin:-1px;\n                overflow:hidden;\n                clip:rect(0,0,0,0);\n                white-space:nowrap;}\n        .wp-block-button__link {background-color: #AC6611}\n        <\/style>\n        <div class=\"reports-search-container\">\n            <div class=\"report-form-wrapper\">\n                <h2 class=\"search-form-title\">Search Reports by Year & County<\/h2>\n\n                <form action=\"https:\/\/www.tidytowns.ie\/ga\/the-competition\/results\/\" method=\"get\" id=\"report-search\">\n                    <div class=\"select-wrapper\">\n                        <label for=\"report_year\" class=\"sr-only\">Select a year<\/label>\n                        <select name=\"report_year\" id=\"report_year\">\n                            <option value=\"0\">Select a Year<\/option>\n                                                            <option value=\"2025\" >\n                                    2025                                <\/option>\n                                                            <option value=\"2024\" >\n                                    2024                                <\/option>\n                                                            <option value=\"2023\" >\n                                    2023                                <\/option>\n                                                            <option value=\"2022\" >\n                                    2022                                <\/option>\n                                                            <option value=\"2021\" >\n                                    2021                                <\/option>\n                                                            <option value=\"2019\" >\n                                    2019                                <\/option>\n                                                            <option value=\"2018\" >\n                                    2018                                <\/option>\n                                                            <option value=\"2017\" >\n                                    2017                                <\/option>\n                                                            <option value=\"2016\" >\n                                    2016                                <\/option>\n                                                            <option value=\"2015\" >\n                                    2015                                <\/option>\n                                                            <option value=\"2014\" >\n                                    2014                                <\/option>\n                                                            <option value=\"2013\" >\n                                    2013                                <\/option>\n                                                            <option value=\"2012\" >\n                                    2012                                <\/option>\n                                                            <option value=\"2011\" >\n                                    2011                                <\/option>\n                                                            <option value=\"2010\" >\n                                    2010                                <\/option>\n                                                            <option value=\"2009\" >\n                                    2009                                <\/option>\n                                                            <option value=\"2008\" >\n                                    2008                                <\/option>\n                                                            <option value=\"2007\" >\n                                    2007                                <\/option>\n                                                            <option value=\"2006\" >\n                                    2006                                <\/option>\n                                                            <option value=\"2005\" >\n                                    2005                                <\/option>\n                                                            <option value=\"2004\" >\n                                    2004                                <\/option>\n                                                            <option value=\"2003\" >\n                                    2003                                <\/option>\n                                                            <option value=\"2002\" >\n                                    2002                                <\/option>\n                                                            <option value=\"2001\" >\n                                    2001                                <\/option>\n                                                            <option value=\"2000\" >\n                                    2000                                <\/option>\n                                                            <option value=\"1999\" >\n                                    1999                                <\/option>\n                                                            <option value=\"1998\" >\n                                    1998                                <\/option>\n                                                            <option value=\"1997\" >\n                                    1997                                <\/option>\n                                                            <option value=\"1996\" >\n                                    1996                                <\/option>\n                                                    <\/select>\n                    <\/div>\n\n                    <div class=\"select-wrapper\">\n                         <label for=\"report_county\" class=\"sr-only\">Select a county<\/label>\n                        <select name=\"report_county\" id=\"report_county\">\n                            <option value=\"0\">Select a County<\/option>\n                                                            <option value=\"carlow\" >\n                                    Carlow                                <\/option>\n                                                            <option value=\"cavan\" >\n                                    Cavan                                <\/option>\n                                                            <option value=\"clare\" >\n                                    Clare                                <\/option>\n                                                            <option value=\"cork-north\" >\n                                    Cork North                                <\/option>\n                                                            <option value=\"cork-south\" >\n                                    Cork South                                <\/option>\n                                                            <option value=\"cork-west\" >\n                                    Cork West                                <\/option>\n                                                            <option value=\"donegal\" >\n                                    Donegal                                <\/option>\n                                                            <option value=\"dublin\" >\n                                    Dublin                                <\/option>\n                                                            <option value=\"galway\" >\n                                    Galway                                <\/option>\n                                                            <option value=\"kerry\" >\n                                    Kerry                                <\/option>\n                                                            <option value=\"kildare\" >\n                                    Kildare                                <\/option>\n                                                            <option value=\"kilkenny\" >\n                                    Kilkenny                                <\/option>\n                                                            <option value=\"laois\" >\n                                    Laois                                <\/option>\n                                                            <option value=\"leitrim\" >\n                                    Leitrim                                <\/option>\n                                                            <option value=\"limerick\" >\n                                    Limerick                                <\/option>\n                                                            <option value=\"longford\" >\n                                    Longford                                <\/option>\n                                                            <option value=\"louth\" >\n                                    Louth                                <\/option>\n                                                            <option value=\"mayo\" >\n                                    Mayo                                <\/option>\n                                                            <option value=\"meath\" >\n                                    Meath                                <\/option>\n                                                            <option value=\"monaghan\" >\n                                    Monaghan                                <\/option>\n                                                            <option value=\"offaly\" >\n                                    Offaly                                <\/option>\n                                                            <option value=\"roscommon\" >\n                                    Roscommon                                <\/option>\n                                                            <option value=\"sligo\" >\n                                    Sligo                                <\/option>\n                                                            <option value=\"tipperary-north\" >\n                                    Tipperary North                                <\/option>\n                                                            <option value=\"tipperary-south\" >\n                                    Tipperary South                                <\/option>\n                                                            <option value=\"waterford\" >\n                                    Waterford                                <\/option>\n                                                            <option value=\"westmeath\" >\n                                    Westmeath                                <\/option>\n                                                            <option value=\"wexford\" >\n                                    Wexford                                <\/option>\n                                                            <option value=\"wicklow\" >\n                                    Wicklow                                <\/option>\n                                                    <\/select>\n                    <\/div>\n\n                    <button type=\"submit\" class=\"wp-block-button__link\">Search<\/button>\n                <\/form>\n            <\/div>\n\n                    <\/div>\n\n        \n\n\n\n<h2 class=\"wp-block-heading\">Leabhr\u00e1in tortha\u00ed na mblianta roimhe seo<\/h2>\n\n\n\n<h3 class=\"wp-block-heading\"><a href=\"http:\/\/tidytowns.ie\/SuperValu-TidyTowns-Results-Booklet-2024.pdf\" target=\"_blank\" rel=\"noreferrer noopener\">Leabhr\u00e1n Tortha\u00ed na mBailte Slachtmhara 2024<\/a><\/h3>\n\n\n\n<h3 class=\"wp-block-heading\"><a href=\"http:\/\/tidytowns.ie\/app\/uploads\/2024\/05\/SV-TT-Results-Booklet-2023.pdf\" target=\"_blank\" rel=\"noreferrer noopener\">Leabhr\u00e1n Tortha\u00ed na mBailte Slachtmhara 2023<\/a><\/h3>\n\n\n\n<h3 class=\"wp-block-heading\"><a href=\"http:\/\/tidytowns.ie\/app\/uploads\/2024\/05\/SV-TidyTowns-Results-Booklet-2022.pdf\" target=\"_blank\" rel=\"noreferrer noopener\">Leabhr\u00e1n Tortha\u00ed na mBailte Slachtmhara 2022<\/a><\/h3>\n\n\n\n<h3 class=\"wp-block-heading\"><a href=\"http:\/\/tidytowns.ie\/SV-TidyTowns-Results-Booklet-2021.pdf\" target=\"_blank\" rel=\"noreferrer noopener\">Leabhr\u00e1n Tortha\u00ed na mBailte Slachtmhara 2021<\/a><\/h3>\n\n\n\n<h3 class=\"wp-block-heading\"><a href=\"http:\/\/tidytowns.ie\/TidyTowns_Results_Book_2019.pdf\" target=\"_blank\" rel=\"noreferrer noopener\">Leabhr\u00e1n Tortha\u00ed na mBailte Slachtmhara 2019<\/a><\/h3>\n\n\n\n<h3 class=\"wp-block-heading\"><a href=\"http:\/\/tidytowns.ie\/TidyTowns_Results_Book_2018.pdf\" target=\"_blank\" rel=\"noreferrer noopener\">Leabhr\u00e1n Tortha\u00ed na mBailte Slachtmhara 2018<\/a><\/h3>\n\n\n\n<h3 class=\"wp-block-heading\"><a href=\"https:\/\/www.tidytowns.ie\/app\/uploads\/2017\/04\/TidyTownsResultsBook2017.pdf\" target=\"_blank\" rel=\"noreferrer noopener\">Leabhr\u00e1n Tortha\u00ed na mBailte Slachtmhara 2017<\/a><\/h3>\n\n\n\n<h3 class=\"wp-block-heading\"><a href=\"https:\/\/www.tidytowns.ie\/app\/uploads\/2017\/04\/2016-TidyTowns-Results-Book.pdf\" target=\"_blank\" rel=\"noreferrer noopener\">Leabhr\u00e1n Tortha\u00ed na mBailte Slachtmhara 2016<\/a><\/h3>\n\n\n\n<h3 class=\"wp-block-heading\"><a href=\"https:\/\/www.tidytowns.ie\/app\/uploads\/2017\/04\/SuperValu-TidyTowns-Results-Book-2015.pdf\" target=\"_blank\" rel=\"noreferrer noopener\">Leabhr\u00e1n Tortha\u00ed na mBailte Slachtmhara 2015<\/a><\/h3>\n\n\n\n<h3 class=\"wp-block-heading\"><a href=\"https:\/\/www.tidytowns.ie\/app\/uploads\/2017\/04\/TidyTowns-Results-Book-2014.pdf.pdf\" target=\"_blank\" rel=\"noreferrer noopener\">Leabhr\u00e1n Tortha\u00ed na mBailte Slachtmhara 2014<\/a><\/h3>\n\n\n\n<h3 class=\"wp-block-heading\"><a href=\"https:\/\/www.tidytowns.ie\/app\/uploads\/2017\/04\/TidyTowns-Results-Book-2013.pdf.pdf\" target=\"_blank\" rel=\"noreferrer noopener\">Leabhr\u00e1n Tortha\u00ed na mBailte Slachtmhara 2013<\/a><\/h3>\n\n\n\n<h3 class=\"wp-block-heading\"><a href=\"https:\/\/www.tidytowns.ie\/app\/uploads\/2017\/04\/TT-Results-Book-2012.pdf\" target=\"_blank\" rel=\"noreferrer noopener\">Leabhr\u00e1n Tortha\u00ed na mBailte Slachtmhara 2012<\/a><\/h3>\n","protected":false},"excerpt":{"rendered":"<p>Leabhr\u00e1in tortha\u00ed na mblianta roimhe seo Leabhr\u00e1n Tortha\u00ed na mBailte Slachtmhara 2024 Leabhr\u00e1n Tortha\u00ed na mBailte Slachtmhara 2023 Leabhr\u00e1n Tortha\u00ed na mBailte Slachtmhara 2022 Leabhr\u00e1n Tortha\u00ed na mBailte Slachtmhara 2021 Leabhr\u00e1n Tortha\u00ed na mBailte Slachtmhara 2019 Leabhr\u00e1n Tortha\u00ed na mBailte Slachtmhara 2018 Leabhr\u00e1n Tortha\u00ed na mBailte Slachtmhara 2017 Leabhr\u00e1n Tortha\u00ed na mBailte Slachtmhara 2016 Leabhr\u00e1n [&hellip;]<\/p>\n","protected":false},"author":2,"featured_media":0,"parent":414,"menu_order":6,"comment_status":"closed","ping_status":"closed","template":"","meta":{"_acf_changed":false,"_relevanssi_hide_post":"","_relevanssi_hide_content":"","_relevanssi_pin_for_all":"","_relevanssi_pin_keywords":"","_relevanssi_unpin_keywords":"","_relevanssi_related_keywords":"","_relevanssi_related_include_ids":"","_relevanssi_related_exclude_ids":"","_relevanssi_related_no_append":"","_relevanssi_related_not_related":"","_relevanssi_related_posts":"","_relevanssi_noindex_reason":"","_uag_custom_page_level_css":"","footnotes":""},"class_list":["post-402","page","type-page","status-publish","hentry"],"acf":[],"yoast_head":"<!-- This site is optimized with the Yoast SEO plugin v27.2 - https:\/\/yoast.com\/product\/yoast-seo-wordpress\/ -->\n<title>Tortha\u00ed - Supervalu TidyTowns<\/title>\n<meta name=\"robots\" content=\"index, follow, max-snippet:-1, max-image-preview:large, max-video-preview:-1\" \/>\n<link rel=\"canonical\" href=\"https:\/\/www.tidytowns.ie\/ga\/the-competition\/results\/\" \/>\n<meta property=\"og:locale\" content=\"ga_IE\" \/>\n<meta property=\"og:type\" content=\"article\" \/>\n<meta property=\"og:title\" content=\"Tortha\u00ed - Supervalu TidyTowns\" \/>\n<meta property=\"og:description\" content=\"Leabhr\u00e1in tortha\u00ed na mblianta roimhe seo Leabhr\u00e1n Tortha\u00ed na mBailte Slachtmhara 2024 Leabhr\u00e1n Tortha\u00ed na mBailte Slachtmhara 2023 Leabhr\u00e1n Tortha\u00ed na mBailte Slachtmhara 2022 Leabhr\u00e1n Tortha\u00ed na mBailte Slachtmhara 2021 Leabhr\u00e1n Tortha\u00ed na mBailte Slachtmhara 2019 Leabhr\u00e1n Tortha\u00ed na mBailte Slachtmhara 2018 Leabhr\u00e1n Tortha\u00ed na mBailte Slachtmhara 2017 Leabhr\u00e1n Tortha\u00ed na mBailte Slachtmhara 2016 Leabhr\u00e1n [&hellip;]\" \/>\n<meta property=\"og:url\" content=\"https:\/\/www.tidytowns.ie\/ga\/the-competition\/results\/\" \/>\n<meta property=\"og:site_name\" content=\"Supervalu TidyTowns\" \/>\n<meta property=\"article:modified_time\" content=\"2025-11-12T10:54:46+00:00\" \/>\n<meta property=\"og:image\" content=\"https:\/\/www.tidytowns.ie\/app\/uploads\/2025\/07\/logo-main.png\" \/>\n\t<meta property=\"og:image:width\" content=\"496\" \/>\n\t<meta property=\"og:image:height\" content=\"292\" \/>\n\t<meta property=\"og:image:type\" content=\"image\/png\" \/>\n<meta name=\"twitter:card\" content=\"summary_large_image\" \/>\n<meta name=\"twitter:label1\" content=\"Est. reading time\" \/>\n\t<meta name=\"twitter:data1\" content=\"1 minute\" \/>\n<script type=\"application\/ld+json\" class=\"yoast-schema-graph\">{\"@context\":\"https:\/\/schema.org\",\"@graph\":[{\"@type\":\"WebPage\",\"@id\":\"https:\/\/www.tidytowns.ie\/ga\/the-competition\/results\/\",\"url\":\"https:\/\/www.tidytowns.ie\/ga\/the-competition\/results\/\",\"name\":\"Tortha\u00ed - Supervalu TidyTowns\",\"isPartOf\":{\"@id\":\"https:\/\/www.tidytowns.ie\/#website\"},\"datePublished\":\"2025-07-30T10:52:46+00:00\",\"dateModified\":\"2025-11-12T10:54:46+00:00\",\"breadcrumb\":{\"@id\":\"https:\/\/www.tidytowns.ie\/ga\/the-competition\/results\/#breadcrumb\"},\"inLanguage\":\"ga-IE\",\"potentialAction\":[{\"@type\":\"ReadAction\",\"target\":[\"https:\/\/www.tidytowns.ie\/ga\/the-competition\/results\/\"]}]},{\"@type\":\"BreadcrumbList\",\"@id\":\"https:\/\/www.tidytowns.ie\/ga\/the-competition\/results\/#breadcrumb\",\"itemListElement\":[{\"@type\":\"ListItem\",\"position\":1,\"name\":\"Home\",\"item\":\"https:\/\/www.tidytowns.ie\/ga\/\"},{\"@type\":\"ListItem\",\"position\":2,\"name\":\"An Com\u00f3rtas\",\"item\":\"https:\/\/www.tidytowns.ie\/ga\/the-competition\/\"},{\"@type\":\"ListItem\",\"position\":3,\"name\":\"Tortha\u00ed\"}]},{\"@type\":\"WebSite\",\"@id\":\"https:\/\/www.tidytowns.ie\/#website\",\"url\":\"https:\/\/www.tidytowns.ie\/\",\"name\":\"Supervalu TidyTowns\",\"description\":\"\",\"potentialAction\":[{\"@type\":\"SearchAction\",\"target\":{\"@type\":\"EntryPoint\",\"urlTemplate\":\"https:\/\/www.tidytowns.ie\/?s={search_term_string}\"},\"query-input\":{\"@type\":\"PropertyValueSpecification\",\"valueRequired\":true,\"valueName\":\"search_term_string\"}}],\"inLanguage\":\"ga-IE\"}]}<\/script>\n<!-- \/ Yoast SEO plugin. -->","yoast_head_json":{"title":"Tortha\u00ed - Supervalu TidyTowns","robots":{"index":"index","follow":"follow","max-snippet":"max-snippet:-1","max-image-preview":"max-image-preview:large","max-video-preview":"max-video-preview:-1"},"canonical":"https:\/\/www.tidytowns.ie\/ga\/the-competition\/results\/","og_locale":"ga_IE","og_type":"article","og_title":"Tortha\u00ed - Supervalu TidyTowns","og_description":"Leabhr\u00e1in tortha\u00ed na mblianta roimhe seo Leabhr\u00e1n Tortha\u00ed na mBailte Slachtmhara 2024 Leabhr\u00e1n Tortha\u00ed na mBailte Slachtmhara 2023 Leabhr\u00e1n Tortha\u00ed na mBailte Slachtmhara 2022 Leabhr\u00e1n Tortha\u00ed na mBailte Slachtmhara 2021 Leabhr\u00e1n Tortha\u00ed na mBailte Slachtmhara 2019 Leabhr\u00e1n Tortha\u00ed na mBailte Slachtmhara 2018 Leabhr\u00e1n Tortha\u00ed na mBailte Slachtmhara 2017 Leabhr\u00e1n Tortha\u00ed na mBailte Slachtmhara 2016 Leabhr\u00e1n [&hellip;]","og_url":"https:\/\/www.tidytowns.ie\/ga\/the-competition\/results\/","og_site_name":"Supervalu TidyTowns","article_modified_time":"2025-11-12T10:54:46+00:00","og_image":[{"width":496,"height":292,"url":"https:\/\/www.tidytowns.ie\/app\/uploads\/2025\/07\/logo-main.png","type":"image\/png"}],"twitter_card":"summary_large_image","twitter_misc":{"Est. reading time":"1 minute"},"schema":{"@context":"https:\/\/schema.org","@graph":[{"@type":"WebPage","@id":"https:\/\/www.tidytowns.ie\/ga\/the-competition\/results\/","url":"https:\/\/www.tidytowns.ie\/ga\/the-competition\/results\/","name":"Tortha\u00ed - Supervalu TidyTowns","isPartOf":{"@id":"https:\/\/www.tidytowns.ie\/#website"},"datePublished":"2025-07-30T10:52:46+00:00","dateModified":"2025-11-12T10:54:46+00:00","breadcrumb":{"@id":"https:\/\/www.tidytowns.ie\/ga\/the-competition\/results\/#breadcrumb"},"inLanguage":"ga-IE","potentialAction":[{"@type":"ReadAction","target":["https:\/\/www.tidytowns.ie\/ga\/the-competition\/results\/"]}]},{"@type":"BreadcrumbList","@id":"https:\/\/www.tidytowns.ie\/ga\/the-competition\/results\/#breadcrumb","itemListElement":[{"@type":"ListItem","position":1,"name":"Home","item":"https:\/\/www.tidytowns.ie\/ga\/"},{"@type":"ListItem","position":2,"name":"An Com\u00f3rtas","item":"https:\/\/www.tidytowns.ie\/ga\/the-competition\/"},{"@type":"ListItem","position":3,"name":"Tortha\u00ed"}]},{"@type":"WebSite","@id":"https:\/\/www.tidytowns.ie\/#website","url":"https:\/\/www.tidytowns.ie\/","name":"Supervalu TidyTowns","description":"","potentialAction":[{"@type":"SearchAction","target":{"@type":"EntryPoint","urlTemplate":"https:\/\/www.tidytowns.ie\/?s={search_term_string}"},"query-input":{"@type":"PropertyValueSpecification","valueRequired":true,"valueName":"search_term_string"}}],"inLanguage":"ga-IE"}]}},"spectra_custom_meta":{"_wp_page_template":["default"],"_wpml_word_count":["98"],"_wpml_media_duplicate":["1"],"_wpml_media_featured":["1"],"_edit_lock":["1762944889:3"],"_last_translation_edit_mode":["native-editor"],"_edit_last":["3"],"_yoast_wpseo_content_score":["90"],"_yoast_wpseo_estimated-reading-time-minutes":["1"],"_oembed_41fb953ed1c18b3780ee193a8de30f80":["<iframe title=\"TidyTowns Adjudicator recruitment\" width=\"500\" height=\"281\" src=\"https:\/\/www.youtube.com\/embed\/yJF8v3KdOt4?feature=oembed\" frameborder=\"0\" allow=\"accelerometer; autoplay; clipboard-write; encrypted-media; gyroscope; picture-in-picture; web-share\" referrerpolicy=\"strict-origin-when-cross-origin\" allowfullscreen><\/iframe>"],"_oembed_time_41fb953ed1c18b3780ee193a8de30f80":["1764425531"],"_oembed_74a8fa6747369b319bb7d9d912c814d8":["<iframe title=\"SuperValu TidyTowns Competition - Preparing your Submission\" width=\"500\" height=\"281\" src=\"https:\/\/www.youtube.com\/embed\/1SQmsNzFGX4?feature=oembed\" frameborder=\"0\" allow=\"accelerometer; autoplay; clipboard-write; encrypted-media; gyroscope; picture-in-picture; web-share\" referrerpolicy=\"strict-origin-when-cross-origin\" allowfullscreen><\/iframe>"],"_oembed_time_74a8fa6747369b319bb7d9d912c814d8":["1765393470"]},"uagb_featured_image_src":{"full":false,"thumbnail":false,"medium":false,"medium_large":false,"large":false,"1536x1536":false,"2048x2048":false},"uagb_author_info":{"display_name":"Jose","author_link":"https:\/\/www.tidytowns.ie\/ga\/author\/jose\/"},"uagb_comment_info":0,"uagb_excerpt":"Leabhr\u00e1in tortha\u00ed na mblianta roimhe seo Leabhr\u00e1n Tortha\u00ed na mBailte Slachtmhara 2024 Leabhr\u00e1n Tortha\u00ed na mBailte Slachtmhara 2023 Leabhr\u00e1n Tortha\u00ed na mBailte Slachtmhara 2022 Leabhr\u00e1n Tortha\u00ed na mBailte Slachtmhara 2021 Leabhr\u00e1n Tortha\u00ed na mBailte Slachtmhara 2019 Leabhr\u00e1n Tortha\u00ed na mBailte Slachtmhara 2018 Leabhr\u00e1n Tortha\u00ed na mBailte Slachtmhara 2017 Leabhr\u00e1n Tortha\u00ed na mBailte Slachtmhara 2016 Leabhr\u00e1n&hellip;","_links":{"self":[{"href":"https:\/\/www.tidytowns.ie\/ga\/wp-json\/wp\/v2\/pages\/402","targetHints":{"allow":["GET"]}}],"collection":[{"href":"https:\/\/www.tidytowns.ie\/ga\/wp-json\/wp\/v2\/pages"}],"about":[{"href":"https:\/\/www.tidytowns.ie\/ga\/wp-json\/wp\/v2\/types\/page"}],"author":[{"embeddable":true,"href":"https:\/\/www.tidytowns.ie\/ga\/wp-json\/wp\/v2\/users\/2"}],"replies":[{"embeddable":true,"href":"https:\/\/www.tidytowns.ie\/ga\/wp-json\/wp\/v2\/comments?post=402"}],"version-history":[{"count":3,"href":"https:\/\/www.tidytowns.ie\/ga\/wp-json\/wp\/v2\/pages\/402\/revisions"}],"predecessor-version":[{"id":27725,"href":"https:\/\/www.tidytowns.ie\/ga\/wp-json\/wp\/v2\/pages\/402\/revisions\/27725"}],"up":[{"embeddable":true,"href":"https:\/\/www.tidytowns.ie\/ga\/wp-json\/wp\/v2\/pages\/414"}],"wp:attachment":[{"href":"https:\/\/www.tidytowns.ie\/ga\/wp-json\/wp\/v2\/media?parent=402"}],"curies":[{"name":"wp","href":"https:\/\/api.w.org\/{rel}","templated":true}]}}