{"id":399,"date":"2025-07-30T11:55:06","date_gmt":"2025-07-30T10:55:06","guid":{"rendered":"https:\/\/www.tidytowns.ie\/handbook\/"},"modified":"2026-03-31T15:35:44","modified_gmt":"2026-03-31T14:35:44","slug":"handbook","status":"publish","type":"page","link":"https:\/\/www.tidytowns.ie\/ga\/resources\/handbook\/","title":{"rendered":"L\u00e1mhleabhar"},"content":{"rendered":"\n<p>Cuireadh t\u00fas le com\u00f3rtas Bhailte Slachtmhara SuperValu sa bhliain 1958 agus \u00f3 shin i leith is \u00e9 an tionscnamh inbhuanaithe agus comhshaoil is c\u00e1ili\u00fala in \u00c9irinn. T\u00e1 an com\u00f3rtas \u00e1 riaradh ag an Roinn Forbartha Tuaithe agus Pobail agus Gaeltachta, agus t\u00e1 s\u00e9 \u00e1 urr\u00fa ag SuperValu go br\u00f3d\u00fail \u00f3 1991 i leith.<\/p>\n\n\n\n<p>Tagann an l\u00e1mhleabhar seo, a ullmha\u00edodh le hionchur \u00f3 phain\u00e9al n\u00e1isi\u00fanta na mBailte Slachtmhara, in \u00e1it an l\u00e1mhleabhair a eis\u00edodh in 2010.<\/p>\n\n\n\n<figure class=\"wp-block-image alignright size-medium\"><img loading=\"lazy\" decoding=\"async\" width=\"212\" height=\"300\" src=\"https:\/\/preprod-www.tidytowns.ie\/app\/uploads\/2025\/10\/booklet-ga-cover-212x300.jpg\" alt=\"\" class=\"wp-image-25491\" srcset=\"https:\/\/www.tidytowns.ie\/app\/uploads\/2025\/10\/booklet-ga-cover-212x300.jpg 212w, https:\/\/www.tidytowns.ie\/app\/uploads\/2025\/10\/booklet-ga-cover.jpg 500w\" sizes=\"auto, (max-width: 212px) 100vw, 212px\" \/><\/figure>\n\n\n\n<p>Cl\u00fada\u00edtear gach catag\u00f3ir ina aonar sa leagan nua, ach moltar do ghr\u00fapa\u00ed gan cuid a l\u00e9amh ar leithligh \u00f3 na cinn eile. T\u00e1 r\u00f3l t\u00e1bhachtach ag t\u00edrdhreach\u00fa i molt\u00f3ireacht Sr\u00e1id-Dreacha agus \u00c1iteanna Poibl\u00ed, Sr\u00e1ideanna C\u00f3naithe agus Ceantair Tith\u00edochta agus B\u00f3ithre Rochtana, Sr\u00e1ideanna agus L\u00e1na\u00ed, Slachtmhaireacht agus Rial\u00fa Bruscair, agus d\u00e9anfar athbhreithni\u00fa air in go leor catag\u00f3ir\u00ed, mar sin. D\u00e1 bhr\u00ed sin, mholfaimis tagairt a dh\u00e9anamh do na catag\u00f3ir\u00ed uile beag beann ar an tionscadal n\u00f3 an tionscnamh at\u00e1 ar bun. Is f\u00e9idir na codanna \u00e9ags\u00fala a l\u00e9amh ag na naisc th\u00edos.<\/p>\n\n\n\n<p>T\u00e1 cuid ghinear\u00e1lta ann freisin ina bhfuil faisn\u00e9is at\u00e1 tairbheach do gach gr\u00fapa maidir leis na h\u00e1bhair laeth\u00fala a mb\u00edonn gr\u00fapa\u00ed ag pl\u00e9 leo, c\u00farsa\u00ed airgeadais, riarach\u00e1in srl. T\u00e1 faisn\u00e9is ann freisin chun cabhr\u00fa le gr\u00fapa\u00ed nua iad f\u00e9in a bhun\u00fa ar bhealach s\u00e1bh\u00e1ilte agus sl\u00e1n. F\u00e9ach ar an nasc th\u00edos freisin.<\/p>\n\n\n\n<p>Gabhaimid bu\u00edochas leis an bpain\u00e9al n\u00e1isi\u00fanta molt\u00f3ir\u00ed as a gcuid ionchuir agus taca\u00edochta agus na codanna \u00e9ags\u00fala \u00e1 dtioms\u00fa againn, gabhaimid bu\u00edochas freisin leis an urraitheoir, SuperValu, as a gcuid oibre dearaidh agus mar fhocal scoir, gabhaimid bu\u00edochas leis na gr\u00fapa\u00ed as a ngrianghraif a \u00fas\u00e1id ar fud an l\u00e1mhleabhair. Cuireadh isteach na h\u00edomh\u00e1nna seo do chom\u00f3rtas grianghraif Bhailte Slachtmhara SuperValu 2020.<\/p>\n\n\n\n<p>T\u00e1 s\u00fail againn go mbeidh an fhaisn\u00e9is sa l\u00e1mhleabhar tairbheach&nbsp; agus gr\u00fapa\u00ed ag ullmh\u00fa le haghaidh iontr\u00e1la don chom\u00f3rtas.<\/p>\n\n\n\n<hr class=\"wp-block-separator has-alpha-channel-opacity\"\/>\n\n\n\n<h3 class=\"wp-block-heading\">L\u00e1mhleabhar de r\u00e9ir coda<\/h3>\n\n\n\n<ul class=\"wp-block-list\">\n<li><a href=\"https:\/\/www.tidytowns.ie\/app\/uploads\/2026\/03\/2026_03_12-GA-SuperValu-TidyTowns-Competition-Categories-and-Marking-Structure.pdf\" target=\"_blank\" rel=\"noreferrer noopener\">Catag\u00f3ir\u00ed agus Strucht\u00far Marc\u00e1la Chom\u00f3rtas Bhailte Slachtmhara SuperValu<\/a><\/li>\n\n\n\n<li><a href=\"\/app\/uploads\/2025\/10\/2025_10_20-General-Information-Handbook-GA.pdf\" target=\"_blank\" rel=\"noreferrer noopener\">Eolas Ginear\u00e1lta<\/a><\/li>\n\n\n\n<li><a href=\"\/app\/uploads\/2025\/10\/3-GA-Community-Your-Planning-and-Involvement.pdf\" target=\"_blank\" rel=\"noreferrer noopener\">Pobal \u2013 Plean\u00e1il agus Rannph\u00e1irt\u00edocht<\/a><\/li>\n\n\n\n<li><a href=\"\/app\/uploads\/2025\/10\/4-Streetscape-and-Public-Places-GA.pdf\" target=\"_blank\" rel=\"noreferrer noopener\">T\u00edrdhreach Sr\u00e1ide agus \u00c1iteanna Poibl\u00ed<\/a><\/li>\n\n\n\n<li><a href=\"\/app\/uploads\/2025\/10\/5-Sustainability-Doing-more-with-less-GA.pdf\" target=\"_blank\" rel=\"noreferrer noopener\">Inbhuanaitheacht \u2013 N\u00edos m\u00f3 a dh\u00e9anamh le n\u00edos l\u00fa<\/a><\/li>\n\n\n\n<li><a href=\"\/app\/uploads\/2025\/10\/6-Tidiness-and-Litter-Control.pdf\" target=\"_blank\" rel=\"noreferrer noopener\">Slachtmhaireacht agus Cosc Bruscair<\/a><\/li>\n\n\n\n<li><a href=\"\/app\/uploads\/2025\/10\/7-Green-Spaces-and-Landscaping-GA.pdf\" target=\"_blank\" rel=\"noreferrer noopener\">Sp\u00e1sanna Glasa agus T\u00edrdhreach\u00fa<\/a><\/li>\n\n\n\n<li><a href=\"\/app\/uploads\/2025\/10\/8-Nature-and-Biodiversty-GA.pdf\" target=\"_blank\" rel=\"noreferrer noopener\">D\u00falra agus Bith\u00e9ags\u00falachta sa Cheantar \u00c1iti\u00fail<\/a><\/li>\n\n\n\n<li><a href=\"\/app\/uploads\/2025\/10\/9-Residential-Streets-and-Housing-Areas.pdf\" target=\"_blank\" rel=\"noreferrer noopener\">Sr\u00e1ideanna C\u00f3naithe agus Ceantair Tith\u00edochta<\/a><\/li>\n\n\n\n<li><a href=\"\/app\/uploads\/2025\/10\/10-Approach-Roads-Streets-and-Lanes-GA.pdf\" target=\"_blank\" rel=\"noreferrer noopener\">B\u00f3ithre Rochtana, Sr\u00e1ideanna agus L\u00e1na\u00ed<\/a><\/li>\n<\/ul>\n\n\n\n<p><\/p>\n","protected":false},"excerpt":{"rendered":"<p>Cuireadh t\u00fas le com\u00f3rtas Bhailte Slachtmhara SuperValu sa bhliain 1958 agus \u00f3 shin i leith is \u00e9 an tionscnamh inbhuanaithe agus comhshaoil is c\u00e1ili\u00fala in \u00c9irinn. T\u00e1 an com\u00f3rtas \u00e1 riaradh ag an Roinn Forbartha Tuaithe agus Pobail agus Gaeltachta, agus t\u00e1 s\u00e9 \u00e1 urr\u00fa ag SuperValu go br\u00f3d\u00fail \u00f3 1991 i leith. Tagann an [&hellip;]<\/p>\n","protected":false},"author":2,"featured_media":0,"parent":412,"menu_order":1,"comment_status":"closed","ping_status":"closed","template":"","meta":{"_acf_changed":false,"_relevanssi_hide_post":"","_relevanssi_hide_content":"","_relevanssi_pin_for_all":"","_relevanssi_pin_keywords":"","_relevanssi_unpin_keywords":"","_relevanssi_related_keywords":"","_relevanssi_related_include_ids":"","_relevanssi_related_exclude_ids":"","_relevanssi_related_no_append":"","_relevanssi_related_not_related":"","_relevanssi_related_posts":"248,237,259,263","_relevanssi_noindex_reason":"","_uag_custom_page_level_css":"","footnotes":""},"class_list":["post-399","page","type-page","status-publish","hentry"],"acf":[],"yoast_head":"<!-- This site is optimized with the Yoast SEO plugin v27.2 - https:\/\/yoast.com\/product\/yoast-seo-wordpress\/ -->\n<title>L\u00e1mhleabhar - Supervalu TidyTowns<\/title>\n<meta name=\"robots\" content=\"index, follow, max-snippet:-1, max-image-preview:large, max-video-preview:-1\" \/>\n<link rel=\"canonical\" href=\"https:\/\/www.tidytowns.ie\/ga\/resources\/handbook\/\" \/>\n<meta property=\"og:locale\" content=\"ga_IE\" \/>\n<meta property=\"og:type\" content=\"article\" \/>\n<meta property=\"og:title\" content=\"L\u00e1mhleabhar - Supervalu TidyTowns\" \/>\n<meta property=\"og:description\" content=\"Cuireadh t\u00fas le com\u00f3rtas Bhailte Slachtmhara SuperValu sa bhliain 1958 agus \u00f3 shin i leith is \u00e9 an tionscnamh inbhuanaithe agus comhshaoil is c\u00e1ili\u00fala in \u00c9irinn. T\u00e1 an com\u00f3rtas \u00e1 riaradh ag an Roinn Forbartha Tuaithe agus Pobail agus Gaeltachta, agus t\u00e1 s\u00e9 \u00e1 urr\u00fa ag SuperValu go br\u00f3d\u00fail \u00f3 1991 i leith. Tagann an [&hellip;]\" \/>\n<meta property=\"og:url\" content=\"https:\/\/www.tidytowns.ie\/ga\/resources\/handbook\/\" \/>\n<meta property=\"og:site_name\" content=\"Supervalu TidyTowns\" \/>\n<meta property=\"article:modified_time\" content=\"2026-03-31T14:35:44+00:00\" \/>\n<meta property=\"og:image\" content=\"https:\/\/www.tidytowns.ie\/app\/uploads\/2025\/10\/booklet-ga-cover.jpg\" \/>\n\t<meta property=\"og:image:width\" content=\"500\" \/>\n\t<meta property=\"og:image:height\" content=\"709\" \/>\n\t<meta property=\"og:image:type\" content=\"image\/jpeg\" \/>\n<meta name=\"twitter:card\" content=\"summary_large_image\" \/>\n<meta name=\"twitter:label1\" content=\"Est. reading time\" \/>\n\t<meta name=\"twitter:data1\" content=\"2 minutes\" \/>\n<script type=\"application\/ld+json\" class=\"yoast-schema-graph\">{\"@context\":\"https:\/\/schema.org\",\"@graph\":[{\"@type\":\"WebPage\",\"@id\":\"https:\/\/www.tidytowns.ie\/ga\/resources\/handbook\/\",\"url\":\"https:\/\/www.tidytowns.ie\/ga\/resources\/handbook\/\",\"name\":\"L\u00e1mhleabhar - Supervalu TidyTowns\",\"isPartOf\":{\"@id\":\"https:\/\/www.tidytowns.ie\/#website\"},\"primaryImageOfPage\":{\"@id\":\"https:\/\/www.tidytowns.ie\/ga\/resources\/handbook\/#primaryimage\"},\"image\":{\"@id\":\"https:\/\/www.tidytowns.ie\/ga\/resources\/handbook\/#primaryimage\"},\"thumbnailUrl\":\"https:\/\/preprod-www.tidytowns.ie\/app\/uploads\/2025\/10\/booklet-ga-cover-212x300.jpg\",\"datePublished\":\"2025-07-30T10:55:06+00:00\",\"dateModified\":\"2026-03-31T14:35:44+00:00\",\"breadcrumb\":{\"@id\":\"https:\/\/www.tidytowns.ie\/ga\/resources\/handbook\/#breadcrumb\"},\"inLanguage\":\"ga-IE\",\"potentialAction\":[{\"@type\":\"ReadAction\",\"target\":[\"https:\/\/www.tidytowns.ie\/ga\/resources\/handbook\/\"]}]},{\"@type\":\"ImageObject\",\"inLanguage\":\"ga-IE\",\"@id\":\"https:\/\/www.tidytowns.ie\/ga\/resources\/handbook\/#primaryimage\",\"url\":\"https:\/\/preprod-www.tidytowns.ie\/app\/uploads\/2025\/10\/booklet-ga-cover-212x300.jpg\",\"contentUrl\":\"https:\/\/preprod-www.tidytowns.ie\/app\/uploads\/2025\/10\/booklet-ga-cover-212x300.jpg\"},{\"@type\":\"BreadcrumbList\",\"@id\":\"https:\/\/www.tidytowns.ie\/ga\/resources\/handbook\/#breadcrumb\",\"itemListElement\":[{\"@type\":\"ListItem\",\"position\":1,\"name\":\"Home\",\"item\":\"https:\/\/www.tidytowns.ie\/ga\/\"},{\"@type\":\"ListItem\",\"position\":2,\"name\":\"Acmhainn\u00ed\",\"item\":\"https:\/\/www.tidytowns.ie\/ga\/resources\/\"},{\"@type\":\"ListItem\",\"position\":3,\"name\":\"L\u00e1mhleabhar\"}]},{\"@type\":\"WebSite\",\"@id\":\"https:\/\/www.tidytowns.ie\/#website\",\"url\":\"https:\/\/www.tidytowns.ie\/\",\"name\":\"Supervalu TidyTowns\",\"description\":\"\",\"potentialAction\":[{\"@type\":\"SearchAction\",\"target\":{\"@type\":\"EntryPoint\",\"urlTemplate\":\"https:\/\/www.tidytowns.ie\/?s={search_term_string}\"},\"query-input\":{\"@type\":\"PropertyValueSpecification\",\"valueRequired\":true,\"valueName\":\"search_term_string\"}}],\"inLanguage\":\"ga-IE\"}]}<\/script>\n<!-- \/ Yoast SEO plugin. -->","yoast_head_json":{"title":"L\u00e1mhleabhar - Supervalu TidyTowns","robots":{"index":"index","follow":"follow","max-snippet":"max-snippet:-1","max-image-preview":"max-image-preview:large","max-video-preview":"max-video-preview:-1"},"canonical":"https:\/\/www.tidytowns.ie\/ga\/resources\/handbook\/","og_locale":"ga_IE","og_type":"article","og_title":"L\u00e1mhleabhar - Supervalu TidyTowns","og_description":"Cuireadh t\u00fas le com\u00f3rtas Bhailte Slachtmhara SuperValu sa bhliain 1958 agus \u00f3 shin i leith is \u00e9 an tionscnamh inbhuanaithe agus comhshaoil is c\u00e1ili\u00fala in \u00c9irinn. T\u00e1 an com\u00f3rtas \u00e1 riaradh ag an Roinn Forbartha Tuaithe agus Pobail agus Gaeltachta, agus t\u00e1 s\u00e9 \u00e1 urr\u00fa ag SuperValu go br\u00f3d\u00fail \u00f3 1991 i leith. Tagann an [&hellip;]","og_url":"https:\/\/www.tidytowns.ie\/ga\/resources\/handbook\/","og_site_name":"Supervalu TidyTowns","article_modified_time":"2026-03-31T14:35:44+00:00","og_image":[{"width":500,"height":709,"url":"https:\/\/www.tidytowns.ie\/app\/uploads\/2025\/10\/booklet-ga-cover.jpg","type":"image\/jpeg"}],"twitter_card":"summary_large_image","twitter_misc":{"Est. reading time":"2 minutes"},"schema":{"@context":"https:\/\/schema.org","@graph":[{"@type":"WebPage","@id":"https:\/\/www.tidytowns.ie\/ga\/resources\/handbook\/","url":"https:\/\/www.tidytowns.ie\/ga\/resources\/handbook\/","name":"L\u00e1mhleabhar - Supervalu TidyTowns","isPartOf":{"@id":"https:\/\/www.tidytowns.ie\/#website"},"primaryImageOfPage":{"@id":"https:\/\/www.tidytowns.ie\/ga\/resources\/handbook\/#primaryimage"},"image":{"@id":"https:\/\/www.tidytowns.ie\/ga\/resources\/handbook\/#primaryimage"},"thumbnailUrl":"https:\/\/preprod-www.tidytowns.ie\/app\/uploads\/2025\/10\/booklet-ga-cover-212x300.jpg","datePublished":"2025-07-30T10:55:06+00:00","dateModified":"2026-03-31T14:35:44+00:00","breadcrumb":{"@id":"https:\/\/www.tidytowns.ie\/ga\/resources\/handbook\/#breadcrumb"},"inLanguage":"ga-IE","potentialAction":[{"@type":"ReadAction","target":["https:\/\/www.tidytowns.ie\/ga\/resources\/handbook\/"]}]},{"@type":"ImageObject","inLanguage":"ga-IE","@id":"https:\/\/www.tidytowns.ie\/ga\/resources\/handbook\/#primaryimage","url":"https:\/\/preprod-www.tidytowns.ie\/app\/uploads\/2025\/10\/booklet-ga-cover-212x300.jpg","contentUrl":"https:\/\/preprod-www.tidytowns.ie\/app\/uploads\/2025\/10\/booklet-ga-cover-212x300.jpg"},{"@type":"BreadcrumbList","@id":"https:\/\/www.tidytowns.ie\/ga\/resources\/handbook\/#breadcrumb","itemListElement":[{"@type":"ListItem","position":1,"name":"Home","item":"https:\/\/www.tidytowns.ie\/ga\/"},{"@type":"ListItem","position":2,"name":"Acmhainn\u00ed","item":"https:\/\/www.tidytowns.ie\/ga\/resources\/"},{"@type":"ListItem","position":3,"name":"L\u00e1mhleabhar"}]},{"@type":"WebSite","@id":"https:\/\/www.tidytowns.ie\/#website","url":"https:\/\/www.tidytowns.ie\/","name":"Supervalu TidyTowns","description":"","potentialAction":[{"@type":"SearchAction","target":{"@type":"EntryPoint","urlTemplate":"https:\/\/www.tidytowns.ie\/?s={search_term_string}"},"query-input":{"@type":"PropertyValueSpecification","valueRequired":true,"valueName":"search_term_string"}}],"inLanguage":"ga-IE"}]}},"spectra_custom_meta":{"_wp_page_template":["default"],"_wpml_word_count":["422"],"_wpml_media_duplicate":["1"],"_wpml_media_featured":["1"],"_wpml_location_migration_done":["1"],"_yoast_wpseo_content_score":["60"],"_yoast_wpseo_estimated-reading-time-minutes":["2"],"_edit_lock":["1774967872:3"],"_last_translation_edit_mode":["native-editor"],"_edit_last":["3"],"_oembed_74a8fa6747369b319bb7d9d912c814d8":["<iframe title=\"SuperValu TidyTowns Competition - Preparing your Submission\" width=\"500\" height=\"281\" src=\"https:\/\/www.youtube.com\/embed\/1SQmsNzFGX4?feature=oembed\" frameborder=\"0\" allow=\"accelerometer; autoplay; clipboard-write; encrypted-media; gyroscope; picture-in-picture; web-share\" referrerpolicy=\"strict-origin-when-cross-origin\" allowfullscreen><\/iframe>"],"_oembed_time_74a8fa6747369b319bb7d9d912c814d8":["1763691919"],"_oembed_41fb953ed1c18b3780ee193a8de30f80":["<iframe title=\"TidyTowns Adjudicator recruitment\" width=\"500\" height=\"281\" src=\"https:\/\/www.youtube.com\/embed\/yJF8v3KdOt4?feature=oembed\" frameborder=\"0\" allow=\"accelerometer; autoplay; clipboard-write; encrypted-media; gyroscope; picture-in-picture; web-share\" referrerpolicy=\"strict-origin-when-cross-origin\" allowfullscreen><\/iframe>"],"_oembed_time_41fb953ed1c18b3780ee193a8de30f80":["1764553282"],"_relevanssi_related_posts":["248,237,259,263"]},"uagb_featured_image_src":{"full":false,"thumbnail":false,"medium":false,"medium_large":false,"large":false,"1536x1536":false,"2048x2048":false},"uagb_author_info":{"display_name":"Jose","author_link":"https:\/\/www.tidytowns.ie\/ga\/author\/jose\/"},"uagb_comment_info":0,"uagb_excerpt":"Cuireadh t\u00fas le com\u00f3rtas Bhailte Slachtmhara SuperValu sa bhliain 1958 agus \u00f3 shin i leith is \u00e9 an tionscnamh inbhuanaithe agus comhshaoil is c\u00e1ili\u00fala in \u00c9irinn. T\u00e1 an com\u00f3rtas \u00e1 riaradh ag an Roinn Forbartha Tuaithe agus Pobail agus Gaeltachta, agus t\u00e1 s\u00e9 \u00e1 urr\u00fa ag SuperValu go br\u00f3d\u00fail \u00f3 1991 i leith. Tagann an&hellip;","_links":{"self":[{"href":"https:\/\/www.tidytowns.ie\/ga\/wp-json\/wp\/v2\/pages\/399","targetHints":{"allow":["GET"]}}],"collection":[{"href":"https:\/\/www.tidytowns.ie\/ga\/wp-json\/wp\/v2\/pages"}],"about":[{"href":"https:\/\/www.tidytowns.ie\/ga\/wp-json\/wp\/v2\/types\/page"}],"author":[{"embeddable":true,"href":"https:\/\/www.tidytowns.ie\/ga\/wp-json\/wp\/v2\/users\/2"}],"replies":[{"embeddable":true,"href":"https:\/\/www.tidytowns.ie\/ga\/wp-json\/wp\/v2\/comments?post=399"}],"version-history":[{"count":5,"href":"https:\/\/www.tidytowns.ie\/ga\/wp-json\/wp\/v2\/pages\/399\/revisions"}],"predecessor-version":[{"id":28032,"href":"https:\/\/www.tidytowns.ie\/ga\/wp-json\/wp\/v2\/pages\/399\/revisions\/28032"}],"up":[{"embeddable":true,"href":"https:\/\/www.tidytowns.ie\/ga\/wp-json\/wp\/v2\/pages\/412"}],"wp:attachment":[{"href":"https:\/\/www.tidytowns.ie\/ga\/wp-json\/wp\/v2\/media?parent=399"}],"curies":[{"name":"wp","href":"https:\/\/api.w.org\/{rel}","templated":true}]}}