{"id":398,"date":"2025-07-30T11:55:22","date_gmt":"2025-07-30T10:55:22","guid":{"rendered":"https:\/\/www.tidytowns.ie\/maps-graphs\/"},"modified":"2025-10-20T09:10:12","modified_gmt":"2025-10-20T08:10:12","slug":"maps-graphs","status":"publish","type":"page","link":"https:\/\/www.tidytowns.ie\/ga\/resources\/maps-graphs\/","title":{"rendered":"L\u00e9arsc\u00e1ileanna &amp; Graif"},"content":{"rendered":"\n<p class=\"wp-embed-aspect-16-9 wp-has-aspect-ratio\">Sa chuid seo t\u00e1 s\u00e9 mar aidhm againn roinnt leideanna \u00fas\u00e1ideacha a thabhairt maidir le l\u00e9arsc\u00e1il a chruth\u00fa chun cabhr\u00fa leis an molt\u00f3ir.<\/p>\n\n\n\n<p>T\u00e1 l\u00e9arsc\u00e1il mhaith bhaile n\u00f3 sr\u00e1idbhaile agus treoir t\u00e1bhachtach d\u2019Fhoirm Iarratais Bhailte Slachtmhara SuperValu. Molaimid go m\u00f3r l\u00e1mhleabhar na mBailte Slachtmhara a l\u00e9amh chomh maith le f\u00e9achaint ar an seimine\u00e1r gr\u00e9as\u00e1in maidir le cur isteach ar an gcom\u00f3rtas.&nbsp;<\/p>\n\n\n\n<figure class=\"wp-block-embed is-type-video is-provider-youtube wp-block-embed-youtube wp-embed-aspect-16-9 wp-has-aspect-ratio\"><div class=\"wp-block-embed__wrapper\">\n<iframe loading=\"lazy\" title=\"SuperValu TidyTowns Competition - Preparing your Submission\" width=\"500\" height=\"281\" src=\"https:\/\/www.youtube.com\/embed\/1SQmsNzFGX4?feature=oembed\" frameborder=\"0\" allow=\"accelerometer; autoplay; clipboard-write; encrypted-media; gyroscope; picture-in-picture; web-share\" referrerpolicy=\"strict-origin-when-cross-origin\" allowfullscreen><\/iframe>\n<\/div><\/figure>\n\n\n\n<p><a href=\"https:\/\/www.tidytowns.ie\/app\/uploads\/2020\/08\/Issue-5-of-2020.pdf\" target=\"_blank\" rel=\"noreferrer noopener\">T\u00e1 treoir in Eagr\u00e1n 05\/2020 d\u00e1r nuachtlitir freisin<\/a><\/p>\n\n\n\n<figure class=\"wp-block-image size-full\"><img loading=\"lazy\" decoding=\"async\" width=\"736\" height=\"367\" src=\"https:\/\/www.tidytowns.ie\/app\/uploads\/2025\/08\/smaple-map.jpg\" alt=\"Sample Map\" class=\"wp-image-326\" srcset=\"https:\/\/www.tidytowns.ie\/app\/uploads\/2025\/08\/smaple-map.jpg 736w, https:\/\/www.tidytowns.ie\/app\/uploads\/2025\/08\/smaple-map-300x150.jpg 300w\" sizes=\"auto, (max-width: 736px) 100vw, 736px\" \/><\/figure>\n\n\n\n<h3 class=\"wp-block-heading\">Conas a rachaidh l\u00e9arsc\u00e1il chun tairbhe do ghr\u00fapa\u00ed na mBailte Slachtmhara?<\/h3>\n\n\n\n<p>Agus l\u00e9arsc\u00e1il \u00e1 plean\u00e1il, is \u00e9 an ch\u00e9ad rud le machnamh a dh\u00e9anamh air n\u00e1 an chaoi a rachaidh s\u00e9 chun tairbhe don ghr\u00fapa. Cuid\u00edonn l\u00e9arsc\u00e1il ardchaighde\u00e1in le baill picti\u00far forioml\u00e1n a fheice\u00e1il de na tionscadail a bhfuil baint acu leo. Is f\u00e9idir le l\u00e9arsc\u00e1il cabhr\u00fa le plean\u00e1il, aird a tharraingt ar thionscadail nua, cothabh\u00e1il oibre at\u00e1 d\u00e9anta cheana f\u00e9in agus tionscadail amach anseo a d&#8217;fh\u00e9adfadh a bheith mar chuid de phlean 3-5 bliana an ghr\u00fapa, m\u00e1 t\u00e1 plean acu.<\/p>\n\n\n\n<h3 class=\"wp-block-heading\">An f\u00e9idir l\u00e9arsc\u00e1il a chur isteach a tarraing\u00edodh de l\u00e1imh?<\/h3>\n\n\n\n<p>Cinnte, glactar le l\u00e9arsc\u00e1il a tarraing\u00edodh de l\u00e1imh \u2013 ach d\u00e9an cinnte gur f\u00e9idir an l\u00e9arsc\u00e1il a l\u00e9amh go h\u00e9asca.<\/p>\n\n\n\n<h3 class=\"wp-block-heading\">C\u00e9n m\u00e9id l\u00e9arsc\u00e1ile at\u00e1 oiri\u00fanach?<\/h3>\n\n\n\n<p>Ba ch\u00f3ir go mbeadh an l\u00e9arsc\u00e1il de mh\u00e9id inbhainistithe, A4 n\u00f3 A3 agus ba ch\u00f3ir \u00ed a chur isteach mar chuid d&#8217;fhoirm iarratais n\u00f3 mar cheangalt\u00e1n ar leith leis an r\u00edomphost iarratais.<\/p>\n\n\n\n<h3 class=\"wp-block-heading\">Ar cheart treoir l\u00e9arsc\u00e1ile a chur san \u00e1ireamh?<\/h3>\n\n\n\n<p>Ba cheart, cinnte! Ar an l\u00e9arsc\u00e1il, ainmnigh na sr\u00e1ideanna agus na b\u00f3ithre go l\u00e9ir agus marc\u00e1il na pr\u00edomhfhoirgnimh phoibl\u00ed agus na sainchomhartha\u00ed.&nbsp;Ba ch\u00f3ir gach tionscadal nua a cheangal le l\u00e9arsc\u00e1il an bhaile n\u00f3 an tsr\u00e1idbhaile m.sh. N agus ba ch\u00f3ir tionscadail at\u00e1 cothabh\u00e1ilte a cheangal leis an litir C. Cinntigh go dtugtar an uimhir ch\u00e9anna do gach tionscadal ar an bhfoirm iarratais agus a thugtar ar an l\u00e9arsc\u00e1il.<\/p>\n\n\n\n<blockquote class=\"wp-block-quote is-layout-flow wp-block-quote-is-layout-flow\">\n<p>Leid: D\u2019fh\u00e9adfadh nach mbeadh an molt\u00f3ir tar \u00e9is molt\u00f3ireacht a dh\u00e9anamh ar an mbaile n\u00f3 an sr\u00e1idbhaile roimhe seo, mar sin n\u00edor cheart glacadh leis go raibh siad riamh sa bhaile\/sr\u00e1idbhaile! T\u00e1 s\u00e9 r\u00edth\u00e1bhachtach a bheith soil\u00e9ir.<\/p>\n<\/blockquote>\n\n\n\n<p>F\u00e9ach th\u00edos roinnt sampla\u00ed de l\u00e9arsc\u00e1ileanna ardchaighde\u00e1in a rinne gr\u00fapa\u00ed na mBailte Slachtmhara. Is measc\u00e1n iad seo de l\u00e9arsc\u00e1ileanna maithe a tarraing\u00edodh de l\u00e1imh chomh maith le l\u00e9arsc\u00e1ileanna digiteacha. D&#8217;fh\u00e9adfa\u00ed iad seo a \u00fas\u00e1id mar threoir chun l\u00e9arsc\u00e1il a chruth\u00fa.&nbsp;&nbsp;<\/p>\n\n\n\n<hr class=\"wp-block-separator has-alpha-channel-opacity is-style-default\"\/>\n\n\n\n<div class=\"wp-block-columns is-layout-flex wp-container-core-columns-is-layout-28f84493 wp-block-columns-is-layout-flex\">\n<div class=\"wp-block-column is-layout-flow wp-block-column-is-layout-flow\">\n<h3 class=\"wp-block-heading\">L\u00e9arsc\u00e1ileanna Samplacha<\/h3>\n\n\n\n<ul class=\"wp-block-list\">\n<li><a href=\"https:\/\/www.tidytowns.ie\/app\/uploads\/2025\/08\/BTT-2019-Map.pdf\" target=\"_blank\" rel=\"noreferrer noopener\">Br\u00e9 2019<\/a><\/li>\n\n\n\n<li><a href=\"https:\/\/www.tidytowns.ie\/app\/uploads\/2025\/08\/Kilmurry-2019.pdf\" target=\"_blank\" rel=\"noreferrer noopener\">Cill Mhuire 2019<\/a><\/li>\n\n\n\n<li><a href=\"https:\/\/www.tidytowns.ie\/app\/uploads\/2025\/08\/Cappamore-2019.pdf\" target=\"_blank\" rel=\"noreferrer noopener\">An Cheapach Mh\u00f3r 2019<\/a><\/li>\n\n\n\n<li><a href=\"https:\/\/www.tidytowns.ie\/app\/uploads\/2021\/05\/Spanish-Point-2019-scaled.jpg\" target=\"_blank\" rel=\"noreferrer noopener\">Rinn na Sp\u00e1inneach 2019<\/a><\/li>\n\n\n\n<li><a href=\"https:\/\/www.tidytowns.ie\/app\/uploads\/2021\/05\/Ennistymon-2019-scaled.jpeg\" target=\"_blank\" rel=\"noreferrer noopener\">Inis D\u00edom\u00e1in 2019<\/a><\/li>\n<\/ul>\n<\/div>\n\n\n\n<div class=\"wp-block-column is-layout-flow wp-block-column-is-layout-flow\">\n<h3 class=\"wp-block-heading\">Grafph\u00e1ip\u00e9ar<\/h3>\n\n\n\n<ul class=\"wp-block-list\">\n<li><a href=\"https:\/\/www.tidytowns.ie\/app\/uploads\/2025\/08\/Map-Graph-Template-A4.pdf\" target=\"_blank\" rel=\"noreferrer noopener\">Teimpl\u00e9ad Graif L\u00e9arsc\u00e1ile A4<\/a><\/li>\n\n\n\n<li><a href=\"https:\/\/www.tidytowns.ie\/app\/uploads\/2025\/08\/Map-Graph-Template-A3.pdf\" target=\"_blank\" rel=\"noreferrer noopener\">Teimpl\u00e9ad Graif L\u00e9arsc\u00e1ile A3<\/a><\/li>\n<\/ul>\n<\/div>\n<\/div>\n\n\n\n<p><\/p>\n","protected":false},"excerpt":{"rendered":"<p>Sa chuid seo t\u00e1 s\u00e9 mar aidhm againn roinnt leideanna \u00fas\u00e1ideacha a thabhairt maidir le l\u00e9arsc\u00e1il a chruth\u00fa chun cabhr\u00fa leis an molt\u00f3ir. T\u00e1 l\u00e9arsc\u00e1il mhaith bhaile n\u00f3 sr\u00e1idbhaile agus treoir t\u00e1bhachtach d\u2019Fhoirm Iarratais Bhailte Slachtmhara SuperValu. Molaimid go m\u00f3r l\u00e1mhleabhar na mBailte Slachtmhara a l\u00e9amh chomh maith le f\u00e9achaint ar an seimine\u00e1r gr\u00e9as\u00e1in maidir [&hellip;]<\/p>\n","protected":false},"author":2,"featured_media":0,"parent":412,"menu_order":2,"comment_status":"closed","ping_status":"closed","template":"","meta":{"_acf_changed":false,"_relevanssi_hide_post":"","_relevanssi_hide_content":"","_relevanssi_pin_for_all":"","_relevanssi_pin_keywords":"","_relevanssi_unpin_keywords":"","_relevanssi_related_keywords":"","_relevanssi_related_include_ids":"","_relevanssi_related_exclude_ids":"","_relevanssi_related_no_append":"","_relevanssi_related_not_related":"","_relevanssi_related_posts":"","_relevanssi_noindex_reason":"","_uag_custom_page_level_css":"","footnotes":""},"class_list":["post-398","page","type-page","status-publish","hentry"],"acf":[],"yoast_head":"<!-- This site is optimized with the Yoast SEO plugin v27.2 - https:\/\/yoast.com\/product\/yoast-seo-wordpress\/ -->\n<title>L\u00e9arsc\u00e1ileanna &amp; Graif - Supervalu TidyTowns<\/title>\n<meta name=\"robots\" content=\"index, follow, max-snippet:-1, max-image-preview:large, max-video-preview:-1\" \/>\n<link rel=\"canonical\" href=\"https:\/\/www.tidytowns.ie\/ga\/resources\/maps-graphs\/\" \/>\n<meta property=\"og:locale\" content=\"ga_IE\" \/>\n<meta property=\"og:type\" content=\"article\" \/>\n<meta property=\"og:title\" content=\"L\u00e9arsc\u00e1ileanna &amp; Graif - Supervalu TidyTowns\" \/>\n<meta property=\"og:description\" content=\"Sa chuid seo t\u00e1 s\u00e9 mar aidhm againn roinnt leideanna \u00fas\u00e1ideacha a thabhairt maidir le l\u00e9arsc\u00e1il a chruth\u00fa chun cabhr\u00fa leis an molt\u00f3ir. T\u00e1 l\u00e9arsc\u00e1il mhaith bhaile n\u00f3 sr\u00e1idbhaile agus treoir t\u00e1bhachtach d\u2019Fhoirm Iarratais Bhailte Slachtmhara SuperValu. Molaimid go m\u00f3r l\u00e1mhleabhar na mBailte Slachtmhara a l\u00e9amh chomh maith le f\u00e9achaint ar an seimine\u00e1r gr\u00e9as\u00e1in maidir [&hellip;]\" \/>\n<meta property=\"og:url\" content=\"https:\/\/www.tidytowns.ie\/ga\/resources\/maps-graphs\/\" \/>\n<meta property=\"og:site_name\" content=\"Supervalu TidyTowns\" \/>\n<meta property=\"article:modified_time\" content=\"2025-10-20T08:10:12+00:00\" \/>\n<meta property=\"og:image\" content=\"https:\/\/www.tidytowns.ie\/app\/uploads\/2025\/08\/smaple-map.jpg\" \/>\n\t<meta property=\"og:image:width\" content=\"736\" \/>\n\t<meta property=\"og:image:height\" content=\"367\" \/>\n\t<meta property=\"og:image:type\" content=\"image\/jpeg\" \/>\n<meta name=\"twitter:card\" content=\"summary_large_image\" \/>\n<meta name=\"twitter:label1\" content=\"Est. reading time\" \/>\n\t<meta name=\"twitter:data1\" content=\"2 minutes\" \/>\n<script type=\"application\/ld+json\" class=\"yoast-schema-graph\">{\"@context\":\"https:\/\/schema.org\",\"@graph\":[{\"@type\":\"WebPage\",\"@id\":\"https:\/\/www.tidytowns.ie\/ga\/resources\/maps-graphs\/\",\"url\":\"https:\/\/www.tidytowns.ie\/ga\/resources\/maps-graphs\/\",\"name\":\"L\u00e9arsc\u00e1ileanna &amp; Graif - Supervalu TidyTowns\",\"isPartOf\":{\"@id\":\"https:\/\/www.tidytowns.ie\/#website\"},\"primaryImageOfPage\":{\"@id\":\"https:\/\/www.tidytowns.ie\/ga\/resources\/maps-graphs\/#primaryimage\"},\"image\":{\"@id\":\"https:\/\/www.tidytowns.ie\/ga\/resources\/maps-graphs\/#primaryimage\"},\"thumbnailUrl\":\"https:\/\/www.tidytowns.ie\/app\/uploads\/2025\/08\/smaple-map.jpg\",\"datePublished\":\"2025-07-30T10:55:22+00:00\",\"dateModified\":\"2025-10-20T08:10:12+00:00\",\"breadcrumb\":{\"@id\":\"https:\/\/www.tidytowns.ie\/ga\/resources\/maps-graphs\/#breadcrumb\"},\"inLanguage\":\"ga-IE\",\"potentialAction\":[{\"@type\":\"ReadAction\",\"target\":[\"https:\/\/www.tidytowns.ie\/ga\/resources\/maps-graphs\/\"]}]},{\"@type\":\"ImageObject\",\"inLanguage\":\"ga-IE\",\"@id\":\"https:\/\/www.tidytowns.ie\/ga\/resources\/maps-graphs\/#primaryimage\",\"url\":\"https:\/\/www.tidytowns.ie\/app\/uploads\/2025\/08\/smaple-map.jpg\",\"contentUrl\":\"https:\/\/www.tidytowns.ie\/app\/uploads\/2025\/08\/smaple-map.jpg\"},{\"@type\":\"BreadcrumbList\",\"@id\":\"https:\/\/www.tidytowns.ie\/ga\/resources\/maps-graphs\/#breadcrumb\",\"itemListElement\":[{\"@type\":\"ListItem\",\"position\":1,\"name\":\"Home\",\"item\":\"https:\/\/www.tidytowns.ie\/ga\/\"},{\"@type\":\"ListItem\",\"position\":2,\"name\":\"Acmhainn\u00ed\",\"item\":\"https:\/\/www.tidytowns.ie\/ga\/resources\/\"},{\"@type\":\"ListItem\",\"position\":3,\"name\":\"L\u00e9arsc\u00e1ileanna &amp; Graif\"}]},{\"@type\":\"WebSite\",\"@id\":\"https:\/\/www.tidytowns.ie\/#website\",\"url\":\"https:\/\/www.tidytowns.ie\/\",\"name\":\"Supervalu TidyTowns\",\"description\":\"\",\"potentialAction\":[{\"@type\":\"SearchAction\",\"target\":{\"@type\":\"EntryPoint\",\"urlTemplate\":\"https:\/\/www.tidytowns.ie\/?s={search_term_string}\"},\"query-input\":{\"@type\":\"PropertyValueSpecification\",\"valueRequired\":true,\"valueName\":\"search_term_string\"}}],\"inLanguage\":\"ga-IE\"}]}<\/script>\n<!-- \/ Yoast SEO plugin. -->","yoast_head_json":{"title":"L\u00e9arsc\u00e1ileanna &amp; Graif - Supervalu TidyTowns","robots":{"index":"index","follow":"follow","max-snippet":"max-snippet:-1","max-image-preview":"max-image-preview:large","max-video-preview":"max-video-preview:-1"},"canonical":"https:\/\/www.tidytowns.ie\/ga\/resources\/maps-graphs\/","og_locale":"ga_IE","og_type":"article","og_title":"L\u00e9arsc\u00e1ileanna &amp; Graif - Supervalu TidyTowns","og_description":"Sa chuid seo t\u00e1 s\u00e9 mar aidhm againn roinnt leideanna \u00fas\u00e1ideacha a thabhairt maidir le l\u00e9arsc\u00e1il a chruth\u00fa chun cabhr\u00fa leis an molt\u00f3ir. T\u00e1 l\u00e9arsc\u00e1il mhaith bhaile n\u00f3 sr\u00e1idbhaile agus treoir t\u00e1bhachtach d\u2019Fhoirm Iarratais Bhailte Slachtmhara SuperValu. Molaimid go m\u00f3r l\u00e1mhleabhar na mBailte Slachtmhara a l\u00e9amh chomh maith le f\u00e9achaint ar an seimine\u00e1r gr\u00e9as\u00e1in maidir [&hellip;]","og_url":"https:\/\/www.tidytowns.ie\/ga\/resources\/maps-graphs\/","og_site_name":"Supervalu TidyTowns","article_modified_time":"2025-10-20T08:10:12+00:00","og_image":[{"width":736,"height":367,"url":"https:\/\/www.tidytowns.ie\/app\/uploads\/2025\/08\/smaple-map.jpg","type":"image\/jpeg"}],"twitter_card":"summary_large_image","twitter_misc":{"Est. reading time":"2 minutes"},"schema":{"@context":"https:\/\/schema.org","@graph":[{"@type":"WebPage","@id":"https:\/\/www.tidytowns.ie\/ga\/resources\/maps-graphs\/","url":"https:\/\/www.tidytowns.ie\/ga\/resources\/maps-graphs\/","name":"L\u00e9arsc\u00e1ileanna &amp; Graif - Supervalu TidyTowns","isPartOf":{"@id":"https:\/\/www.tidytowns.ie\/#website"},"primaryImageOfPage":{"@id":"https:\/\/www.tidytowns.ie\/ga\/resources\/maps-graphs\/#primaryimage"},"image":{"@id":"https:\/\/www.tidytowns.ie\/ga\/resources\/maps-graphs\/#primaryimage"},"thumbnailUrl":"https:\/\/www.tidytowns.ie\/app\/uploads\/2025\/08\/smaple-map.jpg","datePublished":"2025-07-30T10:55:22+00:00","dateModified":"2025-10-20T08:10:12+00:00","breadcrumb":{"@id":"https:\/\/www.tidytowns.ie\/ga\/resources\/maps-graphs\/#breadcrumb"},"inLanguage":"ga-IE","potentialAction":[{"@type":"ReadAction","target":["https:\/\/www.tidytowns.ie\/ga\/resources\/maps-graphs\/"]}]},{"@type":"ImageObject","inLanguage":"ga-IE","@id":"https:\/\/www.tidytowns.ie\/ga\/resources\/maps-graphs\/#primaryimage","url":"https:\/\/www.tidytowns.ie\/app\/uploads\/2025\/08\/smaple-map.jpg","contentUrl":"https:\/\/www.tidytowns.ie\/app\/uploads\/2025\/08\/smaple-map.jpg"},{"@type":"BreadcrumbList","@id":"https:\/\/www.tidytowns.ie\/ga\/resources\/maps-graphs\/#breadcrumb","itemListElement":[{"@type":"ListItem","position":1,"name":"Home","item":"https:\/\/www.tidytowns.ie\/ga\/"},{"@type":"ListItem","position":2,"name":"Acmhainn\u00ed","item":"https:\/\/www.tidytowns.ie\/ga\/resources\/"},{"@type":"ListItem","position":3,"name":"L\u00e9arsc\u00e1ileanna &amp; Graif"}]},{"@type":"WebSite","@id":"https:\/\/www.tidytowns.ie\/#website","url":"https:\/\/www.tidytowns.ie\/","name":"Supervalu TidyTowns","description":"","potentialAction":[{"@type":"SearchAction","target":{"@type":"EntryPoint","urlTemplate":"https:\/\/www.tidytowns.ie\/?s={search_term_string}"},"query-input":{"@type":"PropertyValueSpecification","valueRequired":true,"valueName":"search_term_string"}}],"inLanguage":"ga-IE"}]}},"spectra_custom_meta":{"_wp_page_template":["default"],"_wpml_word_count":["474"],"_wpml_media_duplicate":["1"],"_wpml_media_featured":["1"],"_wpml_location_migration_done":["1"],"_yoast_wpseo_content_score":["90"],"_yoast_wpseo_estimated-reading-time-minutes":["2"],"_edit_lock":["1760947816:3"],"_last_translation_edit_mode":["native-editor"],"_edit_last":["3"],"_oembed_74a8fa6747369b319bb7d9d912c814d8":["<iframe title=\"SuperValu TidyTowns Competition - Preparing your Submission\" width=\"500\" height=\"281\" src=\"https:\/\/www.youtube.com\/embed\/1SQmsNzFGX4?feature=oembed\" frameborder=\"0\" allow=\"accelerometer; autoplay; clipboard-write; encrypted-media; gyroscope; picture-in-picture; web-share\" referrerpolicy=\"strict-origin-when-cross-origin\" allowfullscreen><\/iframe>"],"_oembed_time_74a8fa6747369b319bb7d9d912c814d8":["1759741663"],"_oembed_41fb953ed1c18b3780ee193a8de30f80":["<iframe title=\"TidyTowns Adjudicator recruitment\" width=\"500\" height=\"281\" src=\"https:\/\/www.youtube.com\/embed\/yJF8v3KdOt4?feature=oembed\" frameborder=\"0\" allow=\"accelerometer; autoplay; clipboard-write; encrypted-media; gyroscope; picture-in-picture; web-share\" referrerpolicy=\"strict-origin-when-cross-origin\" allowfullscreen><\/iframe>"],"_oembed_time_41fb953ed1c18b3780ee193a8de30f80":["1765382150"]},"uagb_featured_image_src":{"full":false,"thumbnail":false,"medium":false,"medium_large":false,"large":false,"1536x1536":false,"2048x2048":false},"uagb_author_info":{"display_name":"Jose","author_link":"https:\/\/www.tidytowns.ie\/ga\/author\/jose\/"},"uagb_comment_info":0,"uagb_excerpt":"Sa chuid seo t\u00e1 s\u00e9 mar aidhm againn roinnt leideanna \u00fas\u00e1ideacha a thabhairt maidir le l\u00e9arsc\u00e1il a chruth\u00fa chun cabhr\u00fa leis an molt\u00f3ir. T\u00e1 l\u00e9arsc\u00e1il mhaith bhaile n\u00f3 sr\u00e1idbhaile agus treoir t\u00e1bhachtach d\u2019Fhoirm Iarratais Bhailte Slachtmhara SuperValu. Molaimid go m\u00f3r l\u00e1mhleabhar na mBailte Slachtmhara a l\u00e9amh chomh maith le f\u00e9achaint ar an seimine\u00e1r gr\u00e9as\u00e1in maidir&hellip;","_links":{"self":[{"href":"https:\/\/www.tidytowns.ie\/ga\/wp-json\/wp\/v2\/pages\/398","targetHints":{"allow":["GET"]}}],"collection":[{"href":"https:\/\/www.tidytowns.ie\/ga\/wp-json\/wp\/v2\/pages"}],"about":[{"href":"https:\/\/www.tidytowns.ie\/ga\/wp-json\/wp\/v2\/types\/page"}],"author":[{"embeddable":true,"href":"https:\/\/www.tidytowns.ie\/ga\/wp-json\/wp\/v2\/users\/2"}],"replies":[{"embeddable":true,"href":"https:\/\/www.tidytowns.ie\/ga\/wp-json\/wp\/v2\/comments?post=398"}],"version-history":[{"count":5,"href":"https:\/\/www.tidytowns.ie\/ga\/wp-json\/wp\/v2\/pages\/398\/revisions"}],"predecessor-version":[{"id":25487,"href":"https:\/\/www.tidytowns.ie\/ga\/wp-json\/wp\/v2\/pages\/398\/revisions\/25487"}],"up":[{"embeddable":true,"href":"https:\/\/www.tidytowns.ie\/ga\/wp-json\/wp\/v2\/pages\/412"}],"wp:attachment":[{"href":"https:\/\/www.tidytowns.ie\/ga\/wp-json\/wp\/v2\/media?parent=398"}],"curies":[{"name":"wp","href":"https:\/\/api.w.org\/{rel}","templated":true}]}}