{"id":397,"date":"2025-07-30T11:55:39","date_gmt":"2025-07-30T10:55:39","guid":{"rendered":"https:\/\/www.tidytowns.ie\/faqs\/"},"modified":"2026-02-24T12:04:49","modified_gmt":"2026-02-24T12:04:49","slug":"faqs","status":"publish","type":"page","link":"https:\/\/www.tidytowns.ie\/ga\/resources\/faqs\/","title":{"rendered":"Ceisteanna Coitianta"},"content":{"rendered":"\n<h2 class=\"wp-block-heading\">An mbaineann Bailte Slachtmhara le \u2018slachtmharacht\u2019 amh\u00e1in?<\/h2>\n\n\n\n<p>Braitheann s\u00e9 ar c\u00e9ard go d\u00edreach is br\u00ed le slachtmharacht. M\u00e1 chialla\u00edonn slachtmhar \u2018glan\u2019 go simpl\u00ed, t\u00e1 \u200b\u200bs\u00e9 m\u00edcheart cur s\u00edos a dh\u00e9anamh ar Bhailte Slachtmhara mar rud a bhaineann le glantachas amh\u00e1in. Cialla\u00edonn slachtmhar \u2018dea-eagraithe\u2019 agus \u2018suntasach\u2019 chomh maith, ar cur s\u00edos i bhfad n\u00edos \u00e1bhartha iad. Baineann Bailte Slachtmhara go bun\u00fasach le ruda\u00ed a dh\u00e9anamh i gceart \u2013 deaphlean\u00e1il, foirgnimh agus sp\u00e1sanna poibl\u00ed dea-chothabh\u00e1ilte, t\u00edrdhreach\u00fa cu\u00ed agus meas ar \u00e1iseanna n\u00e1d\u00fartha. T\u00e1 s\u00e9 t\u00e1bhachtach freisin cuimhneamh ar bhith\u00e9ags\u00falacht, ar bh\u00f3ithre glana agus gan phl\u00f3d\u00fa agus, thar aon rud eile, ar rannph\u00e1irt\u00edocht an phobail.<\/p>\n\n\n\n<h2 class=\"wp-block-heading\">Ach ag deireadh an lae, nach com\u00f3rtas \u00e1illeachta amh\u00e1in at\u00e1 ann?<\/h2>\n\n\n\n<p>N\u00ed hea. Chun na caighde\u00e1in is airde a bhaint amach faoi chl\u00e1r na mBailte Slachtmhara, t\u00e1 g\u00e1 le tuiscint n\u00edos doimhne ar riachtanais cheantair seachas dea-chur i l\u00e1thair amh\u00e1in. T\u00e1 s\u00e9 an-t\u00e1bhachtach rannph\u00e1irt\u00edocht an phobail a chinnti\u00fa chomh maith le cur chuige strait\u00e9iseach agus c\u00f3rasach a ghlacadh i leith gach gn\u00edomha\u00edochta. D\u00e9antar r\u00e1t\u00e1il ar na gn\u00e9ithe seo chomh maith le caighde\u00e1n an chur i l\u00e1thair chun a chinnti\u00fa go mbeidh feabhsuithe fadt\u00e9armacha agus inbhuanaithe ann.<\/p>\n\n\n\n<h2 class=\"wp-block-heading\">An nd\u00e9anann TidyTowns meas\u00fan\u00fa ar an mbaile n\u00f3 ar ghn\u00edomha\u00edochta\u00ed ghr\u00fapa TidyTowns?<\/h2>\n\n\n\n<p>D\u00e9anann TidyTowns means\u00fan\u00fa ar an d\u00e1 rud. Ba \u00e9 bunsmaoineamh TidyTowns n\u00e1 spreagadh a thabhairt don iontr\u00e1la\u00ed a gceantar a fheice\u00e1il ar an mbealach a d\u2019fh\u00e9adfadh strains\u00e9ir \u00e9 a fheice\u00e1il. Ag f\u00e9achaint ar an gceantar ar bhealach eile, ba ch\u00f3ir d\u00f3ibh r\u00e9ims\u00ed fadhbanna a aithint agus r\u00e9itigh a mholadh i gcomhph\u00e1irt\u00edocht leis an bpobal agus leis na h\u00fadar\u00e1is \u00e1bhartha. Leanann an coincheap bun\u00fasach seo ar aghaidh go dt\u00ed an l\u00e1 at\u00e1 inniu ann, mar sin n\u00ed m\u00f3r ardchaighde\u00e1n fisici\u00fail a bheith ag ceantar f\u00f3s chun marcanna suntasacha a bhaint amach.<\/p>\n\n\n\n<p>Mar sin f\u00e9in, f\u00e9achtar go d\u00edreach ar ghn\u00edomha\u00edochta\u00ed an iontr\u00e1la\u00ed, amhail leibh\u00e9al rannph\u00e1irt\u00edochta pobail agus comhoibri\u00fa le comhlachta\u00ed eile, faoi chatag\u00f3ir \u2018Cur Chuige Forbartha Forioml\u00e1n\u2019. C\u00e9 go gcuirtear cur chuige strait\u00e9iseach agus plean\u00e1il san \u00e1ireamh ar fud an chuid eile den mheas\u00fan\u00fa. Sin \u00e9 an f\u00e1th a bhf\u00e9adfadh iontr\u00e1laithe nua, n\u00f3 iontr\u00e1laithe nach sol\u00e1thra\u00edonn an fhaisn\u00e9is riachtanach go l\u00e9ir, sc\u00f3r r\u00e9as\u00fanta \u00edseal a fh\u00e1il c\u00e9 go bhfuil cuma mhaith ar an gceantar. Nuair a chuirtear na strucht\u00fair agus na strait\u00e9is\u00ed cu\u00ed i bhfeidhm agus nuair a choinn\u00edtear an molt\u00f3ir ar an eolas go hioml\u00e1n i bhfoirm iontr\u00e1la gach bliana, baintear marcanna n\u00edos airde amach. T\u00e1 s\u00e9 seo riachtanach chun a chinnti\u00fa go gcabhra\u00edonn TidyTowns le feabhs\u00fa inbhuanaithe, fadt\u00e9armach a sheachadadh.<\/p>\n\n\n\n<h2 class=\"wp-block-heading\">An nglactar le hiarratais TidyTowns \u00f3 bhailte amh\u00e1in?<\/h2>\n\n\n\n<p>N\u00ed ghlactar. Is fr\u00e1sa \u00e1isi\u00fail uileghabh\u00e1lach \u00e9 \u2018baile\u2019 sa ch\u00e1s seo. \u00d3s rud \u00e9 gur tionscnamh cuimsitheach \u00e9 TidyTowns, is f\u00e9idir le ceantar beag n\u00f3 m\u00f3r p\u00e1irt a ghlacadh ann agus d\u00e9antar meas\u00fan\u00fa ar gach ceann acu faoina gcatag\u00f3ir\u00ed faoi seach. Go deimhin, is \u00e9 an t-aon srian ar iontr\u00e1il n\u00e1 nach f\u00e9idir le codanna de cheantar p\u00e1irt a ghlacadh leo f\u00e9in. N\u00ed m\u00f3r don cheantar ar fad teacht le ch\u00e9ile mar iontr\u00e1la\u00ed amh\u00e1in.<\/p>\n\n\n\n<h2 class=\"wp-block-heading\">T\u00e1 c\u00f3na\u00ed orm i mbaile fearainn ina bhfuil l\u00edon beag tithe agus ba bhre\u00e1 liom p\u00e1irt a ghlacadh, ach n\u00edl \u2018limist\u00e9ar sainithe\u2019 ann go f\u00f3ill. An f\u00e9idir liom iarratas a dh\u00e9anamh f\u00f3s?<\/h2>\n\n\n\n<p>Is f\u00e9idir. Sa ch\u00e1s go bhfuil moth\u00fa pobail idir na c\u00f3naitheoir\u00ed i mbaile fearainn n\u00edl aon bhac ar iarratas a dh\u00e9anamh ar chom\u00f3rtas na mBailte Slachtmhara. D\u00e9anta na f\u00edrinne, d\u2019fh\u00e9adfadh rannph\u00e1irt\u00edocht a bheith ina ch\u00fais le saini\u00fa n\u00edos fearr ar cheantar le himeacht ama, rud a chruth\u00f3dh ard\u00e1n l\u00e1idir chun aghaidh a thabhairt ar dh\u00fashl\u00e1in at\u00e1 roimh an bpobal go comhchoiteann. N\u00edl de dh\u00edth ach go bhfeidhmeoidh gn\u00e9 \u00e9igin den cheantar mar chro\u00edl\u00e1r chun t\u00e9agar a chur i ngn\u00edomha\u00edochta\u00ed na mBailte Slachtmhara. D\u2019fh\u00e9adfadh siopa \u00e1iti\u00fail, teach t\u00e1bhairne, crosbh\u00f3thar n\u00f3 droichead a bheith ann.<\/p>\n\n\n\n<p>Mar mhalairt air sin, m\u00e1 t\u00e1 an baile fearainn ar theorainn baile a ghlacann p\u00e1irt cheana f\u00e9in, t\u00e1 raon feidhme ann chun iarratas a dh\u00e9anamh leis an mbaile. De r\u00e9ir mar a fh\u00e9achtar ar an gceantar m\u00e1guaird i meas\u00fan\u00fa na mBailte Slachtmhara, bheadh \u200b\u200br\u00f3l ag na daoine sa bhaile fearainn chun cur go dearfach le hiarracht fhorioml\u00e1n an bhaile.<\/p>\n\n\n\n<h2 class=\"wp-block-heading\">T\u00e1 c\u00f3na\u00ed orm i gceantar uirbeach an-mh\u00f3r ina bhfuil na m\u00edlte teach ar a dtugtar an t-aon \u00e1it amh\u00e1in go ginear\u00e1lta. An dtabharfar cead do m&#8217;east\u00e1t a iarratas f\u00e9in a dh\u00e9anamh?<\/h2>\n\n\n\n<p>Seans go dtabharfar. T\u00f3gadh go leor ceantair uirbeacha mh\u00f3ra, go h\u00e1irithe iad si\u00fad a t\u00f3gadh sna 60id\u00ed, sna 70id\u00ed agus sna 80id\u00ed, gan m\u00f3r\u00e1n airde ar ch\u00e9annacht thraidisi\u00fanta na mbailte fearainn n\u00f3 na sr\u00e1idbhailte. N\u00ed chuireann sc\u00e1la na ruda\u00ed seo ar chumas daoine moth\u00fa \u00e1ite n\u00e1 pobal comhth\u00e1ite a fhorbairt go h\u00e9asca.<\/p>\n\n\n\n<p>Oibr\u00edonn TidyTowns le c\u00f3naitheoir\u00ed agus le gn\u00f3lachta\u00ed \u00e1iti\u00fala chun cabhr\u00fa leo f\u00e9ini\u00falacht a gceantair a shaini\u00fa n\u00f3 a neart\u00fa ionas gur f\u00e9idir leo taitneamh a bhaint as na bunt\u00e1ist\u00ed pobail c\u00e9anna agus at\u00e1 ag daoine at\u00e1 ina gc\u00f3na\u00ed i dtimpeallacht n\u00edos strucht\u00fartha agus n\u00edos plean\u00e1ilte. D\u00e1 bhr\u00ed sin, chead\u00f3fa\u00ed do na ceantair seo a leanas iarratas a dh\u00e9anamh ar chom\u00f3rtas TidyTowns \u2013<\/p>\n\n\n\n<p>\u2013 Ceantair stairi\u00fala at\u00e1 f\u00f3s ann mar dh\u00faich\u00ed.<\/p>\n\n\n\n<p>\u2013 Comharsanachta\u00ed nua neamhsple\u00e1cha a th\u00e1inig chun cinn le himeacht ama.<\/p>\n\n\n\n<p>\u2013 Forbairt\u00ed nua a t\u00f3gadh leis an aidhm shonrach a bheith ina gceantair neamhsple\u00e1cha.<\/p>\n\n\n\n<p>Mholfaimis i gc\u00f3na\u00ed go nd\u00e9anfadh east\u00e1t iarratas ar chom\u00f3rtas TidyTowns le haghaidh aiseolais tosaigh. Tugann s\u00e9 seo deis do bhreithneoir an c\u00e1s a mheas agus a fheice\u00e1il an bhf\u00e9adfadh an t-east\u00e1t c\u00e1ili\u00fa mar cheantar ar leith leis f\u00e9in n\u00f3 ar cheart d\u00f3 comhoibri\u00fa le heast\u00e1it eile chun comharsanacht inbhuanaithe inmharthana a th\u00f3g\u00e1il ar bhealach n\u00ed b\u2019fhearr.<\/p>\n\n\n\n<h2 class=\"wp-block-heading\">M\u00e1s com\u00f3rtas \u00e9 Bailte Slachtmhara, caithfidh go bhfuil cailli\u00fanaithe ann chomh maith le buaiteoir\u00ed?<\/h2>\n\n\n\n<p>N\u00ed chaithfidh. D\u00e1 mba chom\u00f3rtas amh\u00e1in a bheadh \u200b\u200bann, d\u2019fh\u00e9adfadh s\u00e9 sin a bheith amhlaidh, ach n\u00ed com\u00f3rtas amh\u00e1in at\u00e1 i mBailte Slachtmhara. Is cl\u00e1r taca\u00edochta \u00e9 Bailte Slachtmhara freisin ina spreagtar rannph\u00e1irtithe chun caighde\u00e1in a fheabhs\u00fa \u00f3 bhliain go bliain. Is dosheachanta go mbeidh ceantair \u00e1irithe n\u00edos faide chun tosaigh ina bhforbairt n\u00e1 a ch\u00e9ile ar ch\u00faiseanna \u00e9ags\u00fala. Mar an gc\u00e9anna, is m\u00edthuiscint ioml\u00e1n \u00e9 an t\u00e1tal gur f\u00e9idir bailte a bhfuil r\u00e1t\u00e1lacha n\u00edos \u00edsle acu n\u00e1 bailte eile a mheas go hoibiacht\u00fail mar \u2018salach\u2019 nuair a th\u00e9ann an oiread sin gn\u00e9ithe eile i bhfeidhm ar mharcanna.<\/p>\n\n\n\n<h2 class=\"wp-block-heading\">An bhfuil rialacha na mBailte Slachtmhara comhsheasmhach leis an deachleachtas i gc\u00farsa\u00ed comhshaoil? <\/h2>\n\n\n\n<p>T\u00e1. Cos\u00fail leis an gcuid is m\u00f3 de ruda\u00ed, athra\u00edonn coincheapa an dea-chleachtais le himeacht ama de r\u00e9ir mar a fhoghlaim\u00edmid n\u00edos m\u00f3 faoin domhan ina mairimid agus faoi iarmhairt\u00ed \u00e1r ngn\u00edomhartha. Mar an tionscnamh comhshaoil \u200b\u200bis faide at\u00e1 ar si\u00fal in \u00c9irinn, feiceann lucht na mBailte Slachtmhara na coincheapa seo ag athr\u00fa thar na blianta agus cuireann siad gn\u00e9ithe in oiri\u00faint d\u00e1 r\u00e9ir. Mar sin n\u00ed g\u00e1 go l\u00e9ireofa\u00ed smaointe \u00f3 20 bliain \u00f3 shin i mBailte Slachtmhara an l\u00e1 at\u00e1 inniu ann. Leanfaimid orainn ag cinnti\u00fa go bhfuil l\u00e1mhleabhar na mBailte Slachtmhara agus na foilseach\u00e1in tionlacain cothrom le d\u00e1ta maidir le smaointe reatha agus b\u00edmid i gc\u00f3na\u00ed oscailte do thuairim\u00ed contr\u00e1rtha a chuirtear chugainn a bhreithni\u00fa.<\/p>\n","protected":false},"excerpt":{"rendered":"<p>An mbaineann Bailte Slachtmhara le \u2018slachtmharacht\u2019 amh\u00e1in? Braitheann s\u00e9 ar c\u00e9ard go d\u00edreach is br\u00ed le slachtmharacht. M\u00e1 chialla\u00edonn slachtmhar \u2018glan\u2019 go simpl\u00ed, t\u00e1 \u200b\u200bs\u00e9 m\u00edcheart cur s\u00edos a dh\u00e9anamh ar Bhailte Slachtmhara mar rud a bhaineann le glantachas amh\u00e1in. Cialla\u00edonn slachtmhar \u2018dea-eagraithe\u2019 agus \u2018suntasach\u2019 chomh maith, ar cur s\u00edos i bhfad n\u00edos \u00e1bhartha iad. [&hellip;]<\/p>\n","protected":false},"author":2,"featured_media":0,"parent":412,"menu_order":3,"comment_status":"closed","ping_status":"closed","template":"","meta":{"_acf_changed":false,"_relevanssi_hide_post":"","_relevanssi_hide_content":"","_relevanssi_pin_for_all":"","_relevanssi_pin_keywords":"","_relevanssi_unpin_keywords":"","_relevanssi_related_keywords":"","_relevanssi_related_include_ids":"","_relevanssi_related_exclude_ids":"","_relevanssi_related_no_append":"","_relevanssi_related_not_related":"","_relevanssi_related_posts":"259,248,237,263","_relevanssi_noindex_reason":"","_uag_custom_page_level_css":"","footnotes":""},"class_list":["post-397","page","type-page","status-publish","hentry"],"acf":[],"yoast_head":"<!-- This site is optimized with the Yoast SEO plugin v27.2 - https:\/\/yoast.com\/product\/yoast-seo-wordpress\/ -->\n<title>Ceisteanna Coitianta - Supervalu TidyTowns<\/title>\n<meta name=\"robots\" content=\"index, follow, max-snippet:-1, max-image-preview:large, max-video-preview:-1\" \/>\n<link rel=\"canonical\" href=\"https:\/\/www.tidytowns.ie\/ga\/resources\/faqs\/\" \/>\n<meta property=\"og:locale\" content=\"ga_IE\" \/>\n<meta property=\"og:type\" content=\"article\" \/>\n<meta property=\"og:title\" content=\"Ceisteanna Coitianta - Supervalu TidyTowns\" \/>\n<meta property=\"og:description\" content=\"An mbaineann Bailte Slachtmhara le \u2018slachtmharacht\u2019 amh\u00e1in? Braitheann s\u00e9 ar c\u00e9ard go d\u00edreach is br\u00ed le slachtmharacht. M\u00e1 chialla\u00edonn slachtmhar \u2018glan\u2019 go simpl\u00ed, t\u00e1 \u200b\u200bs\u00e9 m\u00edcheart cur s\u00edos a dh\u00e9anamh ar Bhailte Slachtmhara mar rud a bhaineann le glantachas amh\u00e1in. Cialla\u00edonn slachtmhar \u2018dea-eagraithe\u2019 agus \u2018suntasach\u2019 chomh maith, ar cur s\u00edos i bhfad n\u00edos \u00e1bhartha iad. [&hellip;]\" \/>\n<meta property=\"og:url\" content=\"https:\/\/www.tidytowns.ie\/ga\/resources\/faqs\/\" \/>\n<meta property=\"og:site_name\" content=\"Supervalu TidyTowns\" \/>\n<meta property=\"article:modified_time\" content=\"2026-02-24T12:04:49+00:00\" \/>\n<meta property=\"og:image\" content=\"https:\/\/www.tidytowns.ie\/app\/uploads\/2025\/07\/logo-main.png\" \/>\n\t<meta property=\"og:image:width\" content=\"496\" \/>\n\t<meta property=\"og:image:height\" content=\"292\" \/>\n\t<meta property=\"og:image:type\" content=\"image\/png\" \/>\n<meta name=\"twitter:card\" content=\"summary_large_image\" \/>\n<meta name=\"twitter:label1\" content=\"Est. reading time\" \/>\n\t<meta name=\"twitter:data1\" content=\"6 minutes\" \/>\n<script type=\"application\/ld+json\" class=\"yoast-schema-graph\">{\"@context\":\"https:\/\/schema.org\",\"@graph\":[{\"@type\":\"WebPage\",\"@id\":\"https:\/\/www.tidytowns.ie\/ga\/resources\/faqs\/\",\"url\":\"https:\/\/www.tidytowns.ie\/ga\/resources\/faqs\/\",\"name\":\"Ceisteanna Coitianta - Supervalu TidyTowns\",\"isPartOf\":{\"@id\":\"https:\/\/www.tidytowns.ie\/#website\"},\"datePublished\":\"2025-07-30T10:55:39+00:00\",\"dateModified\":\"2026-02-24T12:04:49+00:00\",\"breadcrumb\":{\"@id\":\"https:\/\/www.tidytowns.ie\/ga\/resources\/faqs\/#breadcrumb\"},\"inLanguage\":\"ga-IE\",\"potentialAction\":[{\"@type\":\"ReadAction\",\"target\":[\"https:\/\/www.tidytowns.ie\/ga\/resources\/faqs\/\"]}]},{\"@type\":\"BreadcrumbList\",\"@id\":\"https:\/\/www.tidytowns.ie\/ga\/resources\/faqs\/#breadcrumb\",\"itemListElement\":[{\"@type\":\"ListItem\",\"position\":1,\"name\":\"Home\",\"item\":\"https:\/\/www.tidytowns.ie\/ga\/\"},{\"@type\":\"ListItem\",\"position\":2,\"name\":\"Acmhainn\u00ed\",\"item\":\"https:\/\/www.tidytowns.ie\/ga\/resources\/\"},{\"@type\":\"ListItem\",\"position\":3,\"name\":\"Ceisteanna Coitianta\"}]},{\"@type\":\"WebSite\",\"@id\":\"https:\/\/www.tidytowns.ie\/#website\",\"url\":\"https:\/\/www.tidytowns.ie\/\",\"name\":\"Supervalu TidyTowns\",\"description\":\"\",\"potentialAction\":[{\"@type\":\"SearchAction\",\"target\":{\"@type\":\"EntryPoint\",\"urlTemplate\":\"https:\/\/www.tidytowns.ie\/?s={search_term_string}\"},\"query-input\":{\"@type\":\"PropertyValueSpecification\",\"valueRequired\":true,\"valueName\":\"search_term_string\"}}],\"inLanguage\":\"ga-IE\"}]}<\/script>\n<!-- \/ Yoast SEO plugin. -->","yoast_head_json":{"title":"Ceisteanna Coitianta - Supervalu TidyTowns","robots":{"index":"index","follow":"follow","max-snippet":"max-snippet:-1","max-image-preview":"max-image-preview:large","max-video-preview":"max-video-preview:-1"},"canonical":"https:\/\/www.tidytowns.ie\/ga\/resources\/faqs\/","og_locale":"ga_IE","og_type":"article","og_title":"Ceisteanna Coitianta - Supervalu TidyTowns","og_description":"An mbaineann Bailte Slachtmhara le \u2018slachtmharacht\u2019 amh\u00e1in? Braitheann s\u00e9 ar c\u00e9ard go d\u00edreach is br\u00ed le slachtmharacht. M\u00e1 chialla\u00edonn slachtmhar \u2018glan\u2019 go simpl\u00ed, t\u00e1 \u200b\u200bs\u00e9 m\u00edcheart cur s\u00edos a dh\u00e9anamh ar Bhailte Slachtmhara mar rud a bhaineann le glantachas amh\u00e1in. Cialla\u00edonn slachtmhar \u2018dea-eagraithe\u2019 agus \u2018suntasach\u2019 chomh maith, ar cur s\u00edos i bhfad n\u00edos \u00e1bhartha iad. [&hellip;]","og_url":"https:\/\/www.tidytowns.ie\/ga\/resources\/faqs\/","og_site_name":"Supervalu TidyTowns","article_modified_time":"2026-02-24T12:04:49+00:00","og_image":[{"width":496,"height":292,"url":"https:\/\/www.tidytowns.ie\/app\/uploads\/2025\/07\/logo-main.png","type":"image\/png"}],"twitter_card":"summary_large_image","twitter_misc":{"Est. reading time":"6 minutes"},"schema":{"@context":"https:\/\/schema.org","@graph":[{"@type":"WebPage","@id":"https:\/\/www.tidytowns.ie\/ga\/resources\/faqs\/","url":"https:\/\/www.tidytowns.ie\/ga\/resources\/faqs\/","name":"Ceisteanna Coitianta - Supervalu TidyTowns","isPartOf":{"@id":"https:\/\/www.tidytowns.ie\/#website"},"datePublished":"2025-07-30T10:55:39+00:00","dateModified":"2026-02-24T12:04:49+00:00","breadcrumb":{"@id":"https:\/\/www.tidytowns.ie\/ga\/resources\/faqs\/#breadcrumb"},"inLanguage":"ga-IE","potentialAction":[{"@type":"ReadAction","target":["https:\/\/www.tidytowns.ie\/ga\/resources\/faqs\/"]}]},{"@type":"BreadcrumbList","@id":"https:\/\/www.tidytowns.ie\/ga\/resources\/faqs\/#breadcrumb","itemListElement":[{"@type":"ListItem","position":1,"name":"Home","item":"https:\/\/www.tidytowns.ie\/ga\/"},{"@type":"ListItem","position":2,"name":"Acmhainn\u00ed","item":"https:\/\/www.tidytowns.ie\/ga\/resources\/"},{"@type":"ListItem","position":3,"name":"Ceisteanna Coitianta"}]},{"@type":"WebSite","@id":"https:\/\/www.tidytowns.ie\/#website","url":"https:\/\/www.tidytowns.ie\/","name":"Supervalu TidyTowns","description":"","potentialAction":[{"@type":"SearchAction","target":{"@type":"EntryPoint","urlTemplate":"https:\/\/www.tidytowns.ie\/?s={search_term_string}"},"query-input":{"@type":"PropertyValueSpecification","valueRequired":true,"valueName":"search_term_string"}}],"inLanguage":"ga-IE"}]}},"spectra_custom_meta":{"_wp_page_template":["default"],"_wpml_word_count":["1311"],"_wpml_media_duplicate":["1"],"_wpml_media_featured":["1"],"_edit_lock":["1771934691:3"],"_last_translation_edit_mode":["native-editor"],"_edit_last":["3"],"_yoast_wpseo_content_score":["60"],"_yoast_wpseo_estimated-reading-time-minutes":["6"],"_relevanssi_related_posts":["259,248,237,263"],"_oembed_41fb953ed1c18b3780ee193a8de30f80":["<iframe title=\"TidyTowns Adjudicator recruitment\" width=\"500\" height=\"281\" src=\"https:\/\/www.youtube.com\/embed\/yJF8v3KdOt4?feature=oembed\" frameborder=\"0\" allow=\"accelerometer; autoplay; clipboard-write; encrypted-media; gyroscope; picture-in-picture; web-share\" referrerpolicy=\"strict-origin-when-cross-origin\" allowfullscreen><\/iframe>"],"_oembed_time_41fb953ed1c18b3780ee193a8de30f80":["1773566041"]},"uagb_featured_image_src":{"full":false,"thumbnail":false,"medium":false,"medium_large":false,"large":false,"1536x1536":false,"2048x2048":false},"uagb_author_info":{"display_name":"Jose","author_link":"https:\/\/www.tidytowns.ie\/ga\/author\/jose\/"},"uagb_comment_info":0,"uagb_excerpt":"An mbaineann Bailte Slachtmhara le \u2018slachtmharacht\u2019 amh\u00e1in? Braitheann s\u00e9 ar c\u00e9ard go d\u00edreach is br\u00ed le slachtmharacht. M\u00e1 chialla\u00edonn slachtmhar \u2018glan\u2019 go simpl\u00ed, t\u00e1 \u200b\u200bs\u00e9 m\u00edcheart cur s\u00edos a dh\u00e9anamh ar Bhailte Slachtmhara mar rud a bhaineann le glantachas amh\u00e1in. Cialla\u00edonn slachtmhar \u2018dea-eagraithe\u2019 agus \u2018suntasach\u2019 chomh maith, ar cur s\u00edos i bhfad n\u00edos \u00e1bhartha iad.&hellip;","_links":{"self":[{"href":"https:\/\/www.tidytowns.ie\/ga\/wp-json\/wp\/v2\/pages\/397","targetHints":{"allow":["GET"]}}],"collection":[{"href":"https:\/\/www.tidytowns.ie\/ga\/wp-json\/wp\/v2\/pages"}],"about":[{"href":"https:\/\/www.tidytowns.ie\/ga\/wp-json\/wp\/v2\/types\/page"}],"author":[{"embeddable":true,"href":"https:\/\/www.tidytowns.ie\/ga\/wp-json\/wp\/v2\/users\/2"}],"replies":[{"embeddable":true,"href":"https:\/\/www.tidytowns.ie\/ga\/wp-json\/wp\/v2\/comments?post=397"}],"version-history":[{"count":2,"href":"https:\/\/www.tidytowns.ie\/ga\/wp-json\/wp\/v2\/pages\/397\/revisions"}],"predecessor-version":[{"id":27786,"href":"https:\/\/www.tidytowns.ie\/ga\/wp-json\/wp\/v2\/pages\/397\/revisions\/27786"}],"up":[{"embeddable":true,"href":"https:\/\/www.tidytowns.ie\/ga\/wp-json\/wp\/v2\/pages\/412"}],"wp:attachment":[{"href":"https:\/\/www.tidytowns.ie\/ga\/wp-json\/wp\/v2\/media?parent=397"}],"curies":[{"name":"wp","href":"https:\/\/api.w.org\/{rel}","templated":true}]}}