{"id":394,"date":"2025-07-30T11:58:04","date_gmt":"2025-07-30T10:58:04","guid":{"rendered":"https:\/\/www.tidytowns.ie\/supervalu-tidytowns\/"},"modified":"2025-10-14T15:33:01","modified_gmt":"2025-10-14T14:33:01","slug":"supervalu-tidytowns","status":"publish","type":"page","link":"https:\/\/www.tidytowns.ie\/ga\/about-us\/supervalu-tidytowns\/","title":{"rendered":"Supervalu &amp; Bailte Slachtmhara"},"content":{"rendered":"\n<p>F\u00e1ilte go su\u00edomh gr\u00e9as\u00e1in na mBailte Slachtmhara.&nbsp;<\/p>\n\n\n\n<p>Cuirtear eolas ar f\u00e1il anseo faoi chom\u00f3rtas Bhailte Slachtmhara SuperValu, conas iarratas a dh\u00e9anamh chomh maith le conas a dh\u00e9antar molt\u00f3ireacht ar an gcom\u00f3rtas. Cuirtear sonra\u00ed ar f\u00e1il freisin faoi conas gr\u00fapa Bailte Slachtmhara a thos\u00fa agus faoi mhaoini\u00fa roinne a chuirtear ar f\u00e1il do ghr\u00fapa\u00ed a dh\u00e9anann iarratas ar an gcom\u00f3rtas.<\/p>\n\n\n\n<p>Urra\u00edonn SuperValue com\u00f3rtas Bhailte Slachtmhara SuperValu agus riarann an Roinn Forbartha Tuaithe agus Pobail agus&nbsp; Gaeltachta \u00e9. Is \u00e9 an tAire Dara Calleary, T.D. Aire reatha na Roinne.<\/p>\n\n\n\n<p>T\u00e1 Aonad na mBailte Slachtmhara sa Roinn freagrach as riaradh an chom\u00f3rtais. Aonad beag d\u00edograiseach at\u00e1 ann, at\u00e1 tiomanta do chinnti\u00fa go n-\u00e9ireoidh leis an gcom\u00f3rtas.<\/p>\n\n\n\n<p>Cuireann an tAonad f\u00e1ilte roimh ghrianghraif agus eolas faoi na tionscadail &#8211; is bre\u00e1 linn cloiste\u00e1il faoi thionscnaimh iontacha na mBailte Slachtmhara.&nbsp;<\/p>\n\n\n\n<p>T\u00e1imid ag tn\u00fath le bualadh leis na gr\u00fapa\u00ed ag \u00e1r searmanais bronnta duaiseanna agus imeachta\u00ed eile i rith na bliana freisin.<\/p>\n","protected":false},"excerpt":{"rendered":"<p>F\u00e1ilte go su\u00edomh gr\u00e9as\u00e1in na mBailte Slachtmhara.&nbsp; Cuirtear eolas ar f\u00e1il anseo faoi chom\u00f3rtas Bhailte Slachtmhara SuperValu, conas iarratas a dh\u00e9anamh chomh maith le conas a dh\u00e9antar molt\u00f3ireacht ar an gcom\u00f3rtas. Cuirtear sonra\u00ed ar f\u00e1il freisin faoi conas gr\u00fapa Bailte Slachtmhara a thos\u00fa agus faoi mhaoini\u00fa roinne a chuirtear ar f\u00e1il do ghr\u00fapa\u00ed a dh\u00e9anann [&hellip;]<\/p>\n","protected":false},"author":2,"featured_media":0,"parent":411,"menu_order":1,"comment_status":"closed","ping_status":"closed","template":"","meta":{"_acf_changed":false,"_relevanssi_hide_post":"","_relevanssi_hide_content":"","_relevanssi_pin_for_all":"","_relevanssi_pin_keywords":"","_relevanssi_unpin_keywords":"","_relevanssi_related_keywords":"","_relevanssi_related_include_ids":"","_relevanssi_related_exclude_ids":"","_relevanssi_related_no_append":"","_relevanssi_related_not_related":"","_relevanssi_related_posts":"","_relevanssi_noindex_reason":"","_uag_custom_page_level_css":"","footnotes":""},"class_list":["post-394","page","type-page","status-publish","hentry"],"acf":[],"yoast_head":"<!-- This site is optimized with the Yoast SEO plugin v27.2 - https:\/\/yoast.com\/product\/yoast-seo-wordpress\/ -->\n<title>Supervalu &amp; Bailte Slachtmhara - Supervalu TidyTowns<\/title>\n<meta name=\"robots\" content=\"index, follow, max-snippet:-1, max-image-preview:large, max-video-preview:-1\" \/>\n<link rel=\"canonical\" href=\"https:\/\/www.tidytowns.ie\/ga\/about-us\/supervalu-tidytowns\/\" \/>\n<meta property=\"og:locale\" content=\"ga_IE\" \/>\n<meta property=\"og:type\" content=\"article\" \/>\n<meta property=\"og:title\" content=\"Supervalu &amp; Bailte Slachtmhara - Supervalu TidyTowns\" \/>\n<meta property=\"og:description\" content=\"F\u00e1ilte go su\u00edomh gr\u00e9as\u00e1in na mBailte Slachtmhara.&nbsp; Cuirtear eolas ar f\u00e1il anseo faoi chom\u00f3rtas Bhailte Slachtmhara SuperValu, conas iarratas a dh\u00e9anamh chomh maith le conas a dh\u00e9antar molt\u00f3ireacht ar an gcom\u00f3rtas. Cuirtear sonra\u00ed ar f\u00e1il freisin faoi conas gr\u00fapa Bailte Slachtmhara a thos\u00fa agus faoi mhaoini\u00fa roinne a chuirtear ar f\u00e1il do ghr\u00fapa\u00ed a dh\u00e9anann [&hellip;]\" \/>\n<meta property=\"og:url\" content=\"https:\/\/www.tidytowns.ie\/ga\/about-us\/supervalu-tidytowns\/\" \/>\n<meta property=\"og:site_name\" content=\"Supervalu TidyTowns\" \/>\n<meta property=\"article:modified_time\" content=\"2025-10-14T14:33:01+00:00\" \/>\n<meta property=\"og:image\" content=\"https:\/\/www.tidytowns.ie\/app\/uploads\/2025\/07\/logo-main.png\" \/>\n\t<meta property=\"og:image:width\" content=\"496\" \/>\n\t<meta property=\"og:image:height\" content=\"292\" \/>\n\t<meta property=\"og:image:type\" content=\"image\/png\" \/>\n<meta name=\"twitter:card\" content=\"summary_large_image\" \/>\n<script type=\"application\/ld+json\" class=\"yoast-schema-graph\">{\"@context\":\"https:\/\/schema.org\",\"@graph\":[{\"@type\":\"WebPage\",\"@id\":\"https:\/\/www.tidytowns.ie\/ga\/about-us\/supervalu-tidytowns\/\",\"url\":\"https:\/\/www.tidytowns.ie\/ga\/about-us\/supervalu-tidytowns\/\",\"name\":\"Supervalu &amp; Bailte Slachtmhara - Supervalu TidyTowns\",\"isPartOf\":{\"@id\":\"https:\/\/www.tidytowns.ie\/#website\"},\"datePublished\":\"2025-07-30T10:58:04+00:00\",\"dateModified\":\"2025-10-14T14:33:01+00:00\",\"breadcrumb\":{\"@id\":\"https:\/\/www.tidytowns.ie\/ga\/about-us\/supervalu-tidytowns\/#breadcrumb\"},\"inLanguage\":\"ga-IE\",\"potentialAction\":[{\"@type\":\"ReadAction\",\"target\":[\"https:\/\/www.tidytowns.ie\/ga\/about-us\/supervalu-tidytowns\/\"]}]},{\"@type\":\"BreadcrumbList\",\"@id\":\"https:\/\/www.tidytowns.ie\/ga\/about-us\/supervalu-tidytowns\/#breadcrumb\",\"itemListElement\":[{\"@type\":\"ListItem\",\"position\":1,\"name\":\"Home\",\"item\":\"https:\/\/www.tidytowns.ie\/ga\/\"},{\"@type\":\"ListItem\",\"position\":2,\"name\":\"Maidir Linne\",\"item\":\"https:\/\/www.tidytowns.ie\/ga\/about-us\/\"},{\"@type\":\"ListItem\",\"position\":3,\"name\":\"Supervalu &amp; Bailte Slachtmhara\"}]},{\"@type\":\"WebSite\",\"@id\":\"https:\/\/www.tidytowns.ie\/#website\",\"url\":\"https:\/\/www.tidytowns.ie\/\",\"name\":\"Supervalu TidyTowns\",\"description\":\"\",\"potentialAction\":[{\"@type\":\"SearchAction\",\"target\":{\"@type\":\"EntryPoint\",\"urlTemplate\":\"https:\/\/www.tidytowns.ie\/?s={search_term_string}\"},\"query-input\":{\"@type\":\"PropertyValueSpecification\",\"valueRequired\":true,\"valueName\":\"search_term_string\"}}],\"inLanguage\":\"ga-IE\"}]}<\/script>\n<!-- \/ Yoast SEO plugin. -->","yoast_head_json":{"title":"Supervalu &amp; Bailte Slachtmhara - Supervalu TidyTowns","robots":{"index":"index","follow":"follow","max-snippet":"max-snippet:-1","max-image-preview":"max-image-preview:large","max-video-preview":"max-video-preview:-1"},"canonical":"https:\/\/www.tidytowns.ie\/ga\/about-us\/supervalu-tidytowns\/","og_locale":"ga_IE","og_type":"article","og_title":"Supervalu &amp; Bailte Slachtmhara - Supervalu TidyTowns","og_description":"F\u00e1ilte go su\u00edomh gr\u00e9as\u00e1in na mBailte Slachtmhara.&nbsp; Cuirtear eolas ar f\u00e1il anseo faoi chom\u00f3rtas Bhailte Slachtmhara SuperValu, conas iarratas a dh\u00e9anamh chomh maith le conas a dh\u00e9antar molt\u00f3ireacht ar an gcom\u00f3rtas. Cuirtear sonra\u00ed ar f\u00e1il freisin faoi conas gr\u00fapa Bailte Slachtmhara a thos\u00fa agus faoi mhaoini\u00fa roinne a chuirtear ar f\u00e1il do ghr\u00fapa\u00ed a dh\u00e9anann [&hellip;]","og_url":"https:\/\/www.tidytowns.ie\/ga\/about-us\/supervalu-tidytowns\/","og_site_name":"Supervalu TidyTowns","article_modified_time":"2025-10-14T14:33:01+00:00","og_image":[{"width":496,"height":292,"url":"https:\/\/www.tidytowns.ie\/app\/uploads\/2025\/07\/logo-main.png","type":"image\/png"}],"twitter_card":"summary_large_image","schema":{"@context":"https:\/\/schema.org","@graph":[{"@type":"WebPage","@id":"https:\/\/www.tidytowns.ie\/ga\/about-us\/supervalu-tidytowns\/","url":"https:\/\/www.tidytowns.ie\/ga\/about-us\/supervalu-tidytowns\/","name":"Supervalu &amp; Bailte Slachtmhara - Supervalu TidyTowns","isPartOf":{"@id":"https:\/\/www.tidytowns.ie\/#website"},"datePublished":"2025-07-30T10:58:04+00:00","dateModified":"2025-10-14T14:33:01+00:00","breadcrumb":{"@id":"https:\/\/www.tidytowns.ie\/ga\/about-us\/supervalu-tidytowns\/#breadcrumb"},"inLanguage":"ga-IE","potentialAction":[{"@type":"ReadAction","target":["https:\/\/www.tidytowns.ie\/ga\/about-us\/supervalu-tidytowns\/"]}]},{"@type":"BreadcrumbList","@id":"https:\/\/www.tidytowns.ie\/ga\/about-us\/supervalu-tidytowns\/#breadcrumb","itemListElement":[{"@type":"ListItem","position":1,"name":"Home","item":"https:\/\/www.tidytowns.ie\/ga\/"},{"@type":"ListItem","position":2,"name":"Maidir Linne","item":"https:\/\/www.tidytowns.ie\/ga\/about-us\/"},{"@type":"ListItem","position":3,"name":"Supervalu &amp; Bailte Slachtmhara"}]},{"@type":"WebSite","@id":"https:\/\/www.tidytowns.ie\/#website","url":"https:\/\/www.tidytowns.ie\/","name":"Supervalu TidyTowns","description":"","potentialAction":[{"@type":"SearchAction","target":{"@type":"EntryPoint","urlTemplate":"https:\/\/www.tidytowns.ie\/?s={search_term_string}"},"query-input":{"@type":"PropertyValueSpecification","valueRequired":true,"valueName":"search_term_string"}}],"inLanguage":"ga-IE"}]}},"spectra_custom_meta":{"_wp_page_template":["default"],"_wpml_word_count":["189"],"_wpml_media_duplicate":["1"],"_wpml_media_featured":["1"],"_edit_lock":["1760452386:3"],"_last_translation_edit_mode":["native-editor"],"_edit_last":["3"],"_yoast_wpseo_content_score":["90"],"_yoast_wpseo_estimated-reading-time-minutes":["0"],"_oembed_74a8fa6747369b319bb7d9d912c814d8":["<iframe title=\"SuperValu TidyTowns Competition - Preparing your Submission\" width=\"500\" height=\"281\" src=\"https:\/\/www.youtube.com\/embed\/1SQmsNzFGX4?feature=oembed\" frameborder=\"0\" allow=\"accelerometer; autoplay; clipboard-write; encrypted-media; gyroscope; picture-in-picture; web-share\" referrerpolicy=\"strict-origin-when-cross-origin\" allowfullscreen><\/iframe>"],"_oembed_time_74a8fa6747369b319bb7d9d912c814d8":["1764823236"],"_oembed_b5a2b7401b53a62fce0c2575347c8926":["<iframe title=\"Sustainability Doing More With Less Category\" width=\"500\" height=\"281\" src=\"https:\/\/www.youtube.com\/embed\/eJzMamiTcUs?feature=oembed\" frameborder=\"0\" allow=\"accelerometer; autoplay; clipboard-write; encrypted-media; gyroscope; picture-in-picture; web-share\" referrerpolicy=\"strict-origin-when-cross-origin\" allowfullscreen><\/iframe>"],"_oembed_time_b5a2b7401b53a62fce0c2575347c8926":["1764823236"],"_oembed_8e089ebf341f0c3d93ae7c80742d554a":["<iframe title=\"TidyTowns and the Sustainability Development Goals\" width=\"500\" height=\"281\" src=\"https:\/\/www.youtube.com\/embed\/-gU-pKQW0-U?feature=oembed\" frameborder=\"0\" allow=\"accelerometer; autoplay; clipboard-write; encrypted-media; gyroscope; picture-in-picture; web-share\" referrerpolicy=\"strict-origin-when-cross-origin\" allowfullscreen><\/iframe>"],"_oembed_time_8e089ebf341f0c3d93ae7c80742d554a":["1764823236"]},"uagb_featured_image_src":{"full":false,"thumbnail":false,"medium":false,"medium_large":false,"large":false,"1536x1536":false,"2048x2048":false},"uagb_author_info":{"display_name":"Jose","author_link":"https:\/\/www.tidytowns.ie\/ga\/author\/jose\/"},"uagb_comment_info":0,"uagb_excerpt":"F\u00e1ilte go su\u00edomh gr\u00e9as\u00e1in na mBailte Slachtmhara.&nbsp; Cuirtear eolas ar f\u00e1il anseo faoi chom\u00f3rtas Bhailte Slachtmhara SuperValu, conas iarratas a dh\u00e9anamh chomh maith le conas a dh\u00e9antar molt\u00f3ireacht ar an gcom\u00f3rtas. Cuirtear sonra\u00ed ar f\u00e1il freisin faoi conas gr\u00fapa Bailte Slachtmhara a thos\u00fa agus faoi mhaoini\u00fa roinne a chuirtear ar f\u00e1il do ghr\u00fapa\u00ed a dh\u00e9anann&hellip;","_links":{"self":[{"href":"https:\/\/www.tidytowns.ie\/ga\/wp-json\/wp\/v2\/pages\/394","targetHints":{"allow":["GET"]}}],"collection":[{"href":"https:\/\/www.tidytowns.ie\/ga\/wp-json\/wp\/v2\/pages"}],"about":[{"href":"https:\/\/www.tidytowns.ie\/ga\/wp-json\/wp\/v2\/types\/page"}],"author":[{"embeddable":true,"href":"https:\/\/www.tidytowns.ie\/ga\/wp-json\/wp\/v2\/users\/2"}],"replies":[{"embeddable":true,"href":"https:\/\/www.tidytowns.ie\/ga\/wp-json\/wp\/v2\/comments?post=394"}],"version-history":[{"count":2,"href":"https:\/\/www.tidytowns.ie\/ga\/wp-json\/wp\/v2\/pages\/394\/revisions"}],"predecessor-version":[{"id":19997,"href":"https:\/\/www.tidytowns.ie\/ga\/wp-json\/wp\/v2\/pages\/394\/revisions\/19997"}],"up":[{"embeddable":true,"href":"https:\/\/www.tidytowns.ie\/ga\/wp-json\/wp\/v2\/pages\/411"}],"wp:attachment":[{"href":"https:\/\/www.tidytowns.ie\/ga\/wp-json\/wp\/v2\/media?parent=394"}],"curies":[{"name":"wp","href":"https:\/\/api.w.org\/{rel}","templated":true}]}}