{"id":393,"date":"2025-07-30T11:58:22","date_gmt":"2025-07-30T10:58:22","guid":{"rendered":"https:\/\/www.tidytowns.ie\/news\/"},"modified":"2026-03-23T11:51:41","modified_gmt":"2026-03-23T11:51:41","slug":"news","status":"publish","type":"page","link":"https:\/\/www.tidytowns.ie\/ga\/about-us\/news\/","title":{"rendered":"Naucht"},"content":{"rendered":"\n<p><strong>23 March 2026<\/strong><br><a href=\"https:\/\/www.tidytowns.ie\/ga\/about-us\/news\/seolann-an-taire-dara-callearycomortas-bhailte-slachtmhara-supervalu-2026ag-ceiliuradh-iarrachtai-comhshaoil-agus-pobaille-hocht-mbliana-is-seasca-anuas\/\" type=\"page\" id=\"27968\">Seolann an tAire Dara CallearyCom\u00f3rtas Bhailte Slachtmhara SuperValu 2026ag ceili\u00faradh iarrachta\u00ed comhshaoil agus pobaille hocht mbliana is seasca anuas<\/a><\/p>\n\n\n\n<hr class=\"wp-block-separator has-alpha-channel-opacity\"\/>\n\n\n\n<p><strong>24 Oct 2025<\/strong><br><a href=\"https:\/\/www.tidytowns.ie\/ga\/about-us\/news\/2025-winner-announced\/\" type=\"page\" id=\"27166\">Buaiteoir 2025 F\u00f3gartha<\/a><\/p>\n\n\n\n<hr class=\"wp-block-separator has-alpha-channel-opacity\"\/>\n","protected":false},"excerpt":{"rendered":"<p>23 March 2026Seolann an tAire Dara CallearyCom\u00f3rtas Bhailte Slachtmhara SuperValu 2026ag ceili\u00faradh iarrachta\u00ed comhshaoil agus pobaille hocht mbliana is seasca anuas 24 Oct 2025Buaiteoir 2025 F\u00f3gartha<\/p>\n","protected":false},"author":2,"featured_media":0,"parent":411,"menu_order":2,"comment_status":"closed","ping_status":"closed","template":"","meta":{"_acf_changed":false,"_relevanssi_hide_post":"","_relevanssi_hide_content":"","_relevanssi_pin_for_all":"","_relevanssi_pin_keywords":"","_relevanssi_unpin_keywords":"","_relevanssi_related_keywords":"","_relevanssi_related_include_ids":"","_relevanssi_related_exclude_ids":"","_relevanssi_related_no_append":"","_relevanssi_related_not_related":"","_relevanssi_related_posts":"248,263,237,259","_relevanssi_noindex_reason":"","_uag_custom_page_level_css":"","footnotes":""},"class_list":["post-393","page","type-page","status-publish","hentry"],"acf":[],"yoast_head":"<!-- This site is optimized with the Yoast SEO plugin v27.2 - https:\/\/yoast.com\/product\/yoast-seo-wordpress\/ -->\n<title>Naucht - Supervalu TidyTowns<\/title>\n<meta name=\"robots\" content=\"index, follow, max-snippet:-1, max-image-preview:large, max-video-preview:-1\" \/>\n<link rel=\"canonical\" href=\"https:\/\/tidytowns.fusio2.com\/ga\/about-us\/news\/\" \/>\n<meta property=\"og:locale\" content=\"ga_IE\" \/>\n<meta property=\"og:type\" content=\"article\" \/>\n<meta property=\"og:title\" content=\"Naucht - Supervalu TidyTowns\" \/>\n<meta property=\"og:description\" content=\"23 March 2026Seolann an tAire Dara CallearyCom\u00f3rtas Bhailte Slachtmhara SuperValu 2026ag ceili\u00faradh iarrachta\u00ed comhshaoil agus pobaille hocht mbliana is seasca anuas 24 Oct 2025Buaiteoir 2025 F\u00f3gartha\" \/>\n<meta property=\"og:url\" content=\"https:\/\/tidytowns.fusio2.com\/ga\/about-us\/news\/\" \/>\n<meta property=\"og:site_name\" content=\"Supervalu TidyTowns\" \/>\n<meta property=\"article:modified_time\" content=\"2026-03-23T11:51:41+00:00\" \/>\n<meta property=\"og:image\" content=\"https:\/\/www.tidytowns.ie\/app\/uploads\/2025\/07\/logo-main.png\" \/>\n\t<meta property=\"og:image:width\" content=\"496\" \/>\n\t<meta property=\"og:image:height\" content=\"292\" \/>\n\t<meta property=\"og:image:type\" content=\"image\/png\" \/>\n<meta name=\"twitter:card\" content=\"summary_large_image\" \/>\n<meta name=\"twitter:label1\" content=\"Est. reading time\" \/>\n\t<meta name=\"twitter:data1\" content=\"1 minute\" \/>\n<script type=\"application\/ld+json\" class=\"yoast-schema-graph\">{\"@context\":\"https:\/\/schema.org\",\"@graph\":[{\"@type\":\"WebPage\",\"@id\":\"https:\/\/tidytowns.fusio2.com\/ga\/about-us\/news\/\",\"url\":\"https:\/\/tidytowns.fusio2.com\/ga\/about-us\/news\/\",\"name\":\"Naucht - Supervalu TidyTowns\",\"isPartOf\":{\"@id\":\"https:\/\/www.tidytowns.ie\/#website\"},\"datePublished\":\"2025-07-30T10:58:22+00:00\",\"dateModified\":\"2026-03-23T11:51:41+00:00\",\"breadcrumb\":{\"@id\":\"https:\/\/tidytowns.fusio2.com\/ga\/about-us\/news\/#breadcrumb\"},\"inLanguage\":\"ga-IE\",\"potentialAction\":[{\"@type\":\"ReadAction\",\"target\":[\"https:\/\/tidytowns.fusio2.com\/ga\/about-us\/news\/\"]}]},{\"@type\":\"BreadcrumbList\",\"@id\":\"https:\/\/tidytowns.fusio2.com\/ga\/about-us\/news\/#breadcrumb\",\"itemListElement\":[{\"@type\":\"ListItem\",\"position\":1,\"name\":\"Home\",\"item\":\"https:\/\/www.tidytowns.ie\/ga\/\"},{\"@type\":\"ListItem\",\"position\":2,\"name\":\"Maidir Linne\",\"item\":\"https:\/\/www.tidytowns.ie\/ga\/about-us\/\"},{\"@type\":\"ListItem\",\"position\":3,\"name\":\"Naucht\"}]},{\"@type\":\"WebSite\",\"@id\":\"https:\/\/www.tidytowns.ie\/#website\",\"url\":\"https:\/\/www.tidytowns.ie\/\",\"name\":\"Supervalu TidyTowns\",\"description\":\"\",\"potentialAction\":[{\"@type\":\"SearchAction\",\"target\":{\"@type\":\"EntryPoint\",\"urlTemplate\":\"https:\/\/www.tidytowns.ie\/?s={search_term_string}\"},\"query-input\":{\"@type\":\"PropertyValueSpecification\",\"valueRequired\":true,\"valueName\":\"search_term_string\"}}],\"inLanguage\":\"ga-IE\"}]}<\/script>\n<!-- \/ Yoast SEO plugin. -->","yoast_head_json":{"title":"Naucht - Supervalu TidyTowns","robots":{"index":"index","follow":"follow","max-snippet":"max-snippet:-1","max-image-preview":"max-image-preview:large","max-video-preview":"max-video-preview:-1"},"canonical":"https:\/\/tidytowns.fusio2.com\/ga\/about-us\/news\/","og_locale":"ga_IE","og_type":"article","og_title":"Naucht - Supervalu TidyTowns","og_description":"23 March 2026Seolann an tAire Dara CallearyCom\u00f3rtas Bhailte Slachtmhara SuperValu 2026ag ceili\u00faradh iarrachta\u00ed comhshaoil agus pobaille hocht mbliana is seasca anuas 24 Oct 2025Buaiteoir 2025 F\u00f3gartha","og_url":"https:\/\/tidytowns.fusio2.com\/ga\/about-us\/news\/","og_site_name":"Supervalu TidyTowns","article_modified_time":"2026-03-23T11:51:41+00:00","og_image":[{"width":496,"height":292,"url":"https:\/\/www.tidytowns.ie\/app\/uploads\/2025\/07\/logo-main.png","type":"image\/png"}],"twitter_card":"summary_large_image","twitter_misc":{"Est. reading time":"1 minute"},"schema":{"@context":"https:\/\/schema.org","@graph":[{"@type":"WebPage","@id":"https:\/\/tidytowns.fusio2.com\/ga\/about-us\/news\/","url":"https:\/\/tidytowns.fusio2.com\/ga\/about-us\/news\/","name":"Naucht - Supervalu TidyTowns","isPartOf":{"@id":"https:\/\/www.tidytowns.ie\/#website"},"datePublished":"2025-07-30T10:58:22+00:00","dateModified":"2026-03-23T11:51:41+00:00","breadcrumb":{"@id":"https:\/\/tidytowns.fusio2.com\/ga\/about-us\/news\/#breadcrumb"},"inLanguage":"ga-IE","potentialAction":[{"@type":"ReadAction","target":["https:\/\/tidytowns.fusio2.com\/ga\/about-us\/news\/"]}]},{"@type":"BreadcrumbList","@id":"https:\/\/tidytowns.fusio2.com\/ga\/about-us\/news\/#breadcrumb","itemListElement":[{"@type":"ListItem","position":1,"name":"Home","item":"https:\/\/www.tidytowns.ie\/ga\/"},{"@type":"ListItem","position":2,"name":"Maidir Linne","item":"https:\/\/www.tidytowns.ie\/ga\/about-us\/"},{"@type":"ListItem","position":3,"name":"Naucht"}]},{"@type":"WebSite","@id":"https:\/\/www.tidytowns.ie\/#website","url":"https:\/\/www.tidytowns.ie\/","name":"Supervalu TidyTowns","description":"","potentialAction":[{"@type":"SearchAction","target":{"@type":"EntryPoint","urlTemplate":"https:\/\/www.tidytowns.ie\/?s={search_term_string}"},"query-input":{"@type":"PropertyValueSpecification","valueRequired":true,"valueName":"search_term_string"}}],"inLanguage":"ga-IE"}]}},"spectra_custom_meta":{"_wp_page_template":["default"],"_edit_lock":["1774266705:3"],"_wpml_word_count":["33"],"_wpml_media_duplicate":["1"],"_wpml_media_featured":["1"],"_yoast_wpseo_content_score":["90"],"_yoast_wpseo_estimated-reading-time-minutes":["1"],"_relevanssi_related_posts":["248,263,237,259"],"_wpml_location_migration_done":["1"],"_last_translation_edit_mode":["native-editor"],"_edit_last":["3"]},"uagb_featured_image_src":{"full":false,"thumbnail":false,"medium":false,"medium_large":false,"large":false,"1536x1536":false,"2048x2048":false},"uagb_author_info":{"display_name":"Jose","author_link":"https:\/\/www.tidytowns.ie\/ga\/author\/jose\/"},"uagb_comment_info":0,"uagb_excerpt":"23 March 2026Seolann an tAire Dara CallearyCom\u00f3rtas Bhailte Slachtmhara SuperValu 2026ag ceili\u00faradh iarrachta\u00ed comhshaoil agus pobaille hocht mbliana is seasca anuas 24 Oct 2025Buaiteoir 2025 F\u00f3gartha","_links":{"self":[{"href":"https:\/\/www.tidytowns.ie\/ga\/wp-json\/wp\/v2\/pages\/393","targetHints":{"allow":["GET"]}}],"collection":[{"href":"https:\/\/www.tidytowns.ie\/ga\/wp-json\/wp\/v2\/pages"}],"about":[{"href":"https:\/\/www.tidytowns.ie\/ga\/wp-json\/wp\/v2\/types\/page"}],"author":[{"embeddable":true,"href":"https:\/\/www.tidytowns.ie\/ga\/wp-json\/wp\/v2\/users\/2"}],"replies":[{"embeddable":true,"href":"https:\/\/www.tidytowns.ie\/ga\/wp-json\/wp\/v2\/comments?post=393"}],"version-history":[{"count":8,"href":"https:\/\/www.tidytowns.ie\/ga\/wp-json\/wp\/v2\/pages\/393\/revisions"}],"predecessor-version":[{"id":27990,"href":"https:\/\/www.tidytowns.ie\/ga\/wp-json\/wp\/v2\/pages\/393\/revisions\/27990"}],"up":[{"embeddable":true,"href":"https:\/\/www.tidytowns.ie\/ga\/wp-json\/wp\/v2\/pages\/411"}],"wp:attachment":[{"href":"https:\/\/www.tidytowns.ie\/ga\/wp-json\/wp\/v2\/media?parent=393"}],"curies":[{"name":"wp","href":"https:\/\/api.w.org\/{rel}","templated":true}]}}