{"id":390,"date":"2025-07-30T12:12:25","date_gmt":"2025-07-30T11:12:25","guid":{"rendered":"https:\/\/www.tidytowns.ie\/contact-us\/"},"modified":"2025-10-21T09:30:09","modified_gmt":"2025-10-21T08:30:09","slug":"contact-us","status":"publish","type":"page","link":"https:\/\/www.tidytowns.ie\/ga\/contact-us\/","title":{"rendered":"D\u00e9an Teagmh\u00e1il Linn"},"content":{"rendered":"\n<p>Bailte Slachtmhara,<br>An Roinn Forbartha Tuaithe agus Pobail agus Gaeltachta,<br>Oifig\u00ed Rialtais,<br>B\u00e9al an \u00c1tha,<br>Co. Mhaigh Eo F26 E8N6<\/p>\n\n\n\n<p><strong>F\u00f3n: <\/strong> (01) 7736988<\/p>\n\n\n\n<p><strong>R\u00edomhphost:<\/strong>&nbsp;<a href=\"mailto:TidyTowns@drcdg.gov.ie\" target=\"_blank\" rel=\"noreferrer noopener\">TidyTowns@drcdg.gov.ie<\/a><\/p>\n\n\n\n<p><strong>Facebook:<\/strong> <a href=\"https:\/\/www.facebook.com\/OfficialSuperValuTidyTowns\/\">www.facebook.com\/OfficialSuperValuTidyTowns\/<\/a><\/p>\n\n\n\n<p><strong>X\/Twitter:<\/strong>&nbsp;<a href=\"https:\/\/twitter.com\/TidyTownsIre\" target=\"_blank\" rel=\"noreferrer noopener\">x.com\/TidyTownsIre<\/a><\/p>\n\n\n\n<p><strong>Instagram:<\/strong> <a href=\"https:\/\/www.instagram.com\/supervalutidytownscompetition\">@supervalutidytownscompetition<\/a><\/p>\n\n\n\n<p><\/p>\n","protected":false},"excerpt":{"rendered":"<p>Bailte Slachtmhara,An Roinn Forbartha Tuaithe agus Pobail agus Gaeltachta,Oifig\u00ed Rialtais,B\u00e9al an \u00c1tha,Co. Mhaigh Eo F26 E8N6 F\u00f3n: (01) 7736988 R\u00edomhphost:&nbsp;TidyTowns@drcdg.gov.ie Facebook: www.facebook.com\/OfficialSuperValuTidyTowns\/ X\/Twitter:&nbsp;x.com\/TidyTownsIre Instagram: @supervalutidytownscompetition<\/p>\n","protected":false},"author":2,"featured_media":0,"parent":0,"menu_order":0,"comment_status":"closed","ping_status":"closed","template":"","meta":{"_acf_changed":false,"_relevanssi_hide_post":"","_relevanssi_hide_content":"","_relevanssi_pin_for_all":"","_relevanssi_pin_keywords":"","_relevanssi_unpin_keywords":"","_relevanssi_related_keywords":"","_relevanssi_related_include_ids":"","_relevanssi_related_exclude_ids":"","_relevanssi_related_no_append":"","_relevanssi_related_not_related":"","_relevanssi_related_posts":"","_relevanssi_noindex_reason":"","_uag_custom_page_level_css":"","footnotes":""},"class_list":["post-390","page","type-page","status-publish","hentry"],"acf":[],"yoast_head":"<!-- This site is optimized with the Yoast SEO plugin v27.2 - https:\/\/yoast.com\/product\/yoast-seo-wordpress\/ -->\n<title>D\u00e9an Teagmh\u00e1il Linn - Supervalu TidyTowns<\/title>\n<meta name=\"robots\" content=\"index, follow, max-snippet:-1, max-image-preview:large, max-video-preview:-1\" \/>\n<link rel=\"canonical\" href=\"https:\/\/www.tidytowns.ie\/ga\/contact-us\/\" \/>\n<meta property=\"og:locale\" content=\"ga_IE\" \/>\n<meta property=\"og:type\" content=\"article\" \/>\n<meta property=\"og:title\" content=\"D\u00e9an Teagmh\u00e1il Linn - Supervalu TidyTowns\" \/>\n<meta property=\"og:description\" content=\"Bailte Slachtmhara,An Roinn Forbartha Tuaithe agus Pobail agus Gaeltachta,Oifig\u00ed Rialtais,B\u00e9al an \u00c1tha,Co. Mhaigh Eo F26 E8N6 F\u00f3n: (01) 7736988 R\u00edomhphost:&nbsp;TidyTowns@drcdg.gov.ie Facebook: www.facebook.com\/OfficialSuperValuTidyTowns\/ X\/Twitter:&nbsp;x.com\/TidyTownsIre Instagram: @supervalutidytownscompetition\" \/>\n<meta property=\"og:url\" content=\"https:\/\/www.tidytowns.ie\/ga\/contact-us\/\" \/>\n<meta property=\"og:site_name\" content=\"Supervalu TidyTowns\" \/>\n<meta property=\"article:modified_time\" content=\"2025-10-21T08:30:09+00:00\" \/>\n<meta property=\"og:image\" content=\"https:\/\/www.tidytowns.ie\/app\/uploads\/2025\/07\/logo-main.png\" \/>\n\t<meta property=\"og:image:width\" content=\"496\" \/>\n\t<meta property=\"og:image:height\" content=\"292\" \/>\n\t<meta property=\"og:image:type\" content=\"image\/png\" \/>\n<meta name=\"twitter:card\" content=\"summary_large_image\" \/>\n<meta name=\"twitter:label1\" content=\"Est. reading time\" \/>\n\t<meta name=\"twitter:data1\" content=\"1 minute\" \/>\n<script type=\"application\/ld+json\" class=\"yoast-schema-graph\">{\"@context\":\"https:\/\/schema.org\",\"@graph\":[{\"@type\":\"WebPage\",\"@id\":\"https:\/\/www.tidytowns.ie\/ga\/contact-us\/\",\"url\":\"https:\/\/www.tidytowns.ie\/ga\/contact-us\/\",\"name\":\"D\u00e9an Teagmh\u00e1il Linn - Supervalu TidyTowns\",\"isPartOf\":{\"@id\":\"https:\/\/www.tidytowns.ie\/#website\"},\"datePublished\":\"2025-07-30T11:12:25+00:00\",\"dateModified\":\"2025-10-21T08:30:09+00:00\",\"breadcrumb\":{\"@id\":\"https:\/\/www.tidytowns.ie\/ga\/contact-us\/#breadcrumb\"},\"inLanguage\":\"ga-IE\",\"potentialAction\":[{\"@type\":\"ReadAction\",\"target\":[\"https:\/\/www.tidytowns.ie\/ga\/contact-us\/\"]}]},{\"@type\":\"BreadcrumbList\",\"@id\":\"https:\/\/www.tidytowns.ie\/ga\/contact-us\/#breadcrumb\",\"itemListElement\":[{\"@type\":\"ListItem\",\"position\":1,\"name\":\"Home\",\"item\":\"https:\/\/www.tidytowns.ie\/ga\/\"},{\"@type\":\"ListItem\",\"position\":2,\"name\":\"D\u00e9an Teagmh\u00e1il Linn\"}]},{\"@type\":\"WebSite\",\"@id\":\"https:\/\/www.tidytowns.ie\/#website\",\"url\":\"https:\/\/www.tidytowns.ie\/\",\"name\":\"Supervalu TidyTowns\",\"description\":\"\",\"potentialAction\":[{\"@type\":\"SearchAction\",\"target\":{\"@type\":\"EntryPoint\",\"urlTemplate\":\"https:\/\/www.tidytowns.ie\/?s={search_term_string}\"},\"query-input\":{\"@type\":\"PropertyValueSpecification\",\"valueRequired\":true,\"valueName\":\"search_term_string\"}}],\"inLanguage\":\"ga-IE\"}]}<\/script>\n<!-- \/ Yoast SEO plugin. -->","yoast_head_json":{"title":"D\u00e9an Teagmh\u00e1il Linn - Supervalu TidyTowns","robots":{"index":"index","follow":"follow","max-snippet":"max-snippet:-1","max-image-preview":"max-image-preview:large","max-video-preview":"max-video-preview:-1"},"canonical":"https:\/\/www.tidytowns.ie\/ga\/contact-us\/","og_locale":"ga_IE","og_type":"article","og_title":"D\u00e9an Teagmh\u00e1il Linn - Supervalu TidyTowns","og_description":"Bailte Slachtmhara,An Roinn Forbartha Tuaithe agus Pobail agus Gaeltachta,Oifig\u00ed Rialtais,B\u00e9al an \u00c1tha,Co. Mhaigh Eo F26 E8N6 F\u00f3n: (01) 7736988 R\u00edomhphost:&nbsp;TidyTowns@drcdg.gov.ie Facebook: www.facebook.com\/OfficialSuperValuTidyTowns\/ X\/Twitter:&nbsp;x.com\/TidyTownsIre Instagram: @supervalutidytownscompetition","og_url":"https:\/\/www.tidytowns.ie\/ga\/contact-us\/","og_site_name":"Supervalu TidyTowns","article_modified_time":"2025-10-21T08:30:09+00:00","og_image":[{"width":496,"height":292,"url":"https:\/\/www.tidytowns.ie\/app\/uploads\/2025\/07\/logo-main.png","type":"image\/png"}],"twitter_card":"summary_large_image","twitter_misc":{"Est. reading time":"1 minute"},"schema":{"@context":"https:\/\/schema.org","@graph":[{"@type":"WebPage","@id":"https:\/\/www.tidytowns.ie\/ga\/contact-us\/","url":"https:\/\/www.tidytowns.ie\/ga\/contact-us\/","name":"D\u00e9an Teagmh\u00e1il Linn - Supervalu TidyTowns","isPartOf":{"@id":"https:\/\/www.tidytowns.ie\/#website"},"datePublished":"2025-07-30T11:12:25+00:00","dateModified":"2025-10-21T08:30:09+00:00","breadcrumb":{"@id":"https:\/\/www.tidytowns.ie\/ga\/contact-us\/#breadcrumb"},"inLanguage":"ga-IE","potentialAction":[{"@type":"ReadAction","target":["https:\/\/www.tidytowns.ie\/ga\/contact-us\/"]}]},{"@type":"BreadcrumbList","@id":"https:\/\/www.tidytowns.ie\/ga\/contact-us\/#breadcrumb","itemListElement":[{"@type":"ListItem","position":1,"name":"Home","item":"https:\/\/www.tidytowns.ie\/ga\/"},{"@type":"ListItem","position":2,"name":"D\u00e9an Teagmh\u00e1il Linn"}]},{"@type":"WebSite","@id":"https:\/\/www.tidytowns.ie\/#website","url":"https:\/\/www.tidytowns.ie\/","name":"Supervalu TidyTowns","description":"","potentialAction":[{"@type":"SearchAction","target":{"@type":"EntryPoint","urlTemplate":"https:\/\/www.tidytowns.ie\/?s={search_term_string}"},"query-input":{"@type":"PropertyValueSpecification","valueRequired":true,"valueName":"search_term_string"}}],"inLanguage":"ga-IE"}]}},"spectra_custom_meta":{"_wp_page_template":[""],"_wpml_word_count":["52"],"_wpml_media_duplicate":["1"],"_wpml_media_featured":["1"],"_wpml_location_migration_done":["1"],"_yoast_wpseo_content_score":["90"],"_yoast_wpseo_estimated-reading-time-minutes":["1"],"_edit_lock":["1761035424:3"],"_last_translation_edit_mode":["native-editor"],"_edit_last":["3"],"_oembed_74a8fa6747369b319bb7d9d912c814d8":["<iframe title=\"SuperValu TidyTowns Competition - Preparing your Submission\" width=\"500\" height=\"281\" src=\"https:\/\/www.youtube.com\/embed\/1SQmsNzFGX4?feature=oembed\" frameborder=\"0\" allow=\"accelerometer; autoplay; clipboard-write; encrypted-media; gyroscope; picture-in-picture; web-share\" referrerpolicy=\"strict-origin-when-cross-origin\" allowfullscreen><\/iframe>"],"_oembed_time_74a8fa6747369b319bb7d9d912c814d8":["1768159638"]},"uagb_featured_image_src":{"full":false,"thumbnail":false,"medium":false,"medium_large":false,"large":false,"1536x1536":false,"2048x2048":false},"uagb_author_info":{"display_name":"Jose","author_link":"https:\/\/www.tidytowns.ie\/ga\/author\/jose\/"},"uagb_comment_info":0,"uagb_excerpt":"Bailte Slachtmhara,An Roinn Forbartha Tuaithe agus Pobail agus Gaeltachta,Oifig\u00ed Rialtais,B\u00e9al an \u00c1tha,Co. Mhaigh Eo F26 E8N6 F\u00f3n: (01) 7736988 R\u00edomhphost:&nbsp;TidyTowns@drcdg.gov.ie Facebook: www.facebook.com\/OfficialSuperValuTidyTowns\/ X\/Twitter:&nbsp;x.com\/TidyTownsIre Instagram: @supervalutidytownscompetition","_links":{"self":[{"href":"https:\/\/www.tidytowns.ie\/ga\/wp-json\/wp\/v2\/pages\/390","targetHints":{"allow":["GET"]}}],"collection":[{"href":"https:\/\/www.tidytowns.ie\/ga\/wp-json\/wp\/v2\/pages"}],"about":[{"href":"https:\/\/www.tidytowns.ie\/ga\/wp-json\/wp\/v2\/types\/page"}],"author":[{"embeddable":true,"href":"https:\/\/www.tidytowns.ie\/ga\/wp-json\/wp\/v2\/users\/2"}],"replies":[{"embeddable":true,"href":"https:\/\/www.tidytowns.ie\/ga\/wp-json\/wp\/v2\/comments?post=390"}],"version-history":[{"count":5,"href":"https:\/\/www.tidytowns.ie\/ga\/wp-json\/wp\/v2\/pages\/390\/revisions"}],"predecessor-version":[{"id":25514,"href":"https:\/\/www.tidytowns.ie\/ga\/wp-json\/wp\/v2\/pages\/390\/revisions\/25514"}],"wp:attachment":[{"href":"https:\/\/www.tidytowns.ie\/ga\/wp-json\/wp\/v2\/media?parent=390"}],"curies":[{"name":"wp","href":"https:\/\/api.w.org\/{rel}","templated":true}]}}