{"id":384,"date":"2025-07-29T12:36:43","date_gmt":"2025-07-29T11:36:43","guid":{"rendered":"https:\/\/www.tidytowns.ie\/sample-page\/"},"modified":"2026-03-23T16:35:40","modified_gmt":"2026-03-23T16:35:40","slug":"sample-page","status":"publish","type":"page","link":"https:\/\/www.tidytowns.ie\/ga\/","title":{"rendered":"Homepage Irish"},"content":{"rendered":"\n<div class=\"wp-block-uagb-container uagb-block-087f29ce alignfull uagb-is-root-container\"><div class=\"uagb-container-inner-blocks-wrap\">\n<div class=\"wp-block-uagb-container uagb-block-b31421de\">\n<div class=\"wp-block-uagb-container uagb-block-26a557d7\">\n<div class=\"wp-block-uagb-advanced-heading uagb-block-246ea743\"><h1 class=\"uagb-heading-text\"><em>Is tionscnamh n\u00e1isi\u00fanta \u00e9 com\u00f3rtas bliant\u00fail Bhailte Slachtmhara SuperValu a spreagann pobail chun cuma agus inbhuanaitheacht a gceantar \u00e1iti\u00fail a fheabhs\u00fa. Buna\u00edodh \u00e9 in 1958, agus cuireann s\u00e9 br\u00f3d poibl\u00ed, feasacht chomhshaoil, agus rannph\u00e1irt\u00edocht phobail chun cinn ar fud na h\u00c9ireann.<\/em><\/h1><\/div>\n\n\n\n<div class=\"wp-block-uagb-container uagb-block-e0f6bc43\">\n<div class=\"wp-block-uagb-image uagb-block-04edaf5e wp-block-uagb-image--layout-default wp-block-uagb-image--effect-static wp-block-uagb-image--align-none\"><figure class=\"wp-block-uagb-image__figure\"><img decoding=\"async\" srcset=\"https:\/\/www.tidytowns.ie\/app\/uploads\/2025\/07\/logo-wheel-white.png ,https:\/\/www.tidytowns.ie\/app\/uploads\/2025\/07\/logo-wheel-white.png 780w, https:\/\/www.tidytowns.ie\/app\/uploads\/2025\/07\/logo-wheel-white.png 360w\" sizes=\"auto, (max-width: 480px) 150px\" src=\"https:\/\/www.tidytowns.ie\/app\/uploads\/2025\/07\/logo-wheel-white.png\" alt=\"\" class=\"uag-image-95\" width=\"70\" height=\"70\" title=\"logo-wheel-white\" loading=\"lazy\" role=\"img\"\/><\/figure><\/div>\n<\/div>\n<\/div>\n<\/div>\n<\/div><\/div>\n\n\n\n<div class=\"wp-block-uagb-container uagb-block-36e73766 alignfull uagb-is-root-container\"><div class=\"uagb-container-inner-blocks-wrap\">\n<div class=\"wp-block-uagb-container uagb-block-77eaad5b\">\n<div class=\"wp-block-uagb-buttons uagb-buttons__outer-wrap uagb-btn__default-btn uagb-btn-tablet__default-btn uagb-btn-mobile__default-btn uagb-block-c47cedb3\"><div class=\"uagb-buttons__wrap uagb-buttons-layout-wrap \">\n<div class=\"wp-block-uagb-buttons-child uagb-buttons__outer-wrap uagb-block-39954337 wp-block-button\"><div class=\"uagb-button__wrapper\"><a class=\"uagb-buttons-repeater wp-block-button__link\" aria-label=\"\" href=\"https:\/\/www.tidytowns.ie\/ga\/the-competition\/entry-forms\/\" rel=\"follow noopener\" target=\"_self\" role=\"button\"><div class=\"uagb-button__link\">2026 Foirmeacha Iontr\u00e1la<\/div><\/a><\/div><\/div>\n<\/div><\/div>\n<\/div>\n\n\n\n<div class=\"wp-block-uagb-container uagb-block-db82152a\">\n<div class=\"wp-block-uagb-buttons uagb-buttons__outer-wrap uagb-btn__default-btn uagb-btn-tablet__default-btn uagb-btn-mobile__default-btn uagb-block-c3a20ec7\"><div class=\"uagb-buttons__wrap uagb-buttons-layout-wrap \">\n<div class=\"wp-block-uagb-buttons-child uagb-buttons__outer-wrap uagb-block-c51c6055 wp-block-button\"><div class=\"uagb-button__wrapper\"><a class=\"uagb-buttons-repeater wp-block-button__link\" aria-label=\"\" href=\"https:\/\/www.tidytowns.ie\/ga\/the-competition\/special-award-entry-forms\/\" rel=\"follow noopener\" target=\"_self\" role=\"button\"><div class=\"uagb-button__link\">2026 Dhuaiseanna Speisialta<\/div><\/a><\/div><\/div>\n<\/div><\/div>\n<\/div>\n\n\n\n<div class=\"wp-block-uagb-container uagb-block-60f2404f\">\n<div class=\"wp-block-uagb-buttons uagb-buttons__outer-wrap uagb-btn__default-btn uagb-btn-tablet__default-btn uagb-btn-mobile__default-btn uagb-block-47a9cdd7\"><div class=\"uagb-buttons__wrap uagb-buttons-layout-wrap \">\n<div class=\"wp-block-uagb-buttons-child uagb-buttons__outer-wrap uagb-block-f50a3dfe wp-block-button\"><div class=\"uagb-button__wrapper\"><a class=\"uagb-buttons-repeater wp-block-button__link\" aria-label=\"\" href=\"\/ga\/about-us\/minister-dara-calleary-t-d-launches-2026-supervalu-tidytowns-competition-celebrating-68-years-of-environmental-and-community-effort\/\" rel=\"follow noopener\" target=\"_self\" role=\"button\"><div class=\"uagb-button__link\">Preasr\u00e1iteas Duaiseanna 2026<\/div><\/a><\/div><\/div>\n<\/div><\/div>\n<\/div>\n<\/div><\/div>\n\n\n\n<div class=\"wp-block-uagb-container uagb-block-ec50f43b alignfull uagb-is-root-container\"><div class=\"uagb-container-inner-blocks-wrap\">\n<div class=\"wp-block-uagb-container uagb-block-df8db0dc\">\n<div class=\"wp-block-uagb-advanced-heading uagb-block-281ea7c4\"><\/div>\n\n\n\n<div class=\"wp-block-uagb-container uagb-block-fc7e47c4\"><\/div>\n<a class=\"spectra-container-link-overlay\" rel=\"noopener\" target=\"_blank\" href=\"https:\/\/www.facebook.com\/SuperValuIreland\/videos\/781755098003158\"> <\/a><\/div>\n\n\n\n<div class=\"wp-block-uagb-container uagb-block-b1bde66c\">\n<div class=\"wp-block-uagb-advanced-heading uagb-block-4455f8c5\"><\/div>\n\n\n\n<div class=\"wp-block-uagb-container uagb-block-befc5121\"><\/div>\n\n\n\n<div class=\"wp-block-uagb-advanced-heading uagb-block-ff195b78\"><\/div>\n<\/div>\n\n\n\n<div class=\"wp-block-uagb-container uagb-block-9afe8f60\">\n<div class=\"wp-block-uagb-advanced-heading uagb-block-0f4cda23\"><\/div>\n\n\n\n<div class=\"wp-block-uagb-container uagb-block-944e2b89\"><\/div>\n\n\n\n<div class=\"wp-block-uagb-advanced-heading uagb-block-46fc84e6\"><\/div>\n<a class=\"spectra-container-link-overlay\" rel=\"noopener\" href=\"https:\/\/www.tidytowns.ie\/ga\/get-involved\/find-your-tidytowns-group\/\"> <\/a><\/div>\n<\/div><\/div>\n\n\n\n<div class=\"wp-block-uagb-container uagb-block-375ffefe alignfull uagb-is-root-container\"><div class=\"uagb-container-inner-blocks-wrap\">\n<div class=\"wp-block-uagb-container uagb-block-e9e10a41\">\n<div class=\"wp-block-uagb-container uagb-block-dad3296b\">\n<div class=\"wp-block-uagb-advanced-heading uagb-block-10efc9b6\"><h2 class=\"uagb-heading-text\">Acmhainn\u00ed<\/h2><\/div>\n\n\n\n<div class=\"wp-block-uagb-container uagb-block-63277f17\">\n<div class=\"wp-block-uagb-advanced-heading uagb-block-cae8607b\"><h2 class=\"uagb-heading-text\">L\u00e9arsc\u00e1ileanna &amp; Graif<\/h2><\/div>\n\n\n\n<div class=\"wp-block-uagb-image uagb-block-82318056 wp-block-uagb-image--layout-default wp-block-uagb-image--effect-static wp-block-uagb-image--align-none\"><figure class=\"wp-block-uagb-image__figure\"><img decoding=\"async\" srcset=\"https:\/\/www.tidytowns.ie\/app\/uploads\/2025\/07\/icon-maps.png ,https:\/\/www.tidytowns.ie\/app\/uploads\/2025\/07\/icon-maps.png 780w, https:\/\/www.tidytowns.ie\/app\/uploads\/2025\/07\/icon-maps.png 360w\" sizes=\"auto, (max-width: 480px) 150px\" src=\"https:\/\/www.tidytowns.ie\/app\/uploads\/2025\/07\/icon-maps.png\" alt=\"\" class=\"uag-image-83\" width=\"50\" height=\"50\" title=\"icon-maps\" loading=\"lazy\" role=\"img\"\/><\/figure><\/div>\n<a class=\"spectra-container-link-overlay\" rel=\"noopener\" href=\"#\"> <\/a><\/div>\n<a class=\"spectra-container-link-overlay\" rel=\"noopener\" href=\"https:\/\/www.tidytowns.ie\/ga\/resources\/maps-graphs\/\"> <\/a><\/div>\n\n\n\n<div class=\"wp-block-uagb-container uagb-block-7111305a\">\n<div class=\"wp-block-uagb-container uagb-block-fbb0942c\">\n<div class=\"wp-block-uagb-advanced-heading uagb-block-71cde296\"><h2 class=\"uagb-heading-text\">Nuachtlitreacha<\/h2><\/div>\n\n\n\n<div class=\"wp-block-uagb-image uagb-block-bc9dfb9d wp-block-uagb-image--layout-default wp-block-uagb-image--effect-static wp-block-uagb-image--align-none\"><figure class=\"wp-block-uagb-image__figure\"><img decoding=\"async\" srcset=\"https:\/\/www.tidytowns.ie\/app\/uploads\/2025\/07\/icon-newsletters.png ,https:\/\/www.tidytowns.ie\/app\/uploads\/2025\/07\/icon-newsletters.png 780w, https:\/\/www.tidytowns.ie\/app\/uploads\/2025\/07\/icon-newsletters.png 360w\" sizes=\"auto, (max-width: 480px) 150px\" src=\"https:\/\/www.tidytowns.ie\/app\/uploads\/2025\/07\/icon-newsletters.png\" alt=\"\" class=\"uag-image-85\" width=\"50\" height=\"50\" title=\"icon-newsletters\" loading=\"lazy\" role=\"img\"\/><\/figure><\/div>\n<a class=\"spectra-container-link-overlay\" rel=\"noopener\" href=\"https:\/\/www.tidytowns.ie\/ga\/resources\/newsletters\/\"> <\/a><\/div>\n\n\n\n<div class=\"wp-block-uagb-container uagb-block-931740ce\">\n<div class=\"wp-block-uagb-advanced-heading uagb-block-3c3e4702\"><h2 class=\"uagb-heading-text\">Ceisteanna Coitianta<\/h2><\/div>\n\n\n\n<div class=\"wp-block-uagb-image uagb-block-eb7f130b wp-block-uagb-image--layout-default wp-block-uagb-image--effect-static wp-block-uagb-image--align-none\"><figure class=\"wp-block-uagb-image__figure\"><img decoding=\"async\" srcset=\"https:\/\/www.tidytowns.ie\/app\/uploads\/2025\/07\/icon-faqs-1.png ,https:\/\/www.tidytowns.ie\/app\/uploads\/2025\/07\/icon-faqs-1.png 780w, https:\/\/www.tidytowns.ie\/app\/uploads\/2025\/07\/icon-faqs-1.png 360w\" sizes=\"auto, (max-width: 480px) 150px\" src=\"https:\/\/www.tidytowns.ie\/app\/uploads\/2025\/07\/icon-faqs-1.png\" alt=\"\" class=\"uag-image-142\" width=\"50\" height=\"50\" title=\"icon-faqs\" loading=\"lazy\" role=\"img\"\/><\/figure><\/div>\n<a class=\"spectra-container-link-overlay\" rel=\"noopener\" href=\"https:\/\/www.tidytowns.ie\/ga\/resources\/faqs\/\"> <\/a><\/div>\n<\/div>\n\n\n\n<div class=\"wp-block-uagb-container uagb-block-71030b7d\">\n<div class=\"wp-block-uagb-container uagb-block-905edf88\">\n<div class=\"wp-block-uagb-advanced-heading uagb-block-72ecccf8\"><h2 class=\"uagb-heading-text\">L\u00e1mhleabhar<\/h2><\/div>\n\n\n\n<div class=\"wp-block-uagb-image uagb-block-0d308c9f wp-block-uagb-image--layout-default wp-block-uagb-image--effect-static wp-block-uagb-image--align-none\"><figure class=\"wp-block-uagb-image__figure\"><img decoding=\"async\" srcset=\"https:\/\/www.tidytowns.ie\/app\/uploads\/2025\/07\/iocn-handbook.png ,https:\/\/www.tidytowns.ie\/app\/uploads\/2025\/07\/iocn-handbook.png 780w, https:\/\/www.tidytowns.ie\/app\/uploads\/2025\/07\/iocn-handbook.png 360w\" sizes=\"auto, (max-width: 480px) 150px\" src=\"https:\/\/www.tidytowns.ie\/app\/uploads\/2025\/07\/iocn-handbook.png\" alt=\"\" class=\"uag-image-89\" width=\"50\" height=\"50\" title=\"iocn-handbook\" loading=\"lazy\" role=\"img\"\/><\/figure><\/div>\n<a class=\"spectra-container-link-overlay\" rel=\"noopener\" href=\"https:\/\/www.tidytowns.ie\/ga\/resources\/handbook\/\"> <\/a><\/div>\n\n\n\n<div class=\"wp-block-uagb-container uagb-block-06e65dff\">\n<div class=\"wp-block-uagb-advanced-heading uagb-block-aad6afbb\"><h2 class=\"uagb-heading-text\">F\u00edse\u00e1in &amp; Seimine\u00e1ir Ghr\u00e9as\u00e1in<\/h2><\/div>\n\n\n\n<div class=\"wp-block-uagb-image uagb-block-e831f72a wp-block-uagb-image--layout-default wp-block-uagb-image--effect-static wp-block-uagb-image--align-none\"><figure class=\"wp-block-uagb-image__figure\"><img decoding=\"async\" srcset=\"https:\/\/www.tidytowns.ie\/app\/uploads\/2025\/07\/icon-videos.png ,https:\/\/www.tidytowns.ie\/app\/uploads\/2025\/07\/icon-videos.png 780w, https:\/\/www.tidytowns.ie\/app\/uploads\/2025\/07\/icon-videos.png 360w\" sizes=\"auto, (max-width: 480px) 150px\" src=\"https:\/\/www.tidytowns.ie\/app\/uploads\/2025\/07\/icon-videos.png\" alt=\"\" class=\"uag-image-87\" width=\"50\" height=\"50\" title=\"icon-videos\" loading=\"lazy\" role=\"img\"\/><\/figure><\/div>\n<a class=\"spectra-container-link-overlay\" rel=\"noopener\" href=\"https:\/\/www.tidytowns.ie\/ga\/resources\/videos-webinars\/\"> <\/a><\/div>\n<\/div>\n<\/div>\n\n\n\n<div class=\"wp-block-uagb-container uagb-block-5509cbc0\">\n<div class=\"wp-block-uagb-image aligncenter uagb-block-2f5adf90 wp-block-uagb-image--layout-default wp-block-uagb-image--effect-static wp-block-uagb-image--align-center\"><figure class=\"wp-block-uagb-image__figure\"><img decoding=\"async\" srcset=\"https:\/\/www.tidytowns.ie\/app\/uploads\/2025\/07\/resources-base-1024x228.png ,https:\/\/www.tidytowns.ie\/app\/uploads\/2025\/07\/resources-base.png 780w, https:\/\/www.tidytowns.ie\/app\/uploads\/2025\/07\/resources-base.png 360w\" sizes=\"auto, (max-width: 480px) 150px\" src=\"https:\/\/www.tidytowns.ie\/app\/uploads\/2025\/07\/resources-base-1024x228.png\" alt=\"\" class=\"uag-image-97\" width=\"520\" height=\"100\" title=\"resources-base\" loading=\"lazy\" role=\"img\"\/><\/figure><\/div>\n<\/div>\n<\/div><\/div>\n\n\n\n<div class=\"wp-block-uagb-container uag-hide-desktop uag-hide-tab uag-hide-mob uagb-block-d1c146b1 alignfull uagb-is-root-container\"><div class=\"uagb-container-inner-blocks-wrap\">\n<div class=\"wp-block-uagb-container uagb-block-e26fec83\">\n<div class=\"wp-block-uagb-advanced-heading uagb-block-562e35aa\"><h2 class=\"uagb-heading-text\">Latest News<\/h2><\/div>\n\n\n\n<div class=\"wp-block-uagb-container uagb-block-5c6f6ca5\"><\/div>\n\n\n\n<div class=\"wp-block-uagb-advanced-heading uagb-block-5729e3ce\"><p class=\"uagb-heading-text\">This year, we welcomed a new MC to TidyTowns and enjoyed our first &#8216;Marty Party&#8217; &#8211; what a day we all had!!<\/p><\/div>\n<a class=\"spectra-container-link-overlay\" rel=\"noopener\" href=\"https:\/\/www.tidytowns.ie\/ga\/about-us\/news\/\"> <\/a><\/div>\n\n\n\n<div class=\"wp-block-uagb-container uagb-block-fb145049\">\n<div class=\"wp-block-uagb-advanced-heading uagb-block-ea6eaafb\"><h2 class=\"uagb-heading-text\">Our Sponsors<\/h2><\/div>\n\n\n\n<div class=\"wp-block-uagb-container uagb-block-03012db6\"><\/div>\n\n\n\n<div class=\"wp-block-uagb-advanced-heading uagb-block-2a2596fa\"><p class=\"uagb-heading-text\">Find out how TidyTowns groups around the country create unique projects that help the local town.<\/p><\/div>\n<\/div>\n\n\n\n<div class=\"wp-block-uagb-container uagb-block-989fe641\">\n<div class=\"wp-block-uagb-advanced-heading uagb-block-7dcbc4a6\"><h2 class=\"uagb-heading-text\">Galleries<\/h2><\/div>\n\n\n\n<div class=\"wp-block-uagb-container uagb-block-94c4a997\"><\/div>\n\n\n\n<div class=\"wp-block-uagb-advanced-heading uagb-block-778b15d0\"><p class=\"uagb-heading-text\">With over 900 TidyTowns groups around the country take a look to see if there is one near you.<\/p><\/div>\n<a class=\"spectra-container-link-overlay\" rel=\"noopener\" href=\"https:\/\/www.tidytowns.ie\/ga\/about-us\/gallery\/\"> <\/a><\/div>\n<\/div><\/div>\n","protected":false},"excerpt":{"rendered":"<p>Is tionscnamh n\u00e1isi\u00fanta \u00e9 com\u00f3rtas bliant\u00fail Bhailte Slachtmhara SuperValu a spreagann pobail chun cuma agus inbhuanaitheacht a gceantar \u00e1iti\u00fail a fheabhs\u00fa. Buna\u00edodh \u00e9 in 1958, agus cuireann s\u00e9 br\u00f3d poibl\u00ed, feasacht chomhshaoil, agus rannph\u00e1irt\u00edocht phobail chun cinn ar fud na h\u00c9ireann. Acmhainn\u00ed L\u00e9arsc\u00e1ileanna &amp; Graif Nuachtlitreacha Ceisteanna Coitianta L\u00e1mhleabhar F\u00edse\u00e1in &amp; Seimine\u00e1ir Ghr\u00e9as\u00e1in Latest News [&hellip;]<\/p>\n","protected":false},"author":1,"featured_media":0,"parent":0,"menu_order":0,"comment_status":"closed","ping_status":"open","template":"","meta":{"_acf_changed":false,"_relevanssi_hide_post":"","_relevanssi_hide_content":"","_relevanssi_pin_for_all":"","_relevanssi_pin_keywords":"","_relevanssi_unpin_keywords":"","_relevanssi_related_keywords":"","_relevanssi_related_include_ids":"","_relevanssi_related_exclude_ids":"","_relevanssi_related_no_append":"","_relevanssi_related_not_related":"","_relevanssi_related_posts":"263,237,259,248","_relevanssi_noindex_reason":"","_uag_custom_page_level_css":"","footnotes":""},"class_list":["post-384","page","type-page","status-publish","hentry"],"acf":[],"yoast_head":"<!-- This site is optimized with the Yoast SEO plugin v27.2 - https:\/\/yoast.com\/product\/yoast-seo-wordpress\/ -->\n<title>Homepage Irish - Supervalu TidyTowns<\/title>\n<meta name=\"robots\" content=\"index, follow, max-snippet:-1, max-image-preview:large, max-video-preview:-1\" \/>\n<link rel=\"canonical\" href=\"https:\/\/www.tidytowns.ie\/ga\/\" \/>\n<meta property=\"og:locale\" content=\"ga_IE\" \/>\n<meta property=\"og:type\" content=\"article\" \/>\n<meta property=\"og:title\" content=\"Homepage Irish - Supervalu TidyTowns\" \/>\n<meta property=\"og:description\" content=\"Is tionscnamh n\u00e1isi\u00fanta \u00e9 com\u00f3rtas bliant\u00fail Bhailte Slachtmhara SuperValu a spreagann pobail chun cuma agus inbhuanaitheacht a gceantar \u00e1iti\u00fail a fheabhs\u00fa. Buna\u00edodh \u00e9 in 1958, agus cuireann s\u00e9 br\u00f3d poibl\u00ed, feasacht chomhshaoil, agus rannph\u00e1irt\u00edocht phobail chun cinn ar fud na h\u00c9ireann. Acmhainn\u00ed L\u00e9arsc\u00e1ileanna &amp; Graif Nuachtlitreacha Ceisteanna Coitianta L\u00e1mhleabhar F\u00edse\u00e1in &amp; Seimine\u00e1ir Ghr\u00e9as\u00e1in Latest News [&hellip;]\" \/>\n<meta property=\"og:url\" content=\"https:\/\/www.tidytowns.ie\/ga\/\" \/>\n<meta property=\"og:site_name\" content=\"Supervalu TidyTowns\" \/>\n<meta property=\"article:modified_time\" content=\"2026-03-23T16:35:40+00:00\" \/>\n<meta property=\"og:image\" content=\"https:\/\/www.tidytowns.ie\/app\/uploads\/2025\/07\/logo-wheel-white.png\" \/>\n<meta name=\"twitter:card\" content=\"summary_large_image\" \/>\n<meta name=\"twitter:label1\" content=\"Est. reading time\" \/>\n\t<meta name=\"twitter:data1\" content=\"2 minutes\" \/>\n<script type=\"application\/ld+json\" class=\"yoast-schema-graph\">{\"@context\":\"https:\/\/schema.org\",\"@graph\":[{\"@type\":\"WebPage\",\"@id\":\"https:\/\/www.tidytowns.ie\/ga\/\",\"url\":\"https:\/\/www.tidytowns.ie\/ga\/\",\"name\":\"Homepage Irish - Supervalu TidyTowns\",\"isPartOf\":{\"@id\":\"https:\/\/www.tidytowns.ie\/#website\"},\"primaryImageOfPage\":{\"@id\":\"https:\/\/www.tidytowns.ie\/ga\/#primaryimage\"},\"image\":{\"@id\":\"https:\/\/www.tidytowns.ie\/ga\/#primaryimage\"},\"thumbnailUrl\":\"https:\/\/www.tidytowns.ie\/app\/uploads\/2025\/07\/logo-wheel-white.png\",\"datePublished\":\"2025-07-29T11:36:43+00:00\",\"dateModified\":\"2026-03-23T16:35:40+00:00\",\"breadcrumb\":{\"@id\":\"https:\/\/www.tidytowns.ie\/ga\/#breadcrumb\"},\"inLanguage\":\"ga-IE\",\"potentialAction\":[{\"@type\":\"ReadAction\",\"target\":[\"https:\/\/www.tidytowns.ie\/ga\/\"]}]},{\"@type\":\"ImageObject\",\"inLanguage\":\"ga-IE\",\"@id\":\"https:\/\/www.tidytowns.ie\/ga\/#primaryimage\",\"url\":\"https:\/\/www.tidytowns.ie\/app\/uploads\/2025\/07\/logo-wheel-white.png\",\"contentUrl\":\"https:\/\/www.tidytowns.ie\/app\/uploads\/2025\/07\/logo-wheel-white.png\"},{\"@type\":\"BreadcrumbList\",\"@id\":\"https:\/\/www.tidytowns.ie\/ga\/#breadcrumb\",\"itemListElement\":[{\"@type\":\"ListItem\",\"position\":1,\"name\":\"Home\",\"item\":\"https:\/\/www.tidytowns.ie\/ga\/\"},{\"@type\":\"ListItem\",\"position\":2,\"name\":\"Homepage Irish\"}]},{\"@type\":\"WebSite\",\"@id\":\"https:\/\/www.tidytowns.ie\/#website\",\"url\":\"https:\/\/www.tidytowns.ie\/\",\"name\":\"Supervalu TidyTowns\",\"description\":\"\",\"potentialAction\":[{\"@type\":\"SearchAction\",\"target\":{\"@type\":\"EntryPoint\",\"urlTemplate\":\"https:\/\/www.tidytowns.ie\/?s={search_term_string}\"},\"query-input\":{\"@type\":\"PropertyValueSpecification\",\"valueRequired\":true,\"valueName\":\"search_term_string\"}}],\"inLanguage\":\"ga-IE\"}]}<\/script>\n<!-- \/ Yoast SEO plugin. -->","yoast_head_json":{"title":"Homepage Irish - Supervalu TidyTowns","robots":{"index":"index","follow":"follow","max-snippet":"max-snippet:-1","max-image-preview":"max-image-preview:large","max-video-preview":"max-video-preview:-1"},"canonical":"https:\/\/www.tidytowns.ie\/ga\/","og_locale":"ga_IE","og_type":"article","og_title":"Homepage Irish - Supervalu TidyTowns","og_description":"Is tionscnamh n\u00e1isi\u00fanta \u00e9 com\u00f3rtas bliant\u00fail Bhailte Slachtmhara SuperValu a spreagann pobail chun cuma agus inbhuanaitheacht a gceantar \u00e1iti\u00fail a fheabhs\u00fa. Buna\u00edodh \u00e9 in 1958, agus cuireann s\u00e9 br\u00f3d poibl\u00ed, feasacht chomhshaoil, agus rannph\u00e1irt\u00edocht phobail chun cinn ar fud na h\u00c9ireann. Acmhainn\u00ed L\u00e9arsc\u00e1ileanna &amp; Graif Nuachtlitreacha Ceisteanna Coitianta L\u00e1mhleabhar F\u00edse\u00e1in &amp; Seimine\u00e1ir Ghr\u00e9as\u00e1in Latest News [&hellip;]","og_url":"https:\/\/www.tidytowns.ie\/ga\/","og_site_name":"Supervalu TidyTowns","article_modified_time":"2026-03-23T16:35:40+00:00","og_image":[{"url":"https:\/\/www.tidytowns.ie\/app\/uploads\/2025\/07\/logo-wheel-white.png","type":"","width":"","height":""}],"twitter_card":"summary_large_image","twitter_misc":{"Est. reading time":"2 minutes"},"schema":{"@context":"https:\/\/schema.org","@graph":[{"@type":"WebPage","@id":"https:\/\/www.tidytowns.ie\/ga\/","url":"https:\/\/www.tidytowns.ie\/ga\/","name":"Homepage Irish - Supervalu TidyTowns","isPartOf":{"@id":"https:\/\/www.tidytowns.ie\/#website"},"primaryImageOfPage":{"@id":"https:\/\/www.tidytowns.ie\/ga\/#primaryimage"},"image":{"@id":"https:\/\/www.tidytowns.ie\/ga\/#primaryimage"},"thumbnailUrl":"https:\/\/www.tidytowns.ie\/app\/uploads\/2025\/07\/logo-wheel-white.png","datePublished":"2025-07-29T11:36:43+00:00","dateModified":"2026-03-23T16:35:40+00:00","breadcrumb":{"@id":"https:\/\/www.tidytowns.ie\/ga\/#breadcrumb"},"inLanguage":"ga-IE","potentialAction":[{"@type":"ReadAction","target":["https:\/\/www.tidytowns.ie\/ga\/"]}]},{"@type":"ImageObject","inLanguage":"ga-IE","@id":"https:\/\/www.tidytowns.ie\/ga\/#primaryimage","url":"https:\/\/www.tidytowns.ie\/app\/uploads\/2025\/07\/logo-wheel-white.png","contentUrl":"https:\/\/www.tidytowns.ie\/app\/uploads\/2025\/07\/logo-wheel-white.png"},{"@type":"BreadcrumbList","@id":"https:\/\/www.tidytowns.ie\/ga\/#breadcrumb","itemListElement":[{"@type":"ListItem","position":1,"name":"Home","item":"https:\/\/www.tidytowns.ie\/ga\/"},{"@type":"ListItem","position":2,"name":"Homepage Irish"}]},{"@type":"WebSite","@id":"https:\/\/www.tidytowns.ie\/#website","url":"https:\/\/www.tidytowns.ie\/","name":"Supervalu TidyTowns","description":"","potentialAction":[{"@type":"SearchAction","target":{"@type":"EntryPoint","urlTemplate":"https:\/\/www.tidytowns.ie\/?s={search_term_string}"},"query-input":{"@type":"PropertyValueSpecification","valueRequired":true,"valueName":"search_term_string"}}],"inLanguage":"ga-IE"}]}},"spectra_custom_meta":{"_wp_page_template":["default"],"_wpml_word_count":["143"],"_wpml_location_migration_done":["1"],"_wpml_media_duplicate":["1"],"_wpml_media_featured":["1"],"_yoast_wpseo_content_score":["90"],"_yoast_wpseo_estimated-reading-time-minutes":["2"],"_edit_lock":["1774283742:3"],"_last_translation_edit_mode":["native-editor"],"_edit_last":["3"],"_oembed_41fb953ed1c18b3780ee193a8de30f80":["<iframe title=\"TidyTowns Adjudicator recruitment\" width=\"500\" height=\"281\" src=\"https:\/\/www.youtube.com\/embed\/yJF8v3KdOt4?feature=oembed\" frameborder=\"0\" allow=\"accelerometer; autoplay; clipboard-write; encrypted-media; gyroscope; picture-in-picture; web-share\" referrerpolicy=\"strict-origin-when-cross-origin\" allowfullscreen><\/iframe>"],"_oembed_time_41fb953ed1c18b3780ee193a8de30f80":["1763726119"],"_oembed_74a8fa6747369b319bb7d9d912c814d8":["<iframe title=\"SuperValu TidyTowns Competition - Preparing your Submission\" width=\"500\" height=\"281\" src=\"https:\/\/www.youtube.com\/embed\/1SQmsNzFGX4?feature=oembed\" frameborder=\"0\" allow=\"accelerometer; autoplay; clipboard-write; encrypted-media; gyroscope; picture-in-picture; web-share\" referrerpolicy=\"strict-origin-when-cross-origin\" allowfullscreen><\/iframe>"],"_oembed_time_74a8fa6747369b319bb7d9d912c814d8":["1763749290"],"_oembed_b5a2b7401b53a62fce0c2575347c8926":["<iframe title=\"Sustainability Doing More With Less Category\" width=\"500\" height=\"281\" src=\"https:\/\/www.youtube.com\/embed\/eJzMamiTcUs?feature=oembed\" frameborder=\"0\" allow=\"accelerometer; autoplay; clipboard-write; encrypted-media; gyroscope; picture-in-picture; web-share\" referrerpolicy=\"strict-origin-when-cross-origin\" allowfullscreen><\/iframe>"],"_oembed_time_b5a2b7401b53a62fce0c2575347c8926":["1771042689"],"_oembed_8e089ebf341f0c3d93ae7c80742d554a":["<iframe title=\"TidyTowns and the Sustainability Development Goals\" width=\"500\" height=\"281\" src=\"https:\/\/www.youtube.com\/embed\/-gU-pKQW0-U?feature=oembed\" frameborder=\"0\" allow=\"accelerometer; autoplay; clipboard-write; encrypted-media; gyroscope; picture-in-picture; web-share\" referrerpolicy=\"strict-origin-when-cross-origin\" allowfullscreen><\/iframe>"],"_oembed_time_8e089ebf341f0c3d93ae7c80742d554a":["1771042689"],"_relevanssi_related_posts":["263,237,259,248"]},"uagb_featured_image_src":{"full":false,"thumbnail":false,"medium":false,"medium_large":false,"large":false,"1536x1536":false,"2048x2048":false},"uagb_author_info":{"display_name":"Dawid","author_link":"https:\/\/www.tidytowns.ie\/ga\/author\/dawid\/"},"uagb_comment_info":0,"uagb_excerpt":"Is tionscnamh n\u00e1isi\u00fanta \u00e9 com\u00f3rtas bliant\u00fail Bhailte Slachtmhara SuperValu a spreagann pobail chun cuma agus inbhuanaitheacht a gceantar \u00e1iti\u00fail a fheabhs\u00fa. Buna\u00edodh \u00e9 in 1958, agus cuireann s\u00e9 br\u00f3d poibl\u00ed, feasacht chomhshaoil, agus rannph\u00e1irt\u00edocht phobail chun cinn ar fud na h\u00c9ireann. Acmhainn\u00ed L\u00e9arsc\u00e1ileanna &amp; Graif Nuachtlitreacha Ceisteanna Coitianta L\u00e1mhleabhar F\u00edse\u00e1in &amp; Seimine\u00e1ir Ghr\u00e9as\u00e1in Latest News&hellip;","_links":{"self":[{"href":"https:\/\/www.tidytowns.ie\/ga\/wp-json\/wp\/v2\/pages\/384","targetHints":{"allow":["GET"]}}],"collection":[{"href":"https:\/\/www.tidytowns.ie\/ga\/wp-json\/wp\/v2\/pages"}],"about":[{"href":"https:\/\/www.tidytowns.ie\/ga\/wp-json\/wp\/v2\/types\/page"}],"author":[{"embeddable":true,"href":"https:\/\/www.tidytowns.ie\/ga\/wp-json\/wp\/v2\/users\/1"}],"replies":[{"embeddable":true,"href":"https:\/\/www.tidytowns.ie\/ga\/wp-json\/wp\/v2\/comments?post=384"}],"version-history":[{"count":44,"href":"https:\/\/www.tidytowns.ie\/ga\/wp-json\/wp\/v2\/pages\/384\/revisions"}],"predecessor-version":[{"id":28005,"href":"https:\/\/www.tidytowns.ie\/ga\/wp-json\/wp\/v2\/pages\/384\/revisions\/28005"}],"wp:attachment":[{"href":"https:\/\/www.tidytowns.ie\/ga\/wp-json\/wp\/v2\/media?parent=384"}],"curies":[{"name":"wp","href":"https:\/\/api.w.org\/{rel}","templated":true}]}}