{"id":27970,"date":"2026-03-23T10:17:43","date_gmt":"2026-03-23T10:17:43","guid":{"rendered":"https:\/\/www.tidytowns.ie\/?page_id=27970"},"modified":"2026-03-23T14:38:35","modified_gmt":"2026-03-23T14:38:35","slug":"seolann-an-taire-dara-callearycomortas-bhailte-slachtmhara-supervalu-2026ag-ceiliuradh-iarrachtai-comhshaoil-agus-pobaille-hocht-mbliana-is-seasca-anuas","status":"publish","type":"page","link":"https:\/\/www.tidytowns.ie\/ga\/about-us\/news\/seolann-an-taire-dara-callearycomortas-bhailte-slachtmhara-supervalu-2026ag-ceiliuradh-iarrachtai-comhshaoil-agus-pobaille-hocht-mbliana-is-seasca-anuas\/","title":{"rendered":"Seolann an tAire Dara CallearyCom\u00f3rtas Bhailte Slachtmhara SuperValu 2026ag ceili\u00faradh iarrachta\u00ed comhshaoil agus pobaille hocht mbliana is seasca anuas"},"content":{"rendered":"\n<p id=\"block-af8e015a-f068-4662-ab13-f4a5b2a0f4cb\"><strong>23 M\u00e1rta 2026<\/strong><\/p>\n\n\n\n<p id=\"block-a298f7fd-2520-4815-9a49-3eead9078604\">Inniu, an 23 M\u00e1rta, sheol an tAire Forbartha Tuaithe agus Pobail agus Gaeltachta, Dara Calleary TD, in \u00e9ineacht le Sti\u00farth\u00f3ir Bainist\u00edochta SuperValu, an tUasal Luke Hanlon, com\u00f3rtas Bhailte Slachtmhara SuperValu 2026.<\/p>\n\n\n\n<p id=\"block-0f1ba4a4-982d-4a27-ad1d-f113ed2f4280\">T\u00e1 an com\u00f3rtas, at\u00e1 \u00e1 re\u00e1cht\u00e1il \u00f3 1958 i leith, faoi riar an Roinn Forbartha Tuaithe agus Pobail agus Gaeltachta agus faoi urra\u00edocht SuperValu, ar cheann de na tionscnaimh inbhuanaithe, chomhshaoil \u200b\u200bagus phobail is aitheanta sa t\u00edr.<\/p>\n\n\n\n<div class=\"wp-block-uagb-image uagb-block-20dd6342 wp-block-uagb-image--layout-default wp-block-uagb-image--effect-static wp-block-uagb-image--align-none\"><figure class=\"wp-block-uagb-image__figure\"><img decoding=\"async\" srcset=\"https:\/\/www.tidytowns.ie\/app\/uploads\/2026\/03\/2L4A3150-1024x683.jpg ,https:\/\/www.tidytowns.ie\/app\/uploads\/2026\/03\/2L4A3150.jpg 780w, https:\/\/www.tidytowns.ie\/app\/uploads\/2026\/03\/2L4A3150.jpg 360w\" sizes=\"auto, (max-width: 480px) 150px\" src=\"https:\/\/www.tidytowns.ie\/app\/uploads\/2026\/03\/2L4A3150-1024x683.jpg\" alt=\"\" class=\"uag-image-27994\" width=\"1024\" height=\"683\" title=\"2L4A3150\" loading=\"lazy\" role=\"img\"\/><\/figure><\/div>\n\n\n\n<p id=\"block-6c207f0f-0bf3-4651-84c7-f2804733b2f4\"><strong>Ag labhairt ag seoladh an chom\u00f3rtais, d\u00fairt an tAire Calleary:<\/strong><\/p>\n\n\n\n<p id=\"block-5498adbb-b91d-4e37-8557-0ce0743b1131\"><em>\u201cT\u00e1 \u00e1thas orm a bheith anseo i gCora Droma R\u00faisc, an baile ba shlachtmhaire in \u00c9irinn in 2025, agus muid ag seoladh com\u00f3rtas Bhailte Slachtmhara SuperValu 2026. T\u00e1 an com\u00f3rtas seo ag f\u00e1s bliain i ndiaidh bliana le hocht mbliana is seasca anuas, agus t\u00e1 rath an chom\u00f3rtais chun leasa d\u00fainn uile.\u201d<\/em><\/p>\n\n\n\n<p id=\"block-2c52b1f6-499d-424a-bda0-2ef5f8d1b595\">T\u00e1 beagnach 1,000 gr\u00fapa Bhailte Slachtmhara gn\u00edomhach ann, agus anuraidh fuarthas 929 iontr\u00e1il, an l\u00edon ba mh\u00f3 riamh, i gcom\u00f3rtas Bhailte Slachtmhara SuperValu. Thug breis is 30,000 oibr\u00ed deonach breis is milli\u00fan uair an chloig d\u00e1 gcuid ama, i rith na bliana, chun teacht le ch\u00e9ile chun \u00e1r bpobail a dh\u00e9anamh n\u00edos glaine, n\u00edos gile agus n\u00edos beoga.<\/p>\n\n\n\n<p id=\"block-28eed5fc-acd0-4ccd-98e1-d988740d4061\"><strong>Ar an dara dul s\u00edos, d\u00fairt an tAire Calleary:<\/strong><\/p>\n\n\n\n<p id=\"block-f234c257-e643-4f00-bf65-de0c017311a1\"><em>\u201cBh\u00ed gr\u00fapa\u00ed na mBailte Slachtmhara r\u00edth\u00e1bhachtach chun tac\u00fa le cusp\u00f3ir an rialtais agus chun \u00e9 a fheabhs\u00fa chun a chinnti\u00fa go bhfuil bailte inbhuanaithe, acmhainneacha agus rath\u00fala do ghn\u00edomha\u00edocht tr\u00e1cht\u00e1la agus sh\u00f3isialta.&nbsp;<\/em><\/p>\n\n\n\n<p id=\"block-8e870298-10ce-4c0c-b22b-d4a1e625c9fb\"><em>&nbsp;\u201cMholfainn do gach duine teagmh\u00e1il a dh\u00e9anamh leis an ngr\u00fapa \u00e1iti\u00fail agus obair dheonach a dh\u00e9anamh, beidh iontas ort faoi na bunt\u00e1ist\u00ed a d\u2019fh\u00e9adfadh teacht chun cinn duit f\u00e9in agus do do phobal n\u00edos leithne.<\/em><\/p>\n\n\n\n<p id=\"block-21a482d7-990f-49cd-ade3-360cae30ced7\"><em>\u201cGabhaim bu\u00edochas speisialta len\u00e1r n-urraitheoir n\u00e1isi\u00fanta, Supervalu, at\u00e1 ag d\u00e9anamh urra\u00edochta ar an gcom\u00f3rtas le s\u00e9 bliana is tr\u00edocha anuas. T\u00e1 SuperValu ina gcomhph\u00e1irtithe iontacha agus t\u00e1im ag tn\u00fath le lean\u00faint leis an gcomhph\u00e1irt\u00edocht seo sna blianta amach romhainn.\u201d<\/em><\/p>\n\n\n\n<div class=\"wp-block-uagb-image uagb-block-d837ddc5 wp-block-uagb-image--layout-default wp-block-uagb-image--effect-static wp-block-uagb-image--align-none\"><figure class=\"wp-block-uagb-image__figure\"><img decoding=\"async\" srcset=\"https:\/\/www.tidytowns.ie\/app\/uploads\/2026\/03\/2L4A3136-1024x683.jpg ,https:\/\/www.tidytowns.ie\/app\/uploads\/2026\/03\/2L4A3136.jpg 780w, https:\/\/www.tidytowns.ie\/app\/uploads\/2026\/03\/2L4A3136.jpg 360w\" sizes=\"auto, (max-width: 480px) 150px\" src=\"https:\/\/www.tidytowns.ie\/app\/uploads\/2026\/03\/2L4A3136-1024x683.jpg\" alt=\"\" class=\"uag-image-27996\" width=\"1024\" height=\"683\" title=\"2L4A3136\" loading=\"lazy\" role=\"img\"\/><\/figure><\/div>\n\n\n\n<p id=\"block-f58f6377-f459-4e3b-94f7-9fec78143560\"><strong>Ag labhairt ag an seoladh inniu, d\u00fairt Luke Hanlon, Sti\u00farth\u00f3ir Bainist\u00edochta SuperValu:<\/strong><\/p>\n\n\n\n<p id=\"block-e9fd3cf8-a62b-4666-82f3-bf4806dae010\"><em>\u201cIs m\u00f3r an spreagadh i gc\u00f3na\u00ed \u00e9 seoladh chom\u00f3rtas Bhailte Slachtmhara SuperValu do choist\u00ed agus d\u2019oibrithe deonacha ar fud na t\u00edre. T\u00e1 fad saoil agus \u00e9ags\u00falacht an chl\u00e1ir suntasach, agus 70% de na coist\u00ed gn\u00edomhach le breis agus deich mbliana, agus t\u00e1 ceathr\u00fa de na hoibrithe deonacha go l\u00e9ir faoi bhun c\u00faig bliana is daichead d\u2019aois. T\u00e1 s\u00e9 iontach oibrithe deonacha de gach aois agus c\u00falra a fheice\u00e1il ag teacht le ch\u00e9ile leis an aidhm a bpobail a fheabhs\u00fa, agus t\u00e1imid ag s\u00fail le tortha\u00ed a gcuid oibre crua a fheice\u00e1il i rith na bliana.&nbsp;<\/em><\/p>\n\n\n\n<p id=\"block-716b8516-b7ae-4eb0-9a35-4a1a97429047\"><em>\u201cN\u00ed bhaineann r\u00f3l SuperValu i bpobail le miond\u00edol amh\u00e1in. T\u00e1imid br\u00f3d\u00fail as fosta\u00edocht \u00e1iti\u00fail a shol\u00e1thar, sol\u00e1thraithe \u00e1iti\u00fala a chur chun cinn agus infheist\u00edocht a dh\u00e9anamh i dtionscnaimh a chuid\u00edonn le caighde\u00e1n na beatha a neart\u00fa sna ceantair a bhfreastala\u00edmid orthu. T\u00e1 tionscnamh Bhailte Slachtmhara SuperValu ag teacht go n\u00e1d\u00fartha len\u00e1r dtiomantas fadbhunaithe chun pobail n\u00edos glaine, n\u00edos glaise agus n\u00edos inbhuanaithe a th\u00f3g\u00e1il. T\u00e1 an inbhuanaitheacht f\u00f3s l\u00e1rnach sa chl\u00e1r, agus tr\u00ed Bhailte Slachtmhara SuperValu t\u00e1 s\u00e9 mar aidhm againn tionchar dearfach buan a chruth\u00fa ar an gcomhshaol, agus tac\u00fa le pobail chun br\u00f3d a bheith acu as na h\u00e1iteanna ina gc\u00f3na\u00edonn siad agus ina n-oibr\u00edonn siad.<\/em><\/p>\n\n\n\n<p id=\"block-1f12957a-7b17-46c8-827f-f3eaf0a2fe41\"><em>\u201cMar mhiond\u00edolt\u00f3ir pobail, t\u00e1imid an-bhr\u00f3d\u00fail as p\u00e1irt a ghlacadh i mBailte Slachtmhara SuperValu ar feadh bliana eile agus gabhaimid bu\u00edochas len\u00e1r miond\u00edolt\u00f3ir\u00ed neamhsple\u00e1cha as a dtaca\u00edocht agus a dtiomantas gan staonadh.\u201d<\/em><\/p>\n\n\n\n<p id=\"block-d427d8d4-a324-401c-90d7-9b1f940b8218\"><strong>Mar fhocal scoir, ghabh an tAire Calleary bu\u00edochas&nbsp; le hoibrithe deonacha na mBailte Slachtmhara ar fud na t\u00edre agus ghu\u00edgh s\u00e9 gach rath orthu i gcom\u00f3rtas 2026.&nbsp; Duirt an tAire:<\/strong><\/p>\n\n\n\n<p id=\"block-9b0d38c9-49f6-4872-91c8-7a3cc4995c27\"><em>\u201cGu\u00edm gach rath oraibh go l\u00e9ir i gcom\u00f3rtas 2026. T\u00e1im ag s\u00fail le hiontr\u00e1lacha \u00e1ille na mbailte agus na sr\u00e1idbhailte a fheice\u00e1il agus bualadh libh ag an searmanas bronnta n\u00edos d\u00e9ana\u00ed i mbliana.\u201d<\/em> Is \u00e9 D\u00e9 Luain, an 11 Bealtaine 2026, an d\u00e1ta deiridh le haghaidh iontr\u00e1lacha a fh\u00e1il don chom\u00f3rtas i mbliana.<\/p>\n","protected":false},"excerpt":{"rendered":"<p>23 M\u00e1rta 2026 Inniu, an 23 M\u00e1rta, sheol an tAire Forbartha Tuaithe agus Pobail agus Gaeltachta, Dara Calleary TD, in \u00e9ineacht le Sti\u00farth\u00f3ir Bainist\u00edochta SuperValu, an tUasal Luke Hanlon, com\u00f3rtas Bhailte Slachtmhara SuperValu 2026. T\u00e1 an com\u00f3rtas, at\u00e1 \u00e1 re\u00e1cht\u00e1il \u00f3 1958 i leith, faoi riar an Roinn Forbartha Tuaithe agus Pobail agus Gaeltachta agus [&hellip;]<\/p>\n","protected":false},"author":3,"featured_media":0,"parent":393,"menu_order":0,"comment_status":"closed","ping_status":"closed","template":"","meta":{"_acf_changed":false,"_relevanssi_hide_post":"","_relevanssi_hide_content":"","_relevanssi_pin_for_all":"","_relevanssi_pin_keywords":"","_relevanssi_unpin_keywords":"","_relevanssi_related_keywords":"","_relevanssi_related_include_ids":"","_relevanssi_related_exclude_ids":"","_relevanssi_related_no_append":"","_relevanssi_related_not_related":"","_relevanssi_related_posts":"259,248,237,263","_relevanssi_noindex_reason":"","_uag_custom_page_level_css":"","footnotes":""},"class_list":["post-27970","page","type-page","status-publish","hentry"],"acf":[],"yoast_head":"<!-- This site is optimized with the Yoast SEO plugin v27.2 - https:\/\/yoast.com\/product\/yoast-seo-wordpress\/ -->\n<title>Seolann an tAire Dara CallearyCom\u00f3rtas Bhailte Slachtmhara SuperValu 2026ag ceili\u00faradh iarrachta\u00ed comhshaoil agus pobaille hocht mbliana is seasca anuas - Supervalu TidyTowns<\/title>\n<meta name=\"robots\" content=\"index, follow, max-snippet:-1, max-image-preview:large, max-video-preview:-1\" \/>\n<link rel=\"canonical\" href=\"https:\/\/www.tidytowns.ie\/ga\/about-us\/news\/seolann-an-taire-dara-callearycomortas-bhailte-slachtmhara-supervalu-2026ag-ceiliuradh-iarrachtai-comhshaoil-agus-pobaille-hocht-mbliana-is-seasca-anuas\/\" \/>\n<meta property=\"og:locale\" content=\"ga_IE\" \/>\n<meta property=\"og:type\" content=\"article\" \/>\n<meta property=\"og:title\" content=\"Seolann an tAire Dara CallearyCom\u00f3rtas Bhailte Slachtmhara SuperValu 2026ag ceili\u00faradh iarrachta\u00ed comhshaoil agus pobaille hocht mbliana is seasca anuas - Supervalu TidyTowns\" \/>\n<meta property=\"og:description\" content=\"23 M\u00e1rta 2026 Inniu, an 23 M\u00e1rta, sheol an tAire Forbartha Tuaithe agus Pobail agus Gaeltachta, Dara Calleary TD, in \u00e9ineacht le Sti\u00farth\u00f3ir Bainist\u00edochta SuperValu, an tUasal Luke Hanlon, com\u00f3rtas Bhailte Slachtmhara SuperValu 2026. T\u00e1 an com\u00f3rtas, at\u00e1 \u00e1 re\u00e1cht\u00e1il \u00f3 1958 i leith, faoi riar an Roinn Forbartha Tuaithe agus Pobail agus Gaeltachta agus [&hellip;]\" \/>\n<meta property=\"og:url\" content=\"https:\/\/www.tidytowns.ie\/ga\/about-us\/news\/seolann-an-taire-dara-callearycomortas-bhailte-slachtmhara-supervalu-2026ag-ceiliuradh-iarrachtai-comhshaoil-agus-pobaille-hocht-mbliana-is-seasca-anuas\/\" \/>\n<meta property=\"og:site_name\" content=\"Supervalu TidyTowns\" \/>\n<meta property=\"article:modified_time\" content=\"2026-03-23T14:38:35+00:00\" \/>\n<meta property=\"og:image\" content=\"https:\/\/www.tidytowns.ie\/app\/uploads\/2026\/03\/2L4A3150-1024x683.jpg\" \/>\n<meta name=\"twitter:card\" content=\"summary_large_image\" \/>\n<meta name=\"twitter:label1\" content=\"Est. reading time\" \/>\n\t<meta name=\"twitter:data1\" content=\"3 minutes\" \/>\n<script type=\"application\/ld+json\" class=\"yoast-schema-graph\">{\"@context\":\"https:\/\/schema.org\",\"@graph\":[{\"@type\":\"WebPage\",\"@id\":\"https:\/\/www.tidytowns.ie\/ga\/about-us\/news\/seolann-an-taire-dara-callearycomortas-bhailte-slachtmhara-supervalu-2026ag-ceiliuradh-iarrachtai-comhshaoil-agus-pobaille-hocht-mbliana-is-seasca-anuas\/\",\"url\":\"https:\/\/www.tidytowns.ie\/ga\/about-us\/news\/seolann-an-taire-dara-callearycomortas-bhailte-slachtmhara-supervalu-2026ag-ceiliuradh-iarrachtai-comhshaoil-agus-pobaille-hocht-mbliana-is-seasca-anuas\/\",\"name\":\"Seolann an tAire Dara CallearyCom\u00f3rtas Bhailte Slachtmhara SuperValu 2026ag ceili\u00faradh iarrachta\u00ed comhshaoil agus pobaille hocht mbliana is seasca anuas - Supervalu TidyTowns\",\"isPartOf\":{\"@id\":\"https:\/\/www.tidytowns.ie\/#website\"},\"primaryImageOfPage\":{\"@id\":\"https:\/\/www.tidytowns.ie\/ga\/about-us\/news\/seolann-an-taire-dara-callearycomortas-bhailte-slachtmhara-supervalu-2026ag-ceiliuradh-iarrachtai-comhshaoil-agus-pobaille-hocht-mbliana-is-seasca-anuas\/#primaryimage\"},\"image\":{\"@id\":\"https:\/\/www.tidytowns.ie\/ga\/about-us\/news\/seolann-an-taire-dara-callearycomortas-bhailte-slachtmhara-supervalu-2026ag-ceiliuradh-iarrachtai-comhshaoil-agus-pobaille-hocht-mbliana-is-seasca-anuas\/#primaryimage\"},\"thumbnailUrl\":\"https:\/\/www.tidytowns.ie\/app\/uploads\/2026\/03\/2L4A3150-1024x683.jpg\",\"datePublished\":\"2026-03-23T10:17:43+00:00\",\"dateModified\":\"2026-03-23T14:38:35+00:00\",\"breadcrumb\":{\"@id\":\"https:\/\/www.tidytowns.ie\/ga\/about-us\/news\/seolann-an-taire-dara-callearycomortas-bhailte-slachtmhara-supervalu-2026ag-ceiliuradh-iarrachtai-comhshaoil-agus-pobaille-hocht-mbliana-is-seasca-anuas\/#breadcrumb\"},\"inLanguage\":\"ga-IE\",\"potentialAction\":[{\"@type\":\"ReadAction\",\"target\":[\"https:\/\/www.tidytowns.ie\/ga\/about-us\/news\/seolann-an-taire-dara-callearycomortas-bhailte-slachtmhara-supervalu-2026ag-ceiliuradh-iarrachtai-comhshaoil-agus-pobaille-hocht-mbliana-is-seasca-anuas\/\"]}]},{\"@type\":\"ImageObject\",\"inLanguage\":\"ga-IE\",\"@id\":\"https:\/\/www.tidytowns.ie\/ga\/about-us\/news\/seolann-an-taire-dara-callearycomortas-bhailte-slachtmhara-supervalu-2026ag-ceiliuradh-iarrachtai-comhshaoil-agus-pobaille-hocht-mbliana-is-seasca-anuas\/#primaryimage\",\"url\":\"https:\/\/www.tidytowns.ie\/app\/uploads\/2026\/03\/2L4A3150-1024x683.jpg\",\"contentUrl\":\"https:\/\/www.tidytowns.ie\/app\/uploads\/2026\/03\/2L4A3150-1024x683.jpg\"},{\"@type\":\"BreadcrumbList\",\"@id\":\"https:\/\/www.tidytowns.ie\/ga\/about-us\/news\/seolann-an-taire-dara-callearycomortas-bhailte-slachtmhara-supervalu-2026ag-ceiliuradh-iarrachtai-comhshaoil-agus-pobaille-hocht-mbliana-is-seasca-anuas\/#breadcrumb\",\"itemListElement\":[{\"@type\":\"ListItem\",\"position\":1,\"name\":\"Home\",\"item\":\"https:\/\/www.tidytowns.ie\/ga\/\"},{\"@type\":\"ListItem\",\"position\":2,\"name\":\"Maidir Linne\",\"item\":\"https:\/\/www.tidytowns.ie\/ga\/about-us\/\"},{\"@type\":\"ListItem\",\"position\":3,\"name\":\"Naucht\",\"item\":\"https:\/\/tidytowns.fusio2.com\/ga\/about-us\/news\/\"},{\"@type\":\"ListItem\",\"position\":4,\"name\":\"Seolann an tAire Dara CallearyCom\u00f3rtas Bhailte Slachtmhara SuperValu 2026ag ceili\u00faradh iarrachta\u00ed comhshaoil agus pobaille hocht mbliana is seasca anuas\"}]},{\"@type\":\"WebSite\",\"@id\":\"https:\/\/www.tidytowns.ie\/#website\",\"url\":\"https:\/\/www.tidytowns.ie\/\",\"name\":\"Supervalu TidyTowns\",\"description\":\"\",\"potentialAction\":[{\"@type\":\"SearchAction\",\"target\":{\"@type\":\"EntryPoint\",\"urlTemplate\":\"https:\/\/www.tidytowns.ie\/?s={search_term_string}\"},\"query-input\":{\"@type\":\"PropertyValueSpecification\",\"valueRequired\":true,\"valueName\":\"search_term_string\"}}],\"inLanguage\":\"ga-IE\"}]}<\/script>\n<!-- \/ Yoast SEO plugin. -->","yoast_head_json":{"title":"Seolann an tAire Dara CallearyCom\u00f3rtas Bhailte Slachtmhara SuperValu 2026ag ceili\u00faradh iarrachta\u00ed comhshaoil agus pobaille hocht mbliana is seasca anuas - Supervalu TidyTowns","robots":{"index":"index","follow":"follow","max-snippet":"max-snippet:-1","max-image-preview":"max-image-preview:large","max-video-preview":"max-video-preview:-1"},"canonical":"https:\/\/www.tidytowns.ie\/ga\/about-us\/news\/seolann-an-taire-dara-callearycomortas-bhailte-slachtmhara-supervalu-2026ag-ceiliuradh-iarrachtai-comhshaoil-agus-pobaille-hocht-mbliana-is-seasca-anuas\/","og_locale":"ga_IE","og_type":"article","og_title":"Seolann an tAire Dara CallearyCom\u00f3rtas Bhailte Slachtmhara SuperValu 2026ag ceili\u00faradh iarrachta\u00ed comhshaoil agus pobaille hocht mbliana is seasca anuas - Supervalu TidyTowns","og_description":"23 M\u00e1rta 2026 Inniu, an 23 M\u00e1rta, sheol an tAire Forbartha Tuaithe agus Pobail agus Gaeltachta, Dara Calleary TD, in \u00e9ineacht le Sti\u00farth\u00f3ir Bainist\u00edochta SuperValu, an tUasal Luke Hanlon, com\u00f3rtas Bhailte Slachtmhara SuperValu 2026. T\u00e1 an com\u00f3rtas, at\u00e1 \u00e1 re\u00e1cht\u00e1il \u00f3 1958 i leith, faoi riar an Roinn Forbartha Tuaithe agus Pobail agus Gaeltachta agus [&hellip;]","og_url":"https:\/\/www.tidytowns.ie\/ga\/about-us\/news\/seolann-an-taire-dara-callearycomortas-bhailte-slachtmhara-supervalu-2026ag-ceiliuradh-iarrachtai-comhshaoil-agus-pobaille-hocht-mbliana-is-seasca-anuas\/","og_site_name":"Supervalu TidyTowns","article_modified_time":"2026-03-23T14:38:35+00:00","og_image":[{"url":"https:\/\/www.tidytowns.ie\/app\/uploads\/2026\/03\/2L4A3150-1024x683.jpg","type":"","width":"","height":""}],"twitter_card":"summary_large_image","twitter_misc":{"Est. reading time":"3 minutes"},"schema":{"@context":"https:\/\/schema.org","@graph":[{"@type":"WebPage","@id":"https:\/\/www.tidytowns.ie\/ga\/about-us\/news\/seolann-an-taire-dara-callearycomortas-bhailte-slachtmhara-supervalu-2026ag-ceiliuradh-iarrachtai-comhshaoil-agus-pobaille-hocht-mbliana-is-seasca-anuas\/","url":"https:\/\/www.tidytowns.ie\/ga\/about-us\/news\/seolann-an-taire-dara-callearycomortas-bhailte-slachtmhara-supervalu-2026ag-ceiliuradh-iarrachtai-comhshaoil-agus-pobaille-hocht-mbliana-is-seasca-anuas\/","name":"Seolann an tAire Dara CallearyCom\u00f3rtas Bhailte Slachtmhara SuperValu 2026ag ceili\u00faradh iarrachta\u00ed comhshaoil agus pobaille hocht mbliana is seasca anuas - Supervalu TidyTowns","isPartOf":{"@id":"https:\/\/www.tidytowns.ie\/#website"},"primaryImageOfPage":{"@id":"https:\/\/www.tidytowns.ie\/ga\/about-us\/news\/seolann-an-taire-dara-callearycomortas-bhailte-slachtmhara-supervalu-2026ag-ceiliuradh-iarrachtai-comhshaoil-agus-pobaille-hocht-mbliana-is-seasca-anuas\/#primaryimage"},"image":{"@id":"https:\/\/www.tidytowns.ie\/ga\/about-us\/news\/seolann-an-taire-dara-callearycomortas-bhailte-slachtmhara-supervalu-2026ag-ceiliuradh-iarrachtai-comhshaoil-agus-pobaille-hocht-mbliana-is-seasca-anuas\/#primaryimage"},"thumbnailUrl":"https:\/\/www.tidytowns.ie\/app\/uploads\/2026\/03\/2L4A3150-1024x683.jpg","datePublished":"2026-03-23T10:17:43+00:00","dateModified":"2026-03-23T14:38:35+00:00","breadcrumb":{"@id":"https:\/\/www.tidytowns.ie\/ga\/about-us\/news\/seolann-an-taire-dara-callearycomortas-bhailte-slachtmhara-supervalu-2026ag-ceiliuradh-iarrachtai-comhshaoil-agus-pobaille-hocht-mbliana-is-seasca-anuas\/#breadcrumb"},"inLanguage":"ga-IE","potentialAction":[{"@type":"ReadAction","target":["https:\/\/www.tidytowns.ie\/ga\/about-us\/news\/seolann-an-taire-dara-callearycomortas-bhailte-slachtmhara-supervalu-2026ag-ceiliuradh-iarrachtai-comhshaoil-agus-pobaille-hocht-mbliana-is-seasca-anuas\/"]}]},{"@type":"ImageObject","inLanguage":"ga-IE","@id":"https:\/\/www.tidytowns.ie\/ga\/about-us\/news\/seolann-an-taire-dara-callearycomortas-bhailte-slachtmhara-supervalu-2026ag-ceiliuradh-iarrachtai-comhshaoil-agus-pobaille-hocht-mbliana-is-seasca-anuas\/#primaryimage","url":"https:\/\/www.tidytowns.ie\/app\/uploads\/2026\/03\/2L4A3150-1024x683.jpg","contentUrl":"https:\/\/www.tidytowns.ie\/app\/uploads\/2026\/03\/2L4A3150-1024x683.jpg"},{"@type":"BreadcrumbList","@id":"https:\/\/www.tidytowns.ie\/ga\/about-us\/news\/seolann-an-taire-dara-callearycomortas-bhailte-slachtmhara-supervalu-2026ag-ceiliuradh-iarrachtai-comhshaoil-agus-pobaille-hocht-mbliana-is-seasca-anuas\/#breadcrumb","itemListElement":[{"@type":"ListItem","position":1,"name":"Home","item":"https:\/\/www.tidytowns.ie\/ga\/"},{"@type":"ListItem","position":2,"name":"Maidir Linne","item":"https:\/\/www.tidytowns.ie\/ga\/about-us\/"},{"@type":"ListItem","position":3,"name":"Naucht","item":"https:\/\/tidytowns.fusio2.com\/ga\/about-us\/news\/"},{"@type":"ListItem","position":4,"name":"Seolann an tAire Dara CallearyCom\u00f3rtas Bhailte Slachtmhara SuperValu 2026ag ceili\u00faradh iarrachta\u00ed comhshaoil agus pobaille hocht mbliana is seasca anuas"}]},{"@type":"WebSite","@id":"https:\/\/www.tidytowns.ie\/#website","url":"https:\/\/www.tidytowns.ie\/","name":"Supervalu TidyTowns","description":"","potentialAction":[{"@type":"SearchAction","target":{"@type":"EntryPoint","urlTemplate":"https:\/\/www.tidytowns.ie\/?s={search_term_string}"},"query-input":{"@type":"PropertyValueSpecification","valueRequired":true,"valueName":"search_term_string"}}],"inLanguage":"ga-IE"}]}},"spectra_custom_meta":{"_edit_lock":["1774277125:3"],"_relevanssi_related_posts":["259,248,237,263"],"_wpml_word_count":["735"],"_edit_last":["3"],"_wp_page_template":[""],"_wpml_media_duplicate":["1"],"_wpml_media_featured":["1"],"_last_translation_edit_mode":["native-editor"],"_yoast_wpseo_content_score":["30"],"_yoast_wpseo_estimated-reading-time-minutes":["3"],"_oembed_41fb953ed1c18b3780ee193a8de30f80":["<iframe title=\"TidyTowns Adjudicator recruitment\" width=\"500\" height=\"281\" src=\"https:\/\/www.youtube.com\/embed\/yJF8v3KdOt4?feature=oembed\" frameborder=\"0\" allow=\"accelerometer; autoplay; clipboard-write; encrypted-media; gyroscope; picture-in-picture; web-share\" referrerpolicy=\"strict-origin-when-cross-origin\" allowfullscreen><\/iframe>"],"_oembed_time_41fb953ed1c18b3780ee193a8de30f80":["1774986877"],"_oembed_74a8fa6747369b319bb7d9d912c814d8":["<iframe title=\"SuperValu TidyTowns Competition - Preparing your Submission\" width=\"500\" height=\"281\" src=\"https:\/\/www.youtube.com\/embed\/1SQmsNzFGX4?feature=oembed\" frameborder=\"0\" allow=\"accelerometer; autoplay; clipboard-write; encrypted-media; gyroscope; picture-in-picture; web-share\" referrerpolicy=\"strict-origin-when-cross-origin\" allowfullscreen><\/iframe>"],"_oembed_time_74a8fa6747369b319bb7d9d912c814d8":["1775860446"]},"uagb_featured_image_src":{"full":false,"thumbnail":false,"medium":false,"medium_large":false,"large":false,"1536x1536":false,"2048x2048":false},"uagb_author_info":{"display_name":"Mat May","author_link":"https:\/\/www.tidytowns.ie\/ga\/author\/mat\/"},"uagb_comment_info":0,"uagb_excerpt":"23 M\u00e1rta 2026 Inniu, an 23 M\u00e1rta, sheol an tAire Forbartha Tuaithe agus Pobail agus Gaeltachta, Dara Calleary TD, in \u00e9ineacht le Sti\u00farth\u00f3ir Bainist\u00edochta SuperValu, an tUasal Luke Hanlon, com\u00f3rtas Bhailte Slachtmhara SuperValu 2026. T\u00e1 an com\u00f3rtas, at\u00e1 \u00e1 re\u00e1cht\u00e1il \u00f3 1958 i leith, faoi riar an Roinn Forbartha Tuaithe agus Pobail agus Gaeltachta agus&hellip;","_links":{"self":[{"href":"https:\/\/www.tidytowns.ie\/ga\/wp-json\/wp\/v2\/pages\/27970","targetHints":{"allow":["GET"]}}],"collection":[{"href":"https:\/\/www.tidytowns.ie\/ga\/wp-json\/wp\/v2\/pages"}],"about":[{"href":"https:\/\/www.tidytowns.ie\/ga\/wp-json\/wp\/v2\/types\/page"}],"author":[{"embeddable":true,"href":"https:\/\/www.tidytowns.ie\/ga\/wp-json\/wp\/v2\/users\/3"}],"replies":[{"embeddable":true,"href":"https:\/\/www.tidytowns.ie\/ga\/wp-json\/wp\/v2\/comments?post=27970"}],"version-history":[{"count":2,"href":"https:\/\/www.tidytowns.ie\/ga\/wp-json\/wp\/v2\/pages\/27970\/revisions"}],"predecessor-version":[{"id":27999,"href":"https:\/\/www.tidytowns.ie\/ga\/wp-json\/wp\/v2\/pages\/27970\/revisions\/27999"}],"up":[{"embeddable":true,"href":"https:\/\/www.tidytowns.ie\/ga\/wp-json\/wp\/v2\/pages\/393"}],"wp:attachment":[{"href":"https:\/\/www.tidytowns.ie\/ga\/wp-json\/wp\/v2\/media?parent=27970"}],"curies":[{"name":"wp","href":"https:\/\/api.w.org\/{rel}","templated":true}]}}